{"id":387,"date":"2026-01-03T18:42:56","date_gmt":"2026-01-03T18:42:56","guid":{"rendered":"https:\/\/simak-keramika.si\/?page_id=387"},"modified":"2026-02-21T14:22:43","modified_gmt":"2026-02-21T14:22:43","slug":"o-nas","status":"publish","type":"page","link":"https:\/\/simak-keramika.si\/hr\/o-nas\/","title":{"rendered":"O nama"},"content":{"rendered":"<div data-elementor-type=\"wp-page\" data-elementor-id=\"387\" class=\"elementor elementor-387\" data-elementor-post-type=\"page\">\n\t\t\t\t<div class=\"elementor-element elementor-element-7874676 e-con-full e-flex e-con e-parent\" data-id=\"7874676\" data-element_type=\"container\" data-e-type=\"container\">\n\t\t\t\t<div class=\"elementor-element elementor-element-6b2b5bc elementor-widget elementor-widget-html\" data-id=\"6b2b5bc\" data-element_type=\"widget\" data-e-type=\"widget\" data-widget_type=\"html.default\">\n\t\t\t\t<div class=\"elementor-widget-container\">\n\t\t\t\t\t<!-- SIMAK Keramika - O nas stran za WordPress -->\r\n<!-- Prilepi to kodo v HTML widget -->\r\n\r\n<div class=\"simak-onas\">\r\n<style>\r\n\/* Google Fonts - Ensure font is available *\/\r\n@import url('https:\/\/fonts.googleapis.com\/css2?family=Inter:wght@400;500;600;700&display=swap');\r\n\r\n\/* O nas page styles scoped to wrapper *\/\r\n.simak-onas {\r\n  font-family: 'Inter', system-ui, -apple-system, BlinkMacSystemFont, 'Segoe UI', Roboto, sans-serif;\r\n  color: #1e293b;\r\n  line-height: 1.6;\r\n  -webkit-font-smoothing: antialiased;\r\n  -moz-osx-font-smoothing: grayscale;\r\n  width: 100%;\r\n  --simak-primary: #ff2d8c;\r\n}\r\n\r\n.simak-onas *,\r\n.simak-onas *::before,\r\n.simak-onas *::after {\r\n  box-sizing: border-box;\r\n  margin: 0;\r\n  padding: 0;\r\n}\r\n\r\n.simak-onas .simak-onas-container {\r\n  max-width: 1280px;\r\n  margin: 0 auto;\r\n  padding: 0 1rem;\r\n}\r\n\r\n@media (min-width: 640px) {\r\n  .simak-onas .simak-onas-container {\r\n    padding: 0 1.5rem;\r\n  }\r\n}\r\n\r\n@media (min-width: 1024px) {\r\n  .simak-onas .simak-onas-container {\r\n    padding: 0 2rem;\r\n  }\r\n}\r\n\r\n\/* Main section *\/\r\n.simak-onas .simak-onas-section {\r\n  padding: 3rem 0 4rem;\r\n}\r\n\r\n@media (min-width: 1024px) {\r\n  .simak-onas .simak-onas-section {\r\n    padding: 4rem 0;\r\n  }\r\n}\r\n\r\n\/* Hero Grid *\/\r\n.simak-onas .simak-onas-hero-grid {\r\n  display: grid;\r\n  gap: 3rem;\r\n  align-items: center;\r\n  margin-bottom: 4rem;\r\n}\r\n\r\n@media (min-width: 1024px) {\r\n  .simak-onas .simak-onas-hero-grid {\r\n    grid-template-columns: 1fr 1fr;\r\n  }\r\n}\r\n\r\n\/* Image *\/\r\n.simak-onas .simak-onas-image-wrap {\r\n  position: relative;\r\n}\r\n\r\n.simak-onas .simak-onas-image-container {\r\n  aspect-ratio: 4\/3;\r\n  border-radius: 1rem;\r\n  overflow: hidden;\r\n  box-shadow: 0 25px 50px -12px rgba(0, 0, 0, 0.25);\r\n}\r\n\r\n.simak-onas .simak-onas-image {\r\n  width: 100%;\r\n  height: 100%;\r\n  object-fit: cover;\r\n}\r\n\r\n\/* Text content *\/\r\n.simak-onas .simak-onas-subtitle {\r\n  color: var(--simak-primary);\r\n  font-weight: 600;\r\n  margin-bottom: 0.5rem;\r\n  font-size: 1rem;\r\n}\r\n\r\n.simak-onas .simak-onas-title {\r\n  font-size: 1.5rem;\r\n  font-weight: 700;\r\n  color: #1e293b;\r\n  margin-bottom: 1.5rem;\r\n  line-height: 1.3;\r\n}\r\n\r\n@media (min-width: 640px) {\r\n  .simak-onas .simak-onas-title {\r\n    font-size: 1.875rem;\r\n  }\r\n}\r\n\r\n.simak-onas .simak-onas-text {\r\n  display: flex;\r\n  flex-direction: column;\r\n  gap: 1rem;\r\n}\r\n\r\n.simak-onas .simak-onas-text p {\r\n  color: #64748b;\r\n  font-size: 1rem;\r\n  line-height: 1.7;\r\n}\r\n\r\n\/* Trust badges *\/\r\n.simak-onas .simak-onas-badges {\r\n  display: flex;\r\n  flex-wrap: wrap;\r\n  align-items: center;\r\n  gap: 1rem;\r\n  margin-top: 2rem;\r\n}\r\n\r\n.simak-onas .simak-onas-badge {\r\n  display: inline-flex;\r\n  align-items: center;\r\n  gap: 0.5rem;\r\n  background: #fff;\r\n  border: 1px solid #e2e8f0;\r\n  padding: 0.625rem 1rem;\r\n  border-radius: 0.5rem;\r\n  text-decoration: none;\r\n  transition: all 0.2s;\r\n}\r\n\r\n.simak-onas .simak-onas-badge:hover {\r\n  border-color: var(--simak-primary);\r\n  box-shadow: 0 4px 12px rgba(0, 0, 0, 0.1);\r\n}\r\n\r\n.simak-onas .simak-onas-badge-text {\r\n  font-size: 0.875rem;\r\n  color: #1e293b;\r\n}\r\n\r\n.simak-onas .simak-onas-badge-stars {\r\n  display: flex;\r\n  align-items: center;\r\n  gap: 2px;\r\n}\r\n\r\n.simak-onas .simak-onas-star {\r\n  width: 14px;\r\n  height: 14px;\r\n  fill: #f59e0b;\r\n  color: #f59e0b;\r\n}\r\n\r\n.simak-onas .simak-onas-star-half {\r\n  fill: rgba(245, 158, 11, 0.7);\r\n  color: rgba(245, 158, 11, 0.7);\r\n}\r\n\r\n.simak-onas .simak-onas-badge-score {\r\n  font-weight: 600;\r\n  font-size: 0.875rem;\r\n  color: #1e293b;\r\n}\r\n\r\n.simak-onas .simak-onas-badge-logo {\r\n  height: 20px;\r\n  width: auto;\r\n}\r\n\r\n\/* Stats *\/\r\n.simak-onas .simak-onas-stats {\r\n  display: grid;\r\n  grid-template-columns: repeat(2, 1fr);\r\n  gap: 1.5rem;\r\n  margin-bottom: 4rem;\r\n}\r\n\r\n@media (min-width: 1024px) {\r\n  .simak-onas .simak-onas-stats {\r\n    grid-template-columns: repeat(4, 1fr);\r\n  }\r\n}\r\n\r\n.simak-onas .simak-onas-stat {\r\n  background: var(--simak-primary);\r\n  color: #fff;\r\n  padding: 1.5rem;\r\n  border-radius: 0.75rem;\r\n  text-align: center;\r\n}\r\n\r\n.simak-onas .simak-onas-stat-value {\r\n  font-size: 1.875rem;\r\n  font-weight: 700;\r\n  margin-bottom: 0.5rem;\r\n}\r\n\r\n@media (min-width: 1024px) {\r\n  .simak-onas .simak-onas-stat-value {\r\n    font-size: 2.25rem;\r\n  }\r\n}\r\n\r\n.simak-onas .simak-onas-stat-label {\r\n  font-size: 0.875rem;\r\n  opacity: 0.9;\r\n}\r\n\r\n\/* Features *\/\r\n.simak-onas .simak-onas-features {\r\n  margin-bottom: 4rem;\r\n}\r\n\r\n.simak-onas .simak-onas-features-title {\r\n  font-size: 1.5rem;\r\n  font-weight: 700;\r\n  color: #1e293b;\r\n  text-align: center;\r\n  margin-bottom: 2.5rem;\r\n}\r\n\r\n@media (min-width: 640px) {\r\n  .simak-onas .simak-onas-features-title {\r\n    font-size: 1.875rem;\r\n  }\r\n}\r\n\r\n.simak-onas .simak-onas-features-grid {\r\n  display: grid;\r\n  gap: 1.5rem;\r\n}\r\n\r\n@media (min-width: 640px) {\r\n  .simak-onas .simak-onas-features-grid {\r\n    grid-template-columns: repeat(2, 1fr);\r\n  }\r\n}\r\n\r\n@media (min-width: 1024px) {\r\n  .simak-onas .simak-onas-features-grid {\r\n    grid-template-columns: repeat(4, 1fr);\r\n  }\r\n}\r\n\r\n.simak-onas .simak-onas-feature {\r\n  background: rgba(241, 245, 249, 0.5);\r\n  padding: 1.5rem;\r\n  border-radius: 0.75rem;\r\n}\r\n\r\n.simak-onas .simak-onas-feature-icon {\r\n  width: 48px;\r\n  height: 48px;\r\n  border-radius: 0.5rem;\r\n  background: rgba(255, 45, 140, 0.1); \r\n  display: flex;\r\n  align-items: center;\r\n  justify-content: center;\r\n  margin-bottom: 1rem;\r\n}\r\n\r\n.simak-onas .simak-onas-feature-icon svg {\r\n  width: 24px;\r\n  height: 24px;\r\n  color: var(--simak-primary);\r\n}\r\n\r\n.simak-onas .simak-onas-feature-title {\r\n  font-weight: 600;\r\n  color: #1e293b;\r\n  margin-bottom: 0.5rem;\r\n  font-size: 1rem;\r\n  display: block; \/* Ensure it behaves like a heading block *\/\r\n}\r\n\r\n.simak-onas .simak-onas-feature-desc {\r\n  font-size: 0.875rem;\r\n  color: #64748b;\r\n  line-height: 1.6;\r\n}\r\n\r\n\/* CTA *\/\r\n.simak-onas .simak-onas-cta {\r\n  background: var(--simak-primary);\r\n  color: #fff;\r\n  border-radius: 1rem;\r\n  padding: 2rem;\r\n  text-align: center;\r\n}\r\n\r\n@media (min-width: 1024px) {\r\n  .simak-onas .simak-onas-cta {\r\n    padding: 3rem;\r\n  }\r\n}\r\n\r\n.simak-onas .simak-onas-cta-title {\r\n  font-size: 1.5rem;\r\n  font-weight: 700;\r\n  margin-bottom: 1rem;\r\n}\r\n\r\n@media (min-width: 1024px) {\r\n  .simak-onas .simak-onas-cta-title {\r\n    font-size: 1.875rem;\r\n  }\r\n}\r\n\r\n.simak-onas .simak-onas-cta-text {\r\n  opacity: 0.9;\r\n  max-width: 640px;\r\n  margin: 0 auto 2rem;\r\n  font-size: 1rem;\r\n  line-height: 1.6;\r\n}\r\n\r\n.simak-onas .simak-onas-cta-buttons {\r\n  display: flex;\r\n  flex-wrap: wrap;\r\n  justify-content: center;\r\n  gap: 1rem;\r\n}\r\n\r\n.simak-onas .simak-onas-cta-btn {\r\n  display: inline-flex;\r\n  align-items: center;\r\n  gap: 0.5rem;\r\n  background: #fff;\r\n  color: #1e293b;\r\n  padding: 0.75rem 1.5rem;\r\n  border-radius: 0.5rem;\r\n  font-weight: 600;\r\n  font-size: 1rem;\r\n  text-decoration: none;\r\n  transition: all 0.2s;\r\n  border: none;\r\n  cursor: pointer;\r\n}\r\n\r\n.simak-onas .simak-onas-cta-btn:hover {\r\n  background: #f1f5f9;\r\n  transform: translateY(-1px);\r\n}\r\n\r\n.simak-onas .simak-onas-cta-btn svg {\r\n  width: 16px;\r\n  height: 16px;\r\n}\r\n<\/style>\r\n\r\n  <section class=\"simak-onas-section\">\r\n    <div class=\"simak-onas-container\">\r\n      \r\n      <!-- Hero Grid -->\r\n      <div class=\"simak-onas-hero-grid\">\r\n        <!-- Image -->\r\n        <div class=\"simak-onas-image-wrap\">\r\n          <div class=\"simak-onas-image-container\">\r\n            <img loading=\"lazy\" decoding=\"async\" \r\n              src=\"https:\/\/simak-keramika.si\/wp-content\/uploads\/2026\/02\/1771354745557-mjpfy5bmn8p.jpeg\" \r\n              alt=\"SIMAK Keramika izlo\u017ebeni salon\"\r\n              class=\"simak-onas-image\"\r\n              width=\"800\"\r\n              height=\"600\"\r\n            \/>\r\n          <\/div>\r\n        <\/div>\r\n\r\n        <!-- Text -->\r\n        <div>\r\n          <p class=\"simak-onas-subtitle\">Na\u0161a zgodba<\/p>\r\n          <h2 class=\"simak-onas-title\">Va\u0161 pouzdan partner za keramiku<\/h2>\r\n          <div class=\"simak-onas-text\">\r\n            <p>\r\n              SIMAK KERAMIKA je sinonim za kakovost in celovite re\u0161itve. \r\n              Specializirani smo za kopalnice na klju\u010d, prodajo keramike in strokovno svetovanje.\r\n            <\/p>\r\n            <p>\r\n              V na\u0161ih razstavnih salonih na \u0161tirih lokacijah po Sloveniji najdete ve\u010d kot \r\n              300 modelov keramike in ve\u010d kot 100.000 m\u00b2 zaloge. Na\u0161i strokovnjaki vam \r\n              bodo z veseljem svetovali pri izbiri.\r\n            <\/p>\r\n            <p>\r\n              Na\u0161a prednost je, da uva\u017eamo keramiko neposredno od proizvajalcev, kar nam omogo\u010da, \r\n              da vam ponudimo najni\u017eje cene na trgu. Poleg tega nudimo tudi brezpla\u010dno svetovanje \r\n              in pomo\u010d pri na\u010drtovanju va\u0161e kopalnice ali drugih prostorov.\r\n            <\/p>\r\n          <\/div>\r\n\r\n          <!-- Trust badges -->\r\n          <div class=\"simak-onas-badges\">\r\n            <a href=\"https:\/\/g.page\/simak-keramika\" target=\"_blank\" rel=\"noopener noreferrer\" class=\"simak-onas-badge\" aria-label=\"Google ocjena\">\r\n              <svg class=\"simak-onas-google-icon\" width=\"20\" height=\"20\" viewbox=\"0 0 24 24\">\r\n                <path fill=\"#4285F4\" d=\"M22.56 12.25c0-.78-.07-1.53-.2-2.25H12v4.26h5.92c-.26 1.37-1.04 2.53-2.21 3.31v2.77h3.57c2.08-1.92 3.28-4.74 3.28-8.09z\"\/>\r\n                <path fill=\"#34A853\" d=\"M12 23c2.97 0 5.46-.98 7.28-2.66l-3.57-2.77c-.98.66-2.23 1.06-3.71 1.06-2.86 0-5.29-1.93-6.16-4.53H2.18v2.84C3.99 20.53 7.7 23 12 23z\"\/>\r\n                <path fill=\"#FBBC05\" d=\"M5.84 14.09c-.22-.66-.35-1.36-.35-2.09s.13-1.43.35-2.09V7.07H2.18C1.43 8.55 1 10.22 1 12s.43 3.45 1.18 4.93l2.85-2.22.81-.62z\"\/>\r\n                <path fill=\"#EA4335\" d=\"M12 5.38c1.62 0 3.06.56 4.21 1.64l3.15-3.15C17.45 2.09 14.97 1 12 1 7.7 1 3.99 3.47 2.18 7.07l3.66 2.84c.87-2.6 3.3-4.53 6.16-4.53z\"\/>\r\n              <\/svg>\r\n              <span class=\"simak-onas-badge-text\">Google ocjena:<\/span>\r\n              <div class=\"simak-onas-badge-stars\">\r\n                <svg class=\"simak-onas-star\" viewbox=\"0 0 24 24\"><polygon fill=\"currentColor\" points=\"12 2 15.09 8.26 22 9.27 17 14.14 18.18 21.02 12 17.77 5.82 21.02 7 14.14 2 9.27 8.91 8.26 12 2\"\/><\/svg>\r\n                <svg class=\"simak-onas-star\" viewbox=\"0 0 24 24\"><polygon fill=\"currentColor\" points=\"12 2 15.09 8.26 22 9.27 17 14.14 18.18 21.02 12 17.77 5.82 21.02 7 14.14 2 9.27 8.91 8.26 12 2\"\/><\/svg>\r\n                <svg class=\"simak-onas-star\" viewbox=\"0 0 24 24\"><polygon fill=\"currentColor\" points=\"12 2 15.09 8.26 22 9.27 17 14.14 18.18 21.02 12 17.77 5.82 21.02 7 14.14 2 9.27 8.91 8.26 12 2\"\/><\/svg>\r\n                <svg class=\"simak-onas-star\" viewbox=\"0 0 24 24\"><polygon fill=\"currentColor\" points=\"12 2 15.09 8.26 22 9.27 17 14.14 18.18 21.02 12 17.77 5.82 21.02 7 14.14 2 9.27 8.91 8.26 12 2\"\/><\/svg>\r\n                <svg class=\"simak-onas-star simak-onas-star-half\" viewbox=\"0 0 24 24\"><polygon fill=\"currentColor\" points=\"12 2 15.09 8.26 22 9.27 17 14.14 18.18 21.02 12 17.77 5.82 21.02 7 14.14 2 9.27 8.91 8.26 12 2\"\/><\/svg>\r\n              <\/div>\r\n              <span class=\"simak-onas-badge-score\">4,7<\/span>\r\n            <\/a>\r\n\r\n            <a href=\"https:\/\/www.radiocapris.si\" target=\"_blank\" rel=\"noopener noreferrer\" class=\"simak-onas-badge\" aria-label=\"O nama su pisali - Radio Capris\">\r\n              <span class=\"simak-onas-badge-text\">O nama su pisali<\/span>\r\n              <img decoding=\"async\" \r\n                src=\"https:\/\/www.plac-priloznosti.si\/wp-content\/uploads\/2024\/09\/Radio-Capris_logotip_RGB-moder-02.png\" \r\n                alt=\"\" \r\n                class=\"simak-onas-badge-logo\"\r\n                width=\"100\"\r\n                height=\"26\"\r\n              \/>\r\n            <\/a>\r\n          <\/div>\r\n        <\/div>\r\n      <\/div>\r\n\r\n      <!-- Stats -->\r\n      <div class=\"simak-onas-stats\">\r\n        <div class=\"simak-onas-stat\">\r\n          <div class=\"simak-onas-stat-value\">90.000 +<\/div>\r\n          <div class=\"simak-onas-stat-label\">zadovoljnih klijenata<\/div>\r\n        <\/div>\r\n        <div class=\"simak-onas-stat\">\r\n          <div class=\"simak-onas-stat-value\">300+<\/div>\r\n          <div class=\"simak-onas-stat-label\">modela na skladi\u0161tu<\/div>\r\n        <\/div>\r\n        <div class=\"simak-onas-stat\">\r\n          <div class=\"simak-onas-stat-value\">100.000<\/div>\r\n          <div class=\"simak-onas-stat-label\">m\u00b2 na skladi\u0161tu<\/div>\r\n        <\/div>\r\n        <div class=\"simak-onas-stat\">\r\n          <div class=\"simak-onas-stat-value\">4<\/div>\r\n          <div class=\"simak-onas-stat-label\">lokacije diljem Slovenije<\/div>\r\n        <\/div>\r\n      <\/div>\r\n\r\n      <!-- Features -->\r\n      <div class=\"simak-onas-features\">\r\n        <h2 class=\"simak-onas-features-title\">Zakaj izbrati nas?<\/h2>\r\n        <div class=\"simak-onas-features-grid\">\r\n          \r\n          <div class=\"simak-onas-feature\">\r\n            <div class=\"simak-onas-feature-icon\">\r\n              <svg xmlns=\"http:\/\/www.w3.org\/2000\/svg\" viewbox=\"0 0 24 24\" fill=\"none\" stroke=\"currentColor\" stroke-width=\"2\" stroke-linecap=\"round\" stroke-linejoin=\"round\">\r\n                <path d=\"M16 21v-2a4 4 0 0 0-4-4H6a4 4 0 0 0-4 4v2\"\/>\r\n                <circle cx=\"9\" cy=\"7\" r=\"4\"\/>\r\n                <path d=\"M22 21v-2a4 4 0 0 0-3-3.87\"\/>\r\n                <path d=\"M16 3.13a4 4 0 0 1 0 7.75\"\/>\r\n              <\/svg>\r\n            <\/div>\r\n            <h3 class=\"simak-onas-feature-title\">Stru\u010dno savjetovanje<\/h3>\r\n            <p class=\"simak-onas-feature-desc\">Na\u0161i strokovnjaki vam pomagajo izbrati pravo keramiko za va\u0161 prostor. Z veseljem vam svetujemo pri izbiri materialov in barv.<\/p>\r\n          <\/div>\r\n          \r\n          <div class=\"simak-onas-feature\">\r\n            <div class=\"simak-onas-feature-icon\">\r\n              <svg xmlns=\"http:\/\/www.w3.org\/2000\/svg\" viewbox=\"0 0 24 24\" fill=\"none\" stroke=\"currentColor\" stroke-width=\"2\" stroke-linecap=\"round\" stroke-linejoin=\"round\">\r\n                <circle cx=\"12\" cy=\"8\" r=\"6\"\/>\r\n                <path d=\"M15.477 12.89 17 22l-5-3-5 3 1.523-9.11\"\/>\r\n              <\/svg>\r\n            <\/div>\r\n            <h3 class=\"simak-onas-feature-title\">Jamstvo najni\u017eih cijena<\/h3>\r\n            <p class=\"simak-onas-feature-desc\">Garantiramo najugodnej\u0161e cene keramike v Sloveniji. \u010ce najdete ceneje, vam vrnemo razliko.<\/p>\r\n          <\/div>\r\n          \r\n          <div class=\"simak-onas-feature\">\r\n            <div class=\"simak-onas-feature-icon\">\r\n              <svg xmlns=\"http:\/\/www.w3.org\/2000\/svg\" viewbox=\"0 0 24 24\" fill=\"none\" stroke=\"currentColor\" stroke-width=\"2\" stroke-linecap=\"round\" stroke-linejoin=\"round\">\r\n                <path d=\"M14 18V6a2 2 0 0 0-2-2H4a2 2 0 0 0-2 2v11a1 1 0 0 0 1 1h2\"\/>\r\n                <path d=\"M15 18H9\"\/>\r\n                <path d=\"M19 18h2a1 1 0 0 0 1-1v-3.65a1 1 0 0 0-.22-.624l-3.48-4.35A1 1 0 0 0 17.52 8H14\"\/>\r\n                <circle cx=\"17\" cy=\"18\" r=\"2\"\/>\r\n                <circle cx=\"7\" cy=\"18\" r=\"2\"\/>\r\n              <\/svg>\r\n            <\/div>\r\n            <h3 class=\"simak-onas-feature-title\">Dostava u odabranu poslovnicu<\/h3>\r\n            <p class=\"simak-onas-feature-desc\">Nudimo hitro in zanesljivo dostavo va\u0161ih izbranih plo\u0161\u010dic neposredno v eno izmed na\u0161ih \u0161tirih poslovalnic po Sloveniji.<\/p>\r\n          <\/div>\r\n          \r\n          <div class=\"simak-onas-feature\">\r\n            <div class=\"simak-onas-feature-icon\">\r\n              <svg xmlns=\"http:\/\/www.w3.org\/2000\/svg\" viewbox=\"0 0 24 24\" fill=\"none\" stroke=\"currentColor\" stroke-width=\"2\" stroke-linecap=\"round\" stroke-linejoin=\"round\">\r\n                <path d=\"M14.7 6.3a1 1 0 0 0 0 1.4l1.6 1.6a1 1 0 0 0 1.4 0l3.77-3.77a6 6 0 0 1-7.94 7.94l-6.91 6.91a2.12 2.12 0 0 1-3-3l6.91-6.91a6 6 0 0 1 7.94-7.94l-3.76 3.76z\"\/>\r\n              <\/svg>\r\n            <\/div>\r\n            <h3 class=\"simak-onas-feature-title\">Sve za polaganje<\/h3>\r\n            <p class=\"simak-onas-feature-desc\">V ponudbi imamo vse potrebne materiale za polaganje - lepila, fugirne mase, kri\u017ee, profile in orodja.<\/p>\r\n          <\/div>\r\n          \r\n        <\/div>\r\n      <\/div>\r\n\r\n      <!-- CTA -->\r\n      <div class=\"simak-onas-cta\">\r\n        <h2 class=\"simak-onas-cta-title\">Obi\u0161\u010dite nas v enem od razstavnih salonov<\/h2>\r\n        <p class=\"simak-onas-cta-text\">\r\n          Na \u0161tirih lokacijah po Sloveniji vas \u010daka ve\u010d kot 300 modelov keramike. \r\n          Na\u0161i strokovnjaki vam bodo z veseljem svetovali.\r\n        <\/p>\r\n        <div class=\"simak-onas-cta-buttons\">\r\n          <a href=\"\/hr\/lokacije\/\" class=\"simak-onas-cta-btn\">\r\n            <svg xmlns=\"http:\/\/www.w3.org\/2000\/svg\" viewbox=\"0 0 24 24\" fill=\"none\" stroke=\"currentColor\" stroke-width=\"2\" stroke-linecap=\"round\" stroke-linejoin=\"round\">\r\n              <path d=\"M20 10c0 6-8 12-8 12s-8-6-8-12a8 8 0 0 1 16 0Z\"\/>\r\n              <circle cx=\"12\" cy=\"10\" r=\"3\"\/>\r\n            <\/svg>\r\n            Na\u0161e lokacije\r\n          <\/a>\r\n          <a href=\"tel:040892888\" class=\"simak-onas-cta-btn\">\r\n            <svg xmlns=\"http:\/\/www.w3.org\/2000\/svg\" viewbox=\"0 0 24 24\" fill=\"none\" stroke=\"currentColor\" stroke-width=\"2\" stroke-linecap=\"round\" stroke-linejoin=\"round\">\r\n              <path d=\"M22 16.92v3a2 2 0 0 1-2.18 2 19.79 19.79 0 0 1-8.63-3.07 19.5 19.5 0 0 1-6-6 19.79 19.79 0 0 1-3.07-8.67A2 2 0 0 1 4.11 2h3a2 2 0 0 1 2 1.72 12.84 12.84 0 0 0 .7 2.81 2 2 0 0 1-.45 2.11L8.09 9.91a16 16 0 0 0 6 6l1.27-1.27a2 2 0 0 1 2.11-.45 12.84 12.84 0 0 0 2.81.7A2 2 0 0 1 22 16.92z\"\/>\r\n            <\/svg>\r\n            Pokli\u010dite nas\r\n          <\/a>\r\n        <\/div>\r\n      <\/div>\r\n\r\n    <\/div>\r\n  <\/section>\r\n<\/div>\t\t\t\t<\/div>\n\t\t\t\t<\/div>\n\t\t\t\t<\/div>\n\t\t\t\t<\/div>","protected":false},"excerpt":{"rendered":"<p>Na\u0161a zgodba Va\u0161 zaupanja vreden partner za keramiko SIMAK KERAMIKA je sinonim za kakovost in celovite re\u0161itve. Specializirani smo za kopalnice na klju\u010d, prodajo keramike in strokovno svetovanje. V na\u0161ih razstavnih salonih na \u0161tirih lokacijah po Sloveniji najdete ve\u010d kot 300 modelov keramike in ve\u010d kot 100.000 m\u00b2 zaloge. Na\u0161i strokovnjaki vam bodo z veseljem [&hellip;]<\/p>\n","protected":false},"author":1,"featured_media":0,"parent":0,"menu_order":0,"comment_status":"closed","ping_status":"closed","template":"","meta":{"inline_featured_image":false,"footnotes":""},"class_list":["post-387","page","type-page","status-publish","hentry"],"_links":{"self":[{"href":"https:\/\/simak-keramika.si\/hr\/wp-json\/wp\/v2\/pages\/387","targetHints":{"allow":["GET"]}}],"collection":[{"href":"https:\/\/simak-keramika.si\/hr\/wp-json\/wp\/v2\/pages"}],"about":[{"href":"https:\/\/simak-keramika.si\/hr\/wp-json\/wp\/v2\/types\/page"}],"author":[{"embeddable":true,"href":"https:\/\/simak-keramika.si\/hr\/wp-json\/wp\/v2\/users\/1"}],"replies":[{"embeddable":true,"href":"https:\/\/simak-keramika.si\/hr\/wp-json\/wp\/v2\/comments?post=387"}],"version-history":[{"count":22,"href":"https:\/\/simak-keramika.si\/hr\/wp-json\/wp\/v2\/pages\/387\/revisions"}],"predecessor-version":[{"id":7128,"href":"https:\/\/simak-keramika.si\/hr\/wp-json\/wp\/v2\/pages\/387\/revisions\/7128"}],"wp:attachment":[{"href":"https:\/\/simak-keramika.si\/hr\/wp-json\/wp\/v2\/media?parent=387"}],"curies":[{"name":"wp","href":"https:\/\/api.w.org\/{rel}","templated":true}]}}