{"id":6477,"date":"2026-02-11T10:16:36","date_gmt":"2026-02-11T10:16:36","guid":{"rendered":"https:\/\/simak-keramika.si\/?page_id=6477"},"modified":"2026-02-11T10:17:31","modified_gmt":"2026-02-11T10:17:31","slug":"politika-privatnosti","status":"publish","type":"page","link":"https:\/\/simak-keramika.si\/hr\/politika-privatnosti\/","title":{"rendered":"Politika privatnosti"},"content":{"rendered":"<div data-elementor-type=\"wp-page\" data-elementor-id=\"6477\" class=\"elementor elementor-6477\" data-elementor-post-type=\"page\">\n\t\t\t\t<div class=\"elementor-element elementor-element-7874676 e-con-full e-flex e-con e-parent\" data-id=\"7874676\" data-element_type=\"container\" data-e-type=\"container\">\n\t\t\t\t<div class=\"elementor-element elementor-element-6b2b5bc elementor-widget elementor-widget-html\" data-id=\"6b2b5bc\" data-element_type=\"widget\" data-e-type=\"widget\" data-widget_type=\"html.default\">\n\t\t\t\t<div class=\"elementor-widget-container\">\n\t\t\t\t\t<!-- SIMAK Keramika - Politika zasebnosti -->\r\n<!-- Prilepite ta HTML v WordPress HTML widget za stran o zasebnosti -->\r\n\r\n<div class=\"simak-legal-page\">\r\n<style>\r\n\/* Google Fonts *\/\r\n@import url('https:\/\/fonts.googleapis.com\/css2?family=Inter:wght@400;500;600;700&display=swap');\r\n\r\n.simak-legal-page {\r\n  --simak-primary: #ff2d8c;\r\n  --simak-primary-hover: #e6287d;\r\n  --simak-bg: #f8fafc;\r\n  --simak-card-bg: #ffffff;\r\n  --simak-text: #1e293b;\r\n  --simak-text-muted: #64748b;\r\n  --simak-border: #e2e8f0;\r\n  --simak-radius: 12px;\r\n  \r\n  font-family: 'Inter', system-ui, -apple-system, sans-serif;\r\n  color: var(--simak-text);\r\n  background-color: var(--simak-bg);\r\n  line-height: 1.7;\r\n  width: 100%;\r\n  padding: 40px 0 80px;\r\n}\r\n\r\n.simak-legal-page * {\r\n  box-sizing: border-box;\r\n}\r\n\r\n.simak-legal-page .simak-container {\r\n  max-width: 900px;\r\n  margin: 0 auto;\r\n  padding: 0 20px;\r\n}\r\n\r\n\/* Page Header *\/\r\n.simak-legal-page .legal-header {\r\n  margin-bottom: 48px;\r\n  text-align: center;\r\n}\r\n\r\n.simak-legal-page .legal-header h1 {\r\n  font-size: 32px;\r\n  font-weight: 800;\r\n  margin-bottom: 16px;\r\n  color: var(--simak-text);\r\n  line-height: 1.2;\r\n}\r\n\r\n.simak-legal-page .last-updated {\r\n  font-size: 14px;\r\n  color: var(--simak-text-muted);\r\n  font-weight: 500;\r\n}\r\n\r\n\/* Content Sections *\/\r\n.simak-legal-page .legal-content {\r\n  background: var(--simak-card-bg);\r\n  padding: 40px;\r\n  border-radius: var(--simak-radius);\r\n  border: 1px solid var(--simak-border);\r\n  box-shadow: 0 4px 6px -1px rgba(0, 0, 0, 0.05);\r\n}\r\n\r\n@media (max-width: 640px) {\r\n  .simak-legal-page .legal-content {\r\n    padding: 24px;\r\n  }\r\n}\r\n\r\n.simak-legal-page h2 {\r\n  font-size: 20px;\r\n  font-weight: 700;\r\n  margin: 32px 0 16px;\r\n  color: var(--simak-text);\r\n  border-left: 4px solid var(--simak-primary);\r\n  padding-left: 16px;\r\n}\r\n\r\n.simak-legal-page h3 {\r\n  font-size: 17px;\r\n  font-weight: 600;\r\n  margin: 24px 0 12px;\r\n  color: var(--simak-text);\r\n}\r\n\r\n.simak-legal-page p {\r\n  margin-bottom: 16px;\r\n}\r\n\r\n.simak-legal-page ul, .simak-legal-page ol {\r\n  margin-bottom: 20px;\r\n  padding-left: 24px;\r\n}\r\n\r\n.simak-legal-page li {\r\n  margin-bottom: 8px;\r\n}\r\n\r\n.simak-legal-page a {\r\n  color: var(--simak-primary);\r\n  text-decoration: none;\r\n  font-weight: 500;\r\n  border-bottom: 1px solid transparent;\r\n  transition: border-color 0.2s;\r\n}\r\n\r\n.simak-legal-page a:hover {\r\n  border-bottom-color: var(--simak-primary);\r\n}\r\n\r\n\/* Contact Box *\/\r\n.simak-legal-page .contact-infobox {\r\n  background: var(--simak-bg);\r\n  border: 1px solid var(--simak-border);\r\n  border-radius: 8px;\r\n  padding: 24px;\r\n  margin-top: 40px;\r\n}\r\n\r\n.simak-legal-page .contact-infobox h4 {\r\n  font-weight: 700;\r\n  margin-bottom: 12px;\r\n}\r\n\r\n\/* Back Button *\/\r\n.simak-legal-page .back-to-top {\r\n  display: inline-flex;\r\n  align-items: center;\r\n  gap: 8px;\r\n  margin-top: 40px;\r\n  font-size: 14px;\r\n  color: var(--simak-text-muted);\r\n  cursor: pointer;\r\n  font-weight: 600;\r\n}\r\n\r\n.simak-legal-page .back-to-top:hover {\r\n  color: var(--simak-primary);\r\n}\r\n<\/style>\r\n\r\n<div class=\"simak-container\">\r\n  <div class=\"legal-header\">\r\n    <h1>Politika privatnosti<\/h1>\r\n    <div class=\"last-updated\">Zadnje a\u017euriranje: 20. velja\u010de 2026.<\/div>\r\n  <\/div>\r\n\r\n  <div class=\"legal-content\">\r\n    <p>U tvrtki SIMAK KERAMIKA d.o.o. cijenimo va\u0161u privatnost, stoga uvijek pa\u017eljivo \u010duvamo va\u0161e podatke. Ova politika privatnosti odre\u0111uje kako prikupljamo, koristimo i \u0161titimo va\u0161e osobne podatke.<\/p>\r\n\r\n    <h2>1. Voditelj obrade osobnih podataka<\/h2>\r\n    <p>Voditelj obrade osobnih podataka je tvrtka:<\/p>\r\n    <p>\r\n      <strong>SIMAK KERAMIKA d.o.o.<\/strong><br>\r\n      Dekani 59B, 6271 Dekani<br>\r\n      E-po\u0161ta: info@simak-keramika.si<br>\r\n      Telefon: 040 892 888\r\n    <\/p>\r\n\r\n    <h2>2. Vrste osobnih podataka koje prikupljamo<\/h2>\r\n    <p>Prikupljamo sljede\u0107e kategorije podataka:<\/p>\r\n    <ul>\r\n      <li><strong>Osnovni kontaktni podaci:<\/strong> Ime, prezime, telefonski broj, adresa e-po\u0161te.<\/li>\r\n      <li><strong>Podaci za izvr\u0161enje narud\u017ebe:<\/strong> Adresa za dostavu, podaci o kupljenim proizvodima, na\u010din pla\u0107anja.<\/li>\r\n      <li><strong>Tehni\u010dki podaci:<\/strong> IP adresa, podaci o ure\u0111aju, operativnom sustavu i pregledniku koji koristite za pristup na\u0161oj web stranici.<\/li>\r\n      <li><strong>Podaci o kori\u0161tenju:<\/strong> Koje stranice posje\u0107ujete i koliko dugo se na njima zadr\u017eavate.<\/li>\r\n    <\/ul>\r\n\r\n    <h2>3. Svrha obrade podataka<\/h2>\r\n    <p>Va\u0161e osobne podatke obra\u0111ujemo za sljede\u0107e svrhe:<\/p>\r\n    <ul>\r\n      <li><strong>Izvr\u0161enje narud\u017ebi:<\/strong> Obrada i dostava naru\u010dene robe te komunikacija u vezi s narud\u017ebom.<\/li>\r\n      <li><strong>Podr\u0161ka korisnicima:<\/strong> Odgovaranje na va\u0161a pitanja putem kontakt obrasca ili e-po\u0161te.<\/li>\r\n      <li><strong>Izravni marketing:<\/strong> Slanje e-novosti i posebnih ponuda, ako ste za to dali izri\u010ditu privolu.<\/li>\r\n      <li><strong>Zakonske obveze:<\/strong> Ispunjavanje obveza u vezi s izdavanjem ra\u010duna i poreznim propisima.<\/li>\r\n      <li><strong>Pobolj\u0161anje usluga:<\/strong> Statisti\u010dka analiza posjeta web stranici za pobolj\u0161anje korisni\u010dkog iskustva.<\/li>\r\n    <\/ul>\r\n\r\n    <h2>4. Pravna osnova za obradu<\/h2>\r\n    <p>Podatke obra\u0111ujemo na temelju:<\/p>\r\n    <ul>\r\n      <li>Sklapanja ili izvr\u0161enja ugovora o kupnji,<\/li>\r\n      <li>Izri\u010dite privole pojedinca,<\/li>\r\n      <li>Zakonitih interesa poduze\u0107a (npr. osiguranje sigurnosti web stranice),<\/li>\r\n      <li>Zakonskih obveza.<\/li>\r\n    <\/ul>\r\n\r\n    <h2>5. Pohrana podataka<\/h2>\r\n    <p>Va\u0161e osobne podatke \u010duvamo samo onoliko dugo koliko je potrebno za ostvarenje svrhe za koju su prikupljeni:<\/p>\r\n    <ul>\r\n      <li>Podaci o ra\u010dunima \u010duvaju se 10 godina u skladu sa zakonodavstvom.<\/li>\r\n      <li>Podaci za marketin\u0161ke svrhe \u010duvaju se do opoziva privole.<\/li>\r\n      <li>Kontaktni podaci za upite \u010duvaju se do rje\u0161avanja komunikacije.<\/li>\r\n    <\/ul>\r\n\r\n    <h2>6. Va\u0161a prava<\/h2>\r\n    <p>U skladu s GDPR-om imate sljede\u0107a prava u vezi s va\u0161im osobnim podacima:<\/p>\r\n    <ul>\r\n      <li>Pravo na pristup podacima,<\/li>\r\n      <li>Pravo na ispravak neto\u010dnih podataka,<\/li>\r\n      <li>Pravo na brisanje podataka (\"pravo na zaborav\"),<\/li>\r\n      <li>Pravo na ograni\u010denje obrade,<\/li>\r\n      <li>Pravo na prenosivost podataka,<\/li>\r\n      <li>Pravo na prigovor obradi.<\/li>\r\n    <\/ul>\r\n\r\n    <h2>7. Kola\u010di\u0107i<\/h2>\r\n    <p>Na\u0161a web stranica koristi kola\u010di\u0107e za pru\u017eanje boljih usluga i korisni\u010dkog iskustva. Vi\u0161e informacija o kola\u010di\u0107ima mo\u017eete prona\u0107i na na\u0161oj stranici za postavke kola\u010di\u0107a.<\/p>\r\n\r\n    <div class=\"contact-infobox\">\r\n      <h4>Ostvarivanje va\u0161ih prava<\/h4>\r\n      <p>Ako \u017eelite ostvariti bilo koje od gore navedenih prava ili imate pitanja u vezi za\u0161tite va\u0161ih podataka, pi\u0161ite nam na:<\/p>\r\n      <p>\r\n        <strong>SIMAK KERAMIKA d.o.o.<\/strong><br>\r\n        E-po\u0161ta: <a href=\"mailto:info@simak-keramika.si\">info@simak-keramika.si<\/a>\r\n      <\/p>\r\n    <\/div>\r\n\r\n    <div class=\"back-to-top\" onclick=\"window.scrollTo({top: 0, behavior: 'smooth'});\">\r\n      <svg width=\"16\" height=\"16\" viewbox=\"0 0 24 24\" fill=\"none\" stroke=\"currentColor\" stroke-width=\"2\" stroke-linecap=\"round\" stroke-linejoin=\"round\"><path d=\"m18 15-6-6-6 6\"\/><\/svg>\r\n      Povratak na vrh\r\n    <\/div>\r\n  <\/div>\r\n<\/div>\r\n<\/div>\t\t\t\t<\/div>\n\t\t\t\t<\/div>\n\t\t\t\t<\/div>\n\t\t\t\t<\/div>","protected":false},"excerpt":{"rendered":"<p>Politika zasebnosti Zadnja posodobitev: 20. februar 2026 V podjetju SIMAK KERAMIKA d.o.o. cenimo va\u0161o zasebnost, zato va\u0161e podatke vedno skrbno varujemo. Ta politika zasebnosti dolo\u010da, kako zbiramo, uporabljamo in \u0161\u010ditimo va\u0161e osebne podatke. 1. Upravljavec osebnih podatkov Upravljavec osebnih podatkov je podjetje: SIMAK KERAMIKA d.o.o. Dekani 59B, 6271 Dekani E-po\u0161ta: info@simak-keramika.si Telefon: 040 892 888 [&hellip;]<\/p>\n","protected":false},"author":1,"featured_media":0,"parent":0,"menu_order":0,"comment_status":"closed","ping_status":"closed","template":"","meta":{"inline_featured_image":false,"footnotes":""},"class_list":["post-6477","page","type-page","status-publish","hentry"],"_links":{"self":[{"href":"https:\/\/simak-keramika.si\/hr\/wp-json\/wp\/v2\/pages\/6477","targetHints":{"allow":["GET"]}}],"collection":[{"href":"https:\/\/simak-keramika.si\/hr\/wp-json\/wp\/v2\/pages"}],"about":[{"href":"https:\/\/simak-keramika.si\/hr\/wp-json\/wp\/v2\/types\/page"}],"author":[{"embeddable":true,"href":"https:\/\/simak-keramika.si\/hr\/wp-json\/wp\/v2\/users\/1"}],"replies":[{"embeddable":true,"href":"https:\/\/simak-keramika.si\/hr\/wp-json\/wp\/v2\/comments?post=6477"}],"version-history":[{"count":4,"href":"https:\/\/simak-keramika.si\/hr\/wp-json\/wp\/v2\/pages\/6477\/revisions"}],"predecessor-version":[{"id":6481,"href":"https:\/\/simak-keramika.si\/hr\/wp-json\/wp\/v2\/pages\/6477\/revisions\/6481"}],"wp:attachment":[{"href":"https:\/\/simak-keramika.si\/hr\/wp-json\/wp\/v2\/media?parent=6477"}],"curies":[{"name":"wp","href":"https:\/\/api.w.org\/{rel}","templated":true}]}}