{"id":2591,"date":"2026-01-19T22:03:30","date_gmt":"2026-01-19T22:03:30","guid":{"rendered":"https:\/\/simak-keramika.si\/product\/pvc-distancniki-15mm-250-sklad\/"},"modified":"2026-04-28T19:45:12","modified_gmt":"2026-04-28T19:45:12","slug":"pvc-distancniki-15mm-250-sklad","status":"publish","type":"product","link":"https:\/\/simak-keramika.si\/hr\/product\/pvc-distancniki-15mm-250-sklad\/","title":{"rendered":"PVC DISTANCERI 1,5mm\/250"},"content":{"rendered":"<p data-start=\"1735\" data-end=\"1938\">PVC distan\u010dniki 1,5 mm so klasi\u010dni kri\u017eci za enakomerno in zelo ozko fugo pri polaganju keramike, gresa in porcelana. Omogo\u010dajo natan\u010den razmak, ravne linije fug in hitrej\u0161e polaganje na stenah ali tleh.<\/p>\n<p data-start=\"1940\" data-end=\"1954\"><strong data-start=\"1940\" data-end=\"1954\">Prednosti:<\/strong><\/p>\n<ul data-start=\"1955\" data-end=\"2076\">\n<li data-start=\"1955\" data-end=\"1981\">\n<p data-start=\"1957\" data-end=\"1981\">enakomerna 1,5 mm fuga<\/p>\n<\/li>\n<li data-start=\"1982\" data-end=\"2017\">\n<p data-start=\"1984\" data-end=\"2017\">bolj natan\u010den, \u201cfine\u201d zaklju\u010dek<\/p>\n<\/li>\n<li data-start=\"2018\" data-end=\"2037\">\n<p data-start=\"2020\" data-end=\"2037\">za zidove i podove<\/p>\n<\/li>\n<li data-start=\"2038\" data-end=\"2076\">\n<p data-start=\"2040\" data-end=\"2076\">primerno za keramiko, gres, porcelan<\/p>\n<\/li>\n<\/ul>","protected":false},"excerpt":{"rendered":"<p>PVC distan\u010dniki 1,5 mm so klasi\u010dni kri\u017eci za enakomerno in zelo ozko fugo pri polaganju keramike, gresa in porcelana. Omogo\u010dajo natan\u010den razmak, ravne linije fug in hitrej\u0161e polaganje na stenah ali tleh. Prednosti: enakomerna 1,5 mm fuga bolj natan\u010den, \u201cfine\u201d zaklju\u010dek za stene in tla primerno za keramiko, gres, porcelan<\/p>","protected":false},"featured_media":7343,"comment_status":"open","ping_status":"closed","template":"","meta":{"inline_featured_image":false},"product_brand":[],"product_cat":[39,37],"product_tag":[],"class_list":{"0":"post-2591","1":"product","2":"type-product","3":"status-publish","4":"has-post-thumbnail","6":"product_cat-orodje","7":"product_cat-pripomocki-za-mojstre","9":"first","10":"instock","11":"shipping-taxable","12":"purchasable","13":"product-type-simple"},"_links":{"self":[{"href":"https:\/\/simak-keramika.si\/hr\/wp-json\/wp\/v2\/product\/2591","targetHints":{"allow":["GET"]}}],"collection":[{"href":"https:\/\/simak-keramika.si\/hr\/wp-json\/wp\/v2\/product"}],"about":[{"href":"https:\/\/simak-keramika.si\/hr\/wp-json\/wp\/v2\/types\/product"}],"replies":[{"embeddable":true,"href":"https:\/\/simak-keramika.si\/hr\/wp-json\/wp\/v2\/comments?post=2591"}],"wp:featuredmedia":[{"embeddable":true,"href":"https:\/\/simak-keramika.si\/hr\/wp-json\/wp\/v2\/media\/7343"}],"wp:attachment":[{"href":"https:\/\/simak-keramika.si\/hr\/wp-json\/wp\/v2\/media?parent=2591"}],"wp:term":[{"taxonomy":"product_brand","embeddable":true,"href":"https:\/\/simak-keramika.si\/hr\/wp-json\/wp\/v2\/product_brand?post=2591"},{"taxonomy":"product_cat","embeddable":true,"href":"https:\/\/simak-keramika.si\/hr\/wp-json\/wp\/v2\/product_cat?post=2591"},{"taxonomy":"product_tag","embeddable":true,"href":"https:\/\/simak-keramika.si\/hr\/wp-json\/wp\/v2\/product_tag?post=2591"}],"curies":[{"name":"wp","href":"https:\/\/api.w.org\/{rel}","templated":true}]}}