{"id":2612,"date":"2026-01-19T22:03:32","date_gmt":"2026-01-19T22:03:32","guid":{"rendered":"https:\/\/simak-keramika.si\/product\/murexin-fugirna-m-srebrno-siva-4-1\/"},"modified":"2026-04-28T18:00:10","modified_gmt":"2026-04-28T18:00:10","slug":"murexin-fugirna-m-srebrno-siva-4-1","status":"publish","type":"product","link":"https:\/\/simak-keramika.si\/hr\/product\/murexin-fugirna-m-srebrno-siva-4-1\/","title":{"rendered":"105 SREBRNO-SIVA 4\/1"},"content":{"rendered":"<p>Murexin FM 60 Flex je pra\u0161kasta, fleksibilna fugirna masa z efektom kapli\u010denja (vodoodbojnost), za fugiranje kerami\u010dnih oblog, kamnitih plo\u0161\u010d in mozaika na stenah in tleh. Primerna je za notranjo in zunanjo uporabo, tudi za terase, balkone ter podlage s talnim gretjem. Nizka absorpcija vode pomaga prepre\u010devati flekavost in made\u017ee po su\u0161enju.<\/p>\n<p><b>Klju\u010dne zna\u010dajke<\/b><\/p>\n<ul>\n<li>Pakiranje: 4 kg (4\/1)&nbsp;<\/li>\n<li>\u0160irina fuga: 0,5-7 mm&nbsp;<\/li>\n<li>Standard: EN 13888 \u2013 razred CG2 WA&nbsp;<\/li>\n<li>Potro\u0161nja: pribli\u017eno 0,2-0,9 kg\/m\u00b2 (ovisno o formatu plo\u010dica i \u0161irini fuge)&nbsp;<\/li>\n<li>Za pripravo mase uporabi pribli\u017eno\u00a0<b>0,26 l vode na 1 kg<\/b>\u00a0(standardni odtenki) oziroma pribli\u017eno\u00a0<b>0,22 l\/kg<\/b>\u00a0pri\u00a0<b>temnih odtenkih<\/b>\u00a0(antracit, bali, srednje rjavo, temno rjavo, \u010drno).<\/li>\n<li>Lastnosti: vodoodbojnost, odpornost na vodo in zmrzal, primerna za vla\u017ene prostore&nbsp;<\/li>\n<li>Podru\u010dje primjene: zidovi i podovi, unutarnje\/vanjsko, terase i balkoni, podno grijanje&nbsp;<\/li>\n<\/ul>\n<p><b>Boja:<\/b> srebrno siva<\/p>","protected":false},"excerpt":{"rendered":"<p>Murexin FM 60 Flex je pra\u0161kasta, fleksibilna fugirna masa z efektom kapli\u010denja (vodoodbojnost), za fugiranje kerami\u010dnih oblog, kamnitih plo\u0161\u010d in mozaika na stenah in tleh. Primerna je za notranjo in zunanjo uporabo, tudi za terase, balkone ter podlage s talnim gretjem. Nizka absorpcija vode pomaga prepre\u010devati flekavost in made\u017ee po su\u0161enju. Klju\u010dne lastnosti Pakiranje: 4 [&hellip;]<\/p>\n","protected":false},"featured_media":7189,"comment_status":"open","ping_status":"closed","template":"","meta":{"inline_featured_image":false},"product_brand":[],"product_cat":[42,37],"product_tag":[],"class_list":{"0":"post-2612","1":"product","2":"type-product","3":"status-publish","4":"has-post-thumbnail","6":"product_cat-fugirne-mase-in-silikoni","7":"product_cat-pripomocki-za-mojstre","9":"first","10":"instock","11":"shipping-taxable","12":"purchasable","13":"product-type-simple"},"_links":{"self":[{"href":"https:\/\/simak-keramika.si\/hr\/wp-json\/wp\/v2\/product\/2612","targetHints":{"allow":["GET"]}}],"collection":[{"href":"https:\/\/simak-keramika.si\/hr\/wp-json\/wp\/v2\/product"}],"about":[{"href":"https:\/\/simak-keramika.si\/hr\/wp-json\/wp\/v2\/types\/product"}],"replies":[{"embeddable":true,"href":"https:\/\/simak-keramika.si\/hr\/wp-json\/wp\/v2\/comments?post=2612"}],"wp:featuredmedia":[{"embeddable":true,"href":"https:\/\/simak-keramika.si\/hr\/wp-json\/wp\/v2\/media\/7189"}],"wp:attachment":[{"href":"https:\/\/simak-keramika.si\/hr\/wp-json\/wp\/v2\/media?parent=2612"}],"wp:term":[{"taxonomy":"product_brand","embeddable":true,"href":"https:\/\/simak-keramika.si\/hr\/wp-json\/wp\/v2\/product_brand?post=2612"},{"taxonomy":"product_cat","embeddable":true,"href":"https:\/\/simak-keramika.si\/hr\/wp-json\/wp\/v2\/product_cat?post=2612"},{"taxonomy":"product_tag","embeddable":true,"href":"https:\/\/simak-keramika.si\/hr\/wp-json\/wp\/v2\/product_tag?post=2612"}],"curies":[{"name":"wp","href":"https:\/\/api.w.org\/{rel}","templated":true}]}}