{"id":2666,"date":"2026-01-19T22:03:37","date_gmt":"2026-01-19T22:03:37","guid":{"rendered":"https:\/\/simak-keramika.si\/product\/izravnalni-distancniki-1mm-sklad\/"},"modified":"2026-04-29T14:15:07","modified_gmt":"2026-04-29T14:15:07","slug":"izravnavajuci-distanceri-1mm-skladiste","status":"publish","type":"product","link":"https:\/\/simak-keramika.si\/hr\/product\/izravnavajuci-distanceri-1mm-skladiste\/","title":{"rendered":"IZRAVNALNI Distan\u010dnici 1MM"},"content":{"rendered":"<div class=\"flex flex-col text-sm pb-25\">\n<article class=\"text-token-text-primary w-full focus:outline-none [--shadow-height:45px] has-data-writing-block:pointer-events-none has-data-writing-block:-mt-(--shadow-height) has-data-writing-block:pt-(--shadow-height) [&amp;:has([data-writing-block])&gt;*]:pointer-events-auto scroll-mt-[calc(var(--header-height)+min(200px,max(70px,20svh)))]\" dir=\"auto\" data-turn-id=\"request-WEB:9d7f9452-fc70-4d8d-bb8a-a394ba0b3c97-8\" data-testid=\"conversation-turn-18\" data-scroll-anchor=\"true\" data-turn=\"assistant\">\n<div class=\"text-base my-auto mx-auto pb-10 [--thread-content-margin:--spacing(4)] @w-sm\/main:[--thread-content-margin:--spacing(6)] @w-lg\/main:[--thread-content-margin:--spacing(16)] px-(--thread-content-margin)\">\n<div class=\"[--thread-content-max-width:40rem] @w-lg\/main:[--thread-content-max-width:48rem] mx-auto max-w-(--thread-content-max-width) flex-1 group\/turn-messages focus-visible:outline-hidden relative flex w-full min-w-0 flex-col agent-turn\">\n<div class=\"flex max-w-full flex-col grow\">\n<div class=\"min-h-8 text-message relative flex w-full flex-col items-end gap-2 text-start break-words whitespace-normal [.text-message+&amp;]:mt-1\" dir=\"auto\" data-message-author-role=\"assistant\" data-message-id=\"753705f1-3b9b-4c8a-92e3-732ab93b2eba\" data-message-model-slug=\"gpt-5-2-thinking\">\n<div class=\"flex w-full flex-col gap-1 empty:hidden first:pt-[1px]\">\n<div class=\"markdown prose dark:prose-invert w-full wrap-break-word light markdown-new-styling\">\n<p data-start=\"82\" data-end=\"408\">Izravnalni distan\u010dniki 1 mm (sklad) so del sistema za natan\u010dno polaganje plo\u0161\u010dic, ki zagotavlja enakomerno 1 mm fugo in pomaga prepre\u010diti vi\u0161inske razlike med plo\u0161\u010dicami. Primerni so za talne in stenske obloge ter za keramiko, gres in porcelan. Uporaba je hitra in enostavna, rezultat pa bolj raven in profesionalen zaklju\u010dek.<\/p>\n<p data-start=\"410\" data-end=\"424\"><strong data-start=\"410\" data-end=\"424\">Prednosti:<\/strong><\/p>\n<ul data-start=\"425\" data-end=\"543\">\n<li data-start=\"425\" data-end=\"449\">\n<p data-start=\"427\" data-end=\"449\">enakomerna 1 mm fuga<\/p>\n<\/li>\n<li data-start=\"450\" data-end=\"484\">\n<p data-start=\"452\" data-end=\"484\">manj \u201cstopni\u010dk\u201d med plo\u0161\u010dicami<\/p>\n<\/li>\n<li data-start=\"485\" data-end=\"525\">\n<p data-start=\"487\" data-end=\"525\">hitrej\u0161e polaganje in manj popravkov<\/p>\n<\/li>\n<li data-start=\"526\" data-end=\"543\">\n<p data-start=\"528\" data-end=\"543\">za stene in tla<\/p>\n<\/li>\n<\/ul>\n<\/div>\n<\/div>\n<\/div>\n<\/div>\n<div class=\"z-0 flex min-h-[46px] justify-start\"><\/div>\n<div class=\"mt-3 w-full empty:hidden\">\n<div class=\"text-center\"><\/div>\n<\/div>\n<\/div>\n<\/div>\n<\/article>\n<\/div>\n<div class=\"pointer-events-none h-px w-px absolute bottom-0\" aria-hidden=\"true\" data-edge=\"true\"><\/div>\n","protected":false},"excerpt":{"rendered":"<p>Izravnalni distan\u010dniki 1 mm (sklad) so del sistema za natan\u010dno polaganje plo\u0161\u010dic, ki zagotavlja enakomerno 1 mm fugo in pomaga prepre\u010diti vi\u0161inske razlike med plo\u0161\u010dicami. Primerni so za talne in stenske obloge ter za keramiko, gres in porcelan. Uporaba je hitra in enostavna, rezultat pa bolj raven in profesionalen zaklju\u010dek. Prednosti: enakomerna 1 mm fuga [&hellip;]<\/p>\n","protected":false},"featured_media":7335,"comment_status":"open","ping_status":"closed","template":"","meta":{"inline_featured_image":false},"product_brand":[],"product_cat":[39,37],"product_tag":[],"class_list":{"0":"post-2666","1":"product","2":"type-product","3":"status-publish","4":"has-post-thumbnail","6":"product_cat-orodje","7":"product_cat-pripomocki-za-mojstre","9":"first","10":"instock","11":"shipping-taxable","12":"purchasable","13":"product-type-simple"},"_links":{"self":[{"href":"https:\/\/simak-keramika.si\/hr\/wp-json\/wp\/v2\/product\/2666","targetHints":{"allow":["GET"]}}],"collection":[{"href":"https:\/\/simak-keramika.si\/hr\/wp-json\/wp\/v2\/product"}],"about":[{"href":"https:\/\/simak-keramika.si\/hr\/wp-json\/wp\/v2\/types\/product"}],"replies":[{"embeddable":true,"href":"https:\/\/simak-keramika.si\/hr\/wp-json\/wp\/v2\/comments?post=2666"}],"wp:featuredmedia":[{"embeddable":true,"href":"https:\/\/simak-keramika.si\/hr\/wp-json\/wp\/v2\/media\/7335"}],"wp:attachment":[{"href":"https:\/\/simak-keramika.si\/hr\/wp-json\/wp\/v2\/media?parent=2666"}],"wp:term":[{"taxonomy":"product_brand","embeddable":true,"href":"https:\/\/simak-keramika.si\/hr\/wp-json\/wp\/v2\/product_brand?post=2666"},{"taxonomy":"product_cat","embeddable":true,"href":"https:\/\/simak-keramika.si\/hr\/wp-json\/wp\/v2\/product_cat?post=2666"},{"taxonomy":"product_tag","embeddable":true,"href":"https:\/\/simak-keramika.si\/hr\/wp-json\/wp\/v2\/product_tag?post=2666"}],"curies":[{"name":"wp","href":"https:\/\/api.w.org\/{rel}","templated":true}]}}