{"id":3636,"date":"2026-01-19T22:05:15","date_gmt":"2026-01-19T22:05:15","guid":{"rendered":"https:\/\/simak-keramika.si\/product\/s-pro-35-m14-krona-za-keramiko-in-kamen\/"},"modified":"2026-04-29T14:15:09","modified_gmt":"2026-04-29T14:15:09","slug":"s-pro-35-m14-krona-za-keramiko-in-kamen","status":"publish","type":"product","link":"https:\/\/simak-keramika.si\/hr\/product\/s-pro-35-m14-krona-za-keramiko-in-kamen\/","title":{"rendered":"S-PRO 35 M14"},"content":{"rendered":"<div id=\"tw-target-text-container\" class=\"tw-ta-container tw-nfl\" role=\"text\">\n<p><strong data-start=\"125\" data-end=\"170\">S-PRO 35 M14 &#8211; krona za keramiko in kamen<\/strong><br data-start=\"170\" data-end=\"173\" \/>S-PRO 35 M14 je diamantna vrtalna krona za natan\u010dno vrtanje v <strong data-start=\"235\" data-end=\"271\" data-is-only-node=\"\">keramici, porculanskom gresu i kamenu<\/strong>. Zaradi <strong data-start=\"280\" data-end=\"294\">M14 navoja<\/strong> se pritrdi neposredno na <strong data-start=\"320\" data-end=\"338\">kutnu brusilicu<\/strong>, kar omogo\u010da hitro izdelavo izvrtin brez dodatnih adapterjev. Primerna je za <strong data-start=\"416\" data-end=\"432\">suho bu\u0161enje<\/strong>, pri zahtevnej\u0161ih materialih pa je priporo\u010dljivo tudi <strong data-start=\"487\" data-end=\"505\">vodeno hla\u0111enje<\/strong> za dalj\u0161o \u017eivljenjsko dobo in \u010distej\u0161i rez. Idealna za izvrtine pri instalacijah in monta\u017ei (npr. cevi, odtoki, nosilci, priklju\u010dki).<\/p>\n<\/div>\n<div id=\"tw-target-rmn-container\" class=\"tw-target-rmn tw-ta-container tw-nfl\" role=\"text\">\n<pre id=\"tw-target-rmn\" class=\"tw-data-placeholder tw-text-small tw-ta\" dir=\"ltr\" role=\"text\" data-placeholder=\"\"><\/pre>\n<\/div>","protected":false},"excerpt":{"rendered":"<p>S-PRO 35 M14 &#8211; krona za keramiko in kamenS-PRO 35 M14 je diamantna vrtalna krona za natan\u010dno vrtanje v keramiko, porcelan gres in kamen. Zaradi M14 navoja se pritrdi neposredno na kotno brusilko, kar omogo\u010da hitro izdelavo izvrtin brez dodatnih adapterjev. Primerna je za suho vrtanje, pri zahtevnej\u0161ih materialih pa je priporo\u010dljivo tudi vodno hlajenje [&hellip;]<\/p>\n","protected":false},"featured_media":7061,"comment_status":"open","ping_status":"closed","template":"","meta":{"inline_featured_image":false},"product_brand":[],"product_cat":[39,37],"product_tag":[],"class_list":{"0":"post-3636","1":"product","2":"type-product","3":"status-publish","4":"has-post-thumbnail","6":"product_cat-orodje","7":"product_cat-pripomocki-za-mojstre","9":"first","10":"instock","11":"shipping-taxable","12":"purchasable","13":"product-type-simple"},"_links":{"self":[{"href":"https:\/\/simak-keramika.si\/hr\/wp-json\/wp\/v2\/product\/3636","targetHints":{"allow":["GET"]}}],"collection":[{"href":"https:\/\/simak-keramika.si\/hr\/wp-json\/wp\/v2\/product"}],"about":[{"href":"https:\/\/simak-keramika.si\/hr\/wp-json\/wp\/v2\/types\/product"}],"replies":[{"embeddable":true,"href":"https:\/\/simak-keramika.si\/hr\/wp-json\/wp\/v2\/comments?post=3636"}],"wp:featuredmedia":[{"embeddable":true,"href":"https:\/\/simak-keramika.si\/hr\/wp-json\/wp\/v2\/media\/7061"}],"wp:attachment":[{"href":"https:\/\/simak-keramika.si\/hr\/wp-json\/wp\/v2\/media?parent=3636"}],"wp:term":[{"taxonomy":"product_brand","embeddable":true,"href":"https:\/\/simak-keramika.si\/hr\/wp-json\/wp\/v2\/product_brand?post=3636"},{"taxonomy":"product_cat","embeddable":true,"href":"https:\/\/simak-keramika.si\/hr\/wp-json\/wp\/v2\/product_cat?post=3636"},{"taxonomy":"product_tag","embeddable":true,"href":"https:\/\/simak-keramika.si\/hr\/wp-json\/wp\/v2\/product_tag?post=3636"}],"curies":[{"name":"wp","href":"https:\/\/api.w.org\/{rel}","templated":true}]}}