{"id":3637,"date":"2026-01-19T22:05:15","date_gmt":"2026-01-19T22:05:15","guid":{"rendered":"https:\/\/simak-keramika.si\/product\/keramik-pro-50mmx30xm14-krona-za-keramiko-za-kotno-brusilko\/"},"modified":"2026-04-29T14:15:09","modified_gmt":"2026-04-29T14:15:09","slug":"keramik-pro-50mmx30xm14-krona-za-keramiko-za-kotno-brusilko","status":"publish","type":"product","link":"https:\/\/simak-keramika.si\/hr\/product\/keramik-pro-50mmx30xm14-krona-za-keramiko-za-kotno-brusilko\/","title":{"rendered":"KERAMIK PRO 50mmx30xM14"},"content":{"rendered":"<div id=\"tw-target-text-container\" class=\"tw-ta-container tw-nfl\" role=\"text\">\n<p data-start=\"126\" data-end=\"677\"><strong data-start=\"126\" data-end=\"201\">KERAMIK PRO 50 mm x 30 mm x M14 &#8211; krona za keramiko (za kotno brusilko)<\/strong><br data-start=\"201\" data-end=\"204\" \/>KERAMIK PRO 50 mm je diamantna vrtalna krona za izdelavo \u010distih izvrtin v <strong data-start=\"278\" data-end=\"307\">keramiku i porculan gres<\/strong>. Zaradi <strong data-start=\"316\" data-end=\"330\">M14 navoja<\/strong> se pritrdi neposredno na <strong data-start=\"356\" data-end=\"374\" data-is-only-node=\"\">kutnu brusilicu<\/strong>, zato je primerna za hitro vrtanje brez dodatnih adapterjev. Premer <strong data-start=\"443\" data-end=\"452\">50 mm<\/strong> je uporaben za ve\u010dje preboje pri instalacijah in monta\u017ei (npr. cevi, priklju\u010dki, odtoki, ve\u010dji nosilci). Namenjena je <strong data-start=\"571\" data-end=\"589\">suhemu vrtanju<\/strong>, za du\u017ei vijek trajanja i manje pregrijavanje preporu\u010duje se <strong data-start=\"658\" data-end=\"676\">vodeno hla\u0111enje<\/strong>.<\/p>\n<p data-start=\"679\" data-end=\"700\"><strong data-start=\"679\" data-end=\"700\">Klju\u010dne zna\u010dajke<\/strong><\/p>\n<ul data-start=\"701\" data-end=\"842\">\n<li data-start=\"701\" data-end=\"718\">\n<p data-start=\"703\" data-end=\"718\">Premer: 50 mm<\/p>\n<\/li>\n<li data-start=\"719\" data-end=\"752\">\n<p data-start=\"721\" data-end=\"752\">Priklju\u010dak: M14 (kutna brusilica)<\/p>\n<\/li>\n<li data-start=\"753\" data-end=\"791\">\n<p data-start=\"755\" data-end=\"791\">Materijali: keramika, porculan gres<\/p>\n<\/li>\n<li data-start=\"792\" data-end=\"842\">\n<p data-start=\"794\" data-end=\"842\">Namen: hitre, \u010diste izvrtine brez kru\u0161enja robov<\/p>\n<\/li>\n<\/ul>\n<\/div>\n<div id=\"tw-target-rmn-container\" class=\"tw-target-rmn tw-ta-container tw-nfl\" role=\"text\">\n<pre id=\"tw-target-rmn\" class=\"tw-data-placeholder tw-text-small tw-ta\" dir=\"ltr\" role=\"text\" data-placeholder=\"\"><\/pre>\n<\/div>","protected":false},"excerpt":{"rendered":"<p>KERAMIK PRO 50 mm x 30 mm x M14 &#8211; krona za keramiko (za kotno brusilko)KERAMIK PRO 50 mm je diamantna vrtalna krona za izdelavo \u010distih izvrtin v keramiko in porcelan gres. Zaradi M14 navoja se pritrdi neposredno na kotno brusilko, zato je primerna za hitro vrtanje brez dodatnih adapterjev. Premer 50 mm je uporaben [&hellip;]<\/p>\n","protected":false},"featured_media":7072,"comment_status":"open","ping_status":"closed","template":"","meta":{"inline_featured_image":false},"product_brand":[],"product_cat":[39,37],"product_tag":[],"class_list":{"0":"post-3637","1":"product","2":"type-product","3":"status-publish","4":"has-post-thumbnail","6":"product_cat-orodje","7":"product_cat-pripomocki-za-mojstre","9":"first","10":"instock","11":"shipping-taxable","12":"purchasable","13":"product-type-simple"},"_links":{"self":[{"href":"https:\/\/simak-keramika.si\/hr\/wp-json\/wp\/v2\/product\/3637","targetHints":{"allow":["GET"]}}],"collection":[{"href":"https:\/\/simak-keramika.si\/hr\/wp-json\/wp\/v2\/product"}],"about":[{"href":"https:\/\/simak-keramika.si\/hr\/wp-json\/wp\/v2\/types\/product"}],"replies":[{"embeddable":true,"href":"https:\/\/simak-keramika.si\/hr\/wp-json\/wp\/v2\/comments?post=3637"}],"wp:featuredmedia":[{"embeddable":true,"href":"https:\/\/simak-keramika.si\/hr\/wp-json\/wp\/v2\/media\/7072"}],"wp:attachment":[{"href":"https:\/\/simak-keramika.si\/hr\/wp-json\/wp\/v2\/media?parent=3637"}],"wp:term":[{"taxonomy":"product_brand","embeddable":true,"href":"https:\/\/simak-keramika.si\/hr\/wp-json\/wp\/v2\/product_brand?post=3637"},{"taxonomy":"product_cat","embeddable":true,"href":"https:\/\/simak-keramika.si\/hr\/wp-json\/wp\/v2\/product_cat?post=3637"},{"taxonomy":"product_tag","embeddable":true,"href":"https:\/\/simak-keramika.si\/hr\/wp-json\/wp\/v2\/product_tag?post=3637"}],"curies":[{"name":"wp","href":"https:\/\/api.w.org\/{rel}","templated":true}]}}