{"id":3656,"date":"2026-01-19T22:05:17","date_gmt":"2026-01-19T22:05:17","guid":{"rendered":"https:\/\/simak-keramika.si\/product\/coolgel-250ml-gel-za-hlajenje-kron-za-luknjanje\/"},"modified":"2026-04-29T12:45:09","modified_gmt":"2026-04-29T12:45:09","slug":"coolgel-250ml-gel-za-hladenje-kruna-za-busenje","status":"publish","type":"product","link":"https:\/\/simak-keramika.si\/hr\/product\/coolgel-250ml-gel-za-hladenje-kruna-za-busenje\/","title":{"rendered":"COOLGEL 250ml"},"content":{"rendered":"<p data-start=\"82\" data-end=\"385\">COOLGEL 250 ml je rashladni gel za upotrebu pri bu\u0161enju kerami\u010dkih plo\u010dica s dijamantnim krunama. Gel poma\u017ee rashladiti krunu i podru\u010dje bu\u0161enja, smanjuje pregrijavanje te produ\u017euje vijek trajanja krune. Istovremeno pobolj\u0161ava kontrolu pri bu\u0161enju i doprinosi \u010di\u0161\u0107em rezultatu, posebno kod tvr\u0111ih materijala.<\/p>\n<p data-start=\"387\" data-end=\"500\">Prikladno za upotrebu pri bu\u0161enju u keramiku, gres i druge obloge, gdje je va\u017eno u\u010dinkovito hla\u0111enje tijekom rada.<\/p>\n<p data-start=\"502\" data-end=\"524\"><strong data-start=\"502\" data-end=\"524\">Klju\u010dne zna\u010dajke:<\/strong><\/p>\n<ul data-start=\"525\" data-end=\"703\">\n<li data-start=\"525\" data-end=\"572\">\n<p data-start=\"527\" data-end=\"572\">Namjena: hla\u0111enje dijamantnih kruna pri bu\u0161enju<\/p>\n<\/li>\n<li data-start=\"573\" data-end=\"603\">\n<p data-start=\"575\" data-end=\"603\">Poma\u017ee smanjiti pregrijavanje<\/p>\n<\/li>\n<li data-start=\"604\" data-end=\"637\">\n<p data-start=\"606\" data-end=\"637\">Produ\u017euje vijek trajanja krune<\/p>\n<\/li>\n<li data-start=\"638\" data-end=\"683\">\n<p data-start=\"640\" data-end=\"683\">Jednostavna primjena izravno na mjesto bu\u0161enja<\/p>\n<\/li>\n<li data-start=\"684\" data-end=\"703\">\n<p data-start=\"686\" data-end=\"703\">Pakiranje: 250 ml<\/p>\n<\/li>\n<\/ul>","protected":false},"excerpt":{"rendered":"<p>COOLGEL 250 ml je hladilni gel za uporabo pri luknjanju kerami\u010dnih plo\u0161\u010dic z diamantnimi kronami. Gel pomaga hladiti krono in obmo\u010dje vrtanja, zmanj\u0161uje pregrevanje ter podalj\u0161a \u017eivljenjsko dobo krone. Hkrati izbolj\u0161a nadzor pri vrtanju in pripomore k \u010distej\u0161emu rezultatu, posebej pri tr\u0161ih materialih. Primerno za uporabo pri vrtanju v keramiko, gres in druge obloge, kjer [&hellip;]<\/p>\n","protected":false},"featured_media":7331,"comment_status":"open","ping_status":"closed","template":"","meta":{"inline_featured_image":false},"product_brand":[],"product_cat":[39,37],"product_tag":[],"class_list":{"0":"post-3656","1":"product","2":"type-product","3":"status-publish","4":"has-post-thumbnail","6":"product_cat-orodje","7":"product_cat-pripomocki-za-mojstre","9":"first","10":"instock","11":"shipping-taxable","12":"purchasable","13":"product-type-simple"},"_links":{"self":[{"href":"https:\/\/simak-keramika.si\/hr\/wp-json\/wp\/v2\/product\/3656","targetHints":{"allow":["GET"]}}],"collection":[{"href":"https:\/\/simak-keramika.si\/hr\/wp-json\/wp\/v2\/product"}],"about":[{"href":"https:\/\/simak-keramika.si\/hr\/wp-json\/wp\/v2\/types\/product"}],"replies":[{"embeddable":true,"href":"https:\/\/simak-keramika.si\/hr\/wp-json\/wp\/v2\/comments?post=3656"}],"wp:featuredmedia":[{"embeddable":true,"href":"https:\/\/simak-keramika.si\/hr\/wp-json\/wp\/v2\/media\/7331"}],"wp:attachment":[{"href":"https:\/\/simak-keramika.si\/hr\/wp-json\/wp\/v2\/media?parent=3656"}],"wp:term":[{"taxonomy":"product_brand","embeddable":true,"href":"https:\/\/simak-keramika.si\/hr\/wp-json\/wp\/v2\/product_brand?post=3656"},{"taxonomy":"product_cat","embeddable":true,"href":"https:\/\/simak-keramika.si\/hr\/wp-json\/wp\/v2\/product_cat?post=3656"},{"taxonomy":"product_tag","embeddable":true,"href":"https:\/\/simak-keramika.si\/hr\/wp-json\/wp\/v2\/product_tag?post=3656"}],"curies":[{"name":"wp","href":"https:\/\/api.w.org\/{rel}","templated":true}]}}