{"id":3667,"date":"2026-01-19T22:05:18","date_gmt":"2026-01-19T22:05:18","guid":{"rendered":"https:\/\/simak-keramika.si\/product\/hufa-gladilka-za-fugiranje-280x130mm-mehka-guma-zeleni\/"},"modified":"2026-04-28T18:00:13","modified_gmt":"2026-04-28T18:00:13","slug":"hufa-gladilka-za-fugiranje-280x130mm-mehka-guma-zeleni","status":"publish","type":"product","link":"https:\/\/simak-keramika.si\/hr\/product\/hufa-gladilka-za-fugiranje-280x130mm-mehka-guma-zeleni\/","title":{"rendered":"HUFA gladilka za fugiranje 280x130mm"},"content":{"rendered":"<div class=\"flex flex-col text-sm pb-25\">\n<article class=\"text-token-text-primary w-full focus:outline-none [--shadow-height:45px] has-data-writing-block:pointer-events-none has-data-writing-block:-mt-(--shadow-height) has-data-writing-block:pt-(--shadow-height) [&amp;:has([data-writing-block])&gt;*]:pointer-events-auto scroll-mt-[calc(var(--header-height)+min(200px,max(70px,20svh)))]\" dir=\"auto\" data-turn-id=\"request-WEB:3b8d48a6-c6c2-4293-9cf4-e8ece1abf286-122\" data-testid=\"conversation-turn-42\" data-scroll-anchor=\"true\" data-turn=\"assistant\">\n<div class=\"text-base my-auto mx-auto pb-10 [--thread-content-margin:--spacing(4)] @w-sm\/main:[--thread-content-margin:--spacing(6)] @w-lg\/main:[--thread-content-margin:--spacing(16)] px-(--thread-content-margin)\">\n<div class=\"[--thread-content-max-width:40rem] @w-lg\/main:[--thread-content-max-width:48rem] mx-auto max-w-(--thread-content-max-width) flex-1 group\/turn-messages focus-visible:outline-hidden relative flex w-full min-w-0 flex-col agent-turn\">\n<div class=\"flex max-w-full flex-col grow\">\n<div class=\"min-h-8 text-message relative flex w-full flex-col items-end gap-2 text-start break-words whitespace-normal [.text-message+&amp;]:mt-1\" dir=\"auto\" data-message-author-role=\"assistant\" data-message-id=\"e1596da4-5c48-4b07-bc44-80257ae209b1\" data-message-model-slug=\"gpt-5-2-thinking\">\n<div class=\"flex w-full flex-col gap-1 empty:hidden first:pt-[1px]\">\n<div class=\"markdown prose dark:prose-invert w-full wrap-break-word light markdown-new-styling\">\n<p data-start=\"86\" data-end=\"615\"><strong data-start=\"86\" data-end=\"151\">HUFA gladilka za fugiranje 280 x 130 mm &#8211; mehka guma (zelena)<\/strong><br data-start=\"151\" data-end=\"154\" \/>HUFA gladilka za fugiranje z mehko gumijasto oblogo je namenjena hitremu in enakomernemu vtiranja fugirne mase v fuge pri plo\u0161\u010dicah, kerami\u010dnih plo\u0161\u010dah in mozaiku. <strong data-start=\"318\" data-end=\"332\">Mehka guma<\/strong> se bolje prilagodi povr\u0161ini, omogo\u010da bolj\u0161i stik in la\u017eje zapolnjevanje fug, hkrati pa ne\u017eno drsi po plo\u0161\u010dicah in zmanj\u0161a mo\u017enost prask. Dimenzija <strong data-start=\"480\" data-end=\"496\" data-is-only-node=\"\">280 x 130 mm<\/strong> je prakti\u010dna za delo na stenskih in talnih povr\u0161inah, ergonomski ro\u010daj pa zagotavlja dober oprijem in natan\u010den nadzor.<\/p>\n<p data-start=\"617\" data-end=\"702\"><strong data-start=\"617\" data-end=\"629\">Uporaba:<\/strong> maso vtisni diagonalno \u010dez fuge, nato odstrani prese\u017eek z isto gladilko.<\/p>\n<\/div>\n<\/div>\n<\/div>\n<\/div>\n<div class=\"z-0 flex min-h-[46px] justify-start\"><\/div>\n<div class=\"mt-3 w-full empty:hidden\">\n<div class=\"text-center\"><\/div>\n<\/div>\n<\/div>\n<\/div>\n<\/article>\n<\/div>\n<div class=\"pointer-events-none h-px w-px absolute bottom-0\" aria-hidden=\"true\" data-edge=\"true\"><\/div>\n","protected":false},"excerpt":{"rendered":"<p>HUFA gladilka za fugiranje 280 x 130 mm &#8211; mehka guma (zelena)HUFA gladilka za fugiranje z mehko gumijasto oblogo je namenjena hitremu in enakomernemu vtiranja fugirne mase v fuge pri plo\u0161\u010dicah, kerami\u010dnih plo\u0161\u010dah in mozaiku. Mehka guma se bolje prilagodi povr\u0161ini, omogo\u010da bolj\u0161i stik in la\u017eje zapolnjevanje fug, hkrati pa ne\u017eno drsi po plo\u0161\u010dicah in [&hellip;]<\/p>\n","protected":false},"featured_media":7037,"comment_status":"open","ping_status":"closed","template":"","meta":{"inline_featured_image":false},"product_brand":[],"product_cat":[39,37],"product_tag":[],"class_list":{"0":"post-3667","1":"product","2":"type-product","3":"status-publish","4":"has-post-thumbnail","6":"product_cat-orodje","7":"product_cat-pripomocki-za-mojstre","9":"first","10":"instock","11":"shipping-taxable","12":"purchasable","13":"product-type-simple"},"_links":{"self":[{"href":"https:\/\/simak-keramika.si\/hr\/wp-json\/wp\/v2\/product\/3667","targetHints":{"allow":["GET"]}}],"collection":[{"href":"https:\/\/simak-keramika.si\/hr\/wp-json\/wp\/v2\/product"}],"about":[{"href":"https:\/\/simak-keramika.si\/hr\/wp-json\/wp\/v2\/types\/product"}],"replies":[{"embeddable":true,"href":"https:\/\/simak-keramika.si\/hr\/wp-json\/wp\/v2\/comments?post=3667"}],"wp:featuredmedia":[{"embeddable":true,"href":"https:\/\/simak-keramika.si\/hr\/wp-json\/wp\/v2\/media\/7037"}],"wp:attachment":[{"href":"https:\/\/simak-keramika.si\/hr\/wp-json\/wp\/v2\/media?parent=3667"}],"wp:term":[{"taxonomy":"product_brand","embeddable":true,"href":"https:\/\/simak-keramika.si\/hr\/wp-json\/wp\/v2\/product_brand?post=3667"},{"taxonomy":"product_cat","embeddable":true,"href":"https:\/\/simak-keramika.si\/hr\/wp-json\/wp\/v2\/product_cat?post=3667"},{"taxonomy":"product_tag","embeddable":true,"href":"https:\/\/simak-keramika.si\/hr\/wp-json\/wp\/v2\/product_tag?post=3667"}],"curies":[{"name":"wp","href":"https:\/\/api.w.org\/{rel}","templated":true}]}}