{"id":679,"date":"2026-01-19T22:00:54","date_gmt":"2026-01-19T22:00:54","guid":{"rendered":"https:\/\/simak-keramika.si\/product\/legend-havana-rt-20x120-1a-klasa\/"},"modified":"2026-02-27T07:36:40","modified_gmt":"2026-02-27T07:36:40","slug":"legend-havana-rt-20x120-1a-klasa","status":"publish","type":"product","link":"https:\/\/simak-keramika.si\/hr\/product\/legend-havana-rt-20x120-1a-klasa\/","title":{"rendered":"LEGEND Havana RT"},"content":{"rendered":"<p style=\"text-align: left\"><span style=\"color: #000000\"><strong>DIMENZIJA:<\/strong>\u00a020\u00d7120<\/span><\/p>\n<p style=\"text-align: left\"><span style=\"color: #000000\"><strong>TIP:<\/strong> Podna i zidna<\/span><\/p>\n<p style=\"text-align: left\"><span style=\"color: #000000\"><strong>SASTAV:<\/strong> Granitogres<\/span><\/p>\n<p style=\"text-align: left\"><span style=\"color: #000000\"><strong>KVALITETNI RAZRED:<\/strong>\u00a01<\/span><\/p>\n<p style=\"text-align: left\"><span style=\"color: #000000\"><strong>PAKIRANO:<\/strong> 1,44m2\/6plo\u010dica<\/span><\/p>\n<h1 style=\"text-align: left\"><\/h1>\n<h3 style=\"text-align: left\"><span style=\"background-color: #ff0000\"><em><strong><span style=\"color: #000000\">AKCIJA \u010cRNI PETEK<\/span><\/strong><\/em><\/span><\/h3>\n<h3 style=\"text-align: left\"><span style=\"background-color: #ff0000\"><em><strong><span style=\"color: #000000\">CENA OB NAKUPU POLNE PALETE 15,00\u20ac\/M2 Z DDV<\/span><\/strong><\/em><\/span><\/h3>","protected":false},"excerpt":{"rendered":"<p>DIMENZIJA:\u00a020&#215;120 TIP: Talna in stenska SESTAVA: Granitogres KAKOVOSTNI RAZRED:\u00a01 PAKIRANO: 1,44m2\/6plo\u0161\u010dic AKCIJA \u010cRNI PETEK CENA OB NAKUPU POLNE PALETE 15,00\u20ac\/M2 Z DDV<\/p>","protected":false},"featured_media":0,"comment_status":"open","ping_status":"closed","template":"","meta":{"inline_featured_image":false},"product_brand":[],"product_cat":[18],"product_tag":[],"class_list":{"0":"post-679","1":"product","2":"type-product","3":"status-publish","5":"product_cat-vse-za-polaganje","7":"first","8":"outofstock","9":"shipping-taxable","10":"purchasable","11":"product-type-simple"},"_links":{"self":[{"href":"https:\/\/simak-keramika.si\/hr\/wp-json\/wp\/v2\/product\/679","targetHints":{"allow":["GET"]}}],"collection":[{"href":"https:\/\/simak-keramika.si\/hr\/wp-json\/wp\/v2\/product"}],"about":[{"href":"https:\/\/simak-keramika.si\/hr\/wp-json\/wp\/v2\/types\/product"}],"replies":[{"embeddable":true,"href":"https:\/\/simak-keramika.si\/hr\/wp-json\/wp\/v2\/comments?post=679"}],"wp:attachment":[{"href":"https:\/\/simak-keramika.si\/hr\/wp-json\/wp\/v2\/media?parent=679"}],"wp:term":[{"taxonomy":"product_brand","embeddable":true,"href":"https:\/\/simak-keramika.si\/hr\/wp-json\/wp\/v2\/product_brand?post=679"},{"taxonomy":"product_cat","embeddable":true,"href":"https:\/\/simak-keramika.si\/hr\/wp-json\/wp\/v2\/product_cat?post=679"},{"taxonomy":"product_tag","embeddable":true,"href":"https:\/\/simak-keramika.si\/hr\/wp-json\/wp\/v2\/product_tag?post=679"}],"curies":[{"name":"wp","href":"https:\/\/api.w.org\/{rel}","templated":true}]}}