{"id":442,"date":"2026-01-03T23:13:43","date_gmt":"2026-01-03T23:13:43","guid":{"rendered":"https:\/\/simak-keramika.si\/?page_id=442"},"modified":"2026-03-16T12:15:47","modified_gmt":"2026-03-16T12:15:47","slug":"sedi","status":"publish","type":"page","link":"https:\/\/simak-keramika.si\/it\/sedi\/","title":{"rendered":"Sedi"},"content":{"rendered":"<div data-elementor-type=\"wp-page\" data-elementor-id=\"442\" class=\"elementor elementor-442\" data-elementor-post-type=\"page\">\n\t\t\t\t<div class=\"elementor-element elementor-element-7874676 e-con-full e-flex e-con e-parent\" data-id=\"7874676\" data-element_type=\"container\" data-e-type=\"container\">\n\t\t\t\t<div class=\"elementor-element elementor-element-6b2b5bc elementor-widget elementor-widget-html\" data-id=\"6b2b5bc\" data-element_type=\"widget\" data-e-type=\"widget\" data-widget_type=\"html.default\">\n\t\t\t\t<div class=\"elementor-widget-container\">\n\t\t\t\t\t<!-- SIMAK Keramika - Lokacije -->\r\n<!-- Kopiraj celotno kodo v WordPress HTML widget -->\r\n\r\n<style>\r\n\/* ===== LOKACIJE PAGE STYLES ===== *\/\r\n.simak-lokacije * {\r\n  box-sizing: border-box;\r\n  margin: 0;\r\n  padding: 0;\r\n}\r\n\r\n.simak-lokacije {\r\n  font-family: 'Inter', -apple-system, BlinkMacSystemFont, 'Segoe UI', Roboto, sans-serif;\r\n  color: #1a1a1a;\r\n  line-height: 1.6;\r\n}\r\n\r\n.simak-lokacije-container {\r\n  max-width: 1280px;\r\n  margin: 0 auto;\r\n  padding: 48px 24px 64px;\r\n}\r\n\r\n@media (min-width: 1024px) {\r\n  .simak-lokacije-container {\r\n    padding: 64px 32px 80px;\r\n  }\r\n}\r\n\r\n\/* Locations Grid *\/\r\n.simak-locations-grid {\r\n  display: grid;\r\n  grid-template-columns: 1fr;\r\n  gap: 32px;\r\n}\r\n\r\n@media (min-width: 640px) {\r\n  .simak-locations-grid {\r\n    grid-template-columns: repeat(2, 1fr);\r\n  }\r\n}\r\n\r\n\/* Location Card *\/\r\n.simak-location-card {\r\n  background: #ffffff;\r\n  border-radius: 12px;\r\n  border: 1px solid #e5e5e5;\r\n  overflow: hidden;\r\n  transition: all 0.3s ease;\r\n}\r\n\r\n.simak-location-card:hover {\r\n  box-shadow: 0 20px 40px -12px rgba(0, 0, 0, 0.15);\r\n}\r\n\r\n\/* Map Container *\/\r\n.simak-map-container {\r\n  position: relative;\r\n  width: 100%;\r\n  padding-bottom: 56.25%; \/* 16:9 aspect ratio *\/\r\n  overflow: hidden;\r\n}\r\n\r\n.simak-map-container iframe {\r\n  position: absolute;\r\n  top: 0;\r\n  left: 0;\r\n  width: 100%;\r\n  height: 100%;\r\n  border: 0;\r\n}\r\n\r\n\/* Location Header *\/\r\n.simak-location-header {\r\n  padding: 16px;\r\n  border-bottom: 1px solid #e5e5e5;\r\n}\r\n\r\n.simak-location-name {\r\n  font-size: 1.25rem;\r\n  font-weight: 700;\r\n  color: #1a1a1a;\r\n  margin-bottom: 4px;\r\n}\r\n\r\n.simak-location-desc {\r\n  font-size: 0.875rem;\r\n  color: #6b7280;\r\n}\r\n\r\n\/* Location Content *\/\r\n.simak-location-content {\r\n  padding: 24px;\r\n}\r\n\r\n.simak-location-info {\r\n  display: flex;\r\n  flex-direction: column;\r\n  gap: 12px;\r\n  margin-bottom: 24px;\r\n}\r\n\r\n.simak-info-row {\r\n  display: flex;\r\n  align-items: flex-start;\r\n  gap: 12px;\r\n  font-size: 0.875rem;\r\n  color: #6b7280;\r\n}\r\n\r\n.simak-info-row svg {\r\n  flex-shrink: 0;\r\n  width: 20px;\r\n  height: 20px;\r\n  color: #ff2d8c; \/* Correct brand pink *\/\r\n  margin-top: 2px;\r\n}\r\n\r\n.simak-info-row a {\r\n  color: #6b7280;\r\n  text-decoration: none;\r\n  font-weight: 500;\r\n  transition: color 0.2s ease;\r\n}\r\n\r\n.simak-info-row a:hover {\r\n  color: #ff2d8c;\r\n}\r\n\r\n\/* Buttons Container *\/\r\n.simak-location-buttons {\r\n  display: flex;\r\n  gap: 12px;\r\n}\r\n\r\n.simak-btn-info {\r\n  flex: 1;\r\n  display: inline-flex;\r\n  align-items: center;\r\n  justify-content: center;\r\n  gap: 8px;\r\n  padding: 10px 16px;\r\n  background: #ffffff;\r\n  color: #1a1a1a;\r\n  border: 1px solid #e5e5e5;\r\n  border-radius: 8px;\r\n  font-size: 0.875rem;\r\n  font-weight: 500;\r\n  text-decoration: none;\r\n  cursor: pointer;\r\n  transition: all 0.2s ease;\r\n}\r\n\r\n.simak-btn-info:hover {\r\n  background: #f5f5f5;\r\n  border-color: #ff2d8c;\r\n  color: #ff2d8c;\r\n}\r\n\r\n.simak-btn-info svg {\r\n  width: 16px;\r\n  height: 16px;\r\n  transition: transform 0.2s ease;\r\n}\r\n\r\n.simak-btn-info:hover svg {\r\n  transform: translateX(4px);\r\n}\r\n\r\n.simak-btn-navigate {\r\n  display: inline-flex;\r\n  align-items: center;\r\n  justify-content: center;\r\n  padding: 10px 16px;\r\n  background: #ff2d8c;\r\n  color: #ffffff;\r\n  border: none;\r\n  border-radius: 8px;\r\n  text-decoration: none;\r\n  cursor: pointer;\r\n  transition: all 0.2s ease;\r\n}\r\n\r\n.simak-btn-navigate:hover {\r\n  background: #e6287d;\r\n}\r\n\r\n.simak-btn-navigate svg {\r\n  width: 16px;\r\n  height: 16px;\r\n}\r\n\r\n\/* Info Box *\/\r\n.simak-info-box {\r\n  margin-top: 48px;\r\n  background: linear-gradient(135deg, #ff2d8c 0%, #e6287d 100%);\r\n  color: #ffffff;\r\n  border-radius: 16px;\r\n  padding: 40px;\r\n  text-align: center;\r\n}\r\n\r\n.simak-info-box-title {\r\n  font-size: 1.25rem;\r\n  font-weight: 700;\r\n  margin-bottom: 12px;\r\n}\r\n\r\n.simak-info-box-text {\r\n  opacity: 0.9;\r\n  margin-bottom: 24px;\r\n  max-width: 560px;\r\n  margin-left: auto;\r\n  margin-right: auto;\r\n}\r\n\r\n.simak-btn-call {\r\n  display: inline-flex;\r\n  align-items: center;\r\n  justify-content: center;\r\n  gap: 8px;\r\n  padding: 14px 28px;\r\n  background: #ffffff;\r\n  color: #1a1a1a;\r\n  border: none;\r\n  border-radius: 8px;\r\n  font-size: 1rem;\r\n  font-weight: 600;\r\n  text-decoration: none;\r\n  cursor: pointer;\r\n  transition: all 0.2s ease;\r\n}\r\n\r\n.simak-btn-call:hover {\r\n  background: #f5f5f5;\r\n  transform: translateY(-2px);\r\n}\r\n\r\n.simak-btn-call svg {\r\n  width: 18px;\r\n  height: 18px;\r\n}\r\n<\/style>\r\n\r\n<div class=\"simak-lokacije\">\r\n  <div class=\"simak-lokacije-container\">\r\n    \r\n    <!-- Locations Grid -->\r\n    <div class=\"simak-locations-grid\">\r\n      \r\n      <!-- Ljubljana - \u010crnu\u010de -->\r\n      <div class=\"simak-location-card\">\r\n        <div class=\"simak-map-container\">\r\n          <iframe \r\n            src=\"https:\/\/www.google.com\/maps?q=Cesta+24.+junija+2,+1231+Ljubljana-%C4%8Crnu%C4%8De&output=embed\"\r\n            allowfullscreen\r\n loading=\"lazy\"\r\n            referrerpolicy=\"no-referrer-when-downgrade\"\r\n            title=\"Mappa - PE Ljubljana - \u010crnu\u010de\">\r\n          <\/iframe>\r\n        <\/div>\r\n        <div class=\"simak-location-header\">\r\n          <h2 class=\"simak-location-name\">PE Lubiana - \u010crnu\u010de<\/h2>\r\n          <p class=\"simak-location-desc\">Il nostro showroom centrale con la pi\u00f9 grande selezione di ceramiche a Lubiana.<\/p>\r\n        <\/div>\r\n        <div class=\"simak-location-content\">\r\n          <div class=\"simak-location-info\">\r\n            <div class=\"simak-info-row\">\r\n              <svg xmlns=\"http:\/\/www.w3.org\/2000\/svg\" width=\"20\" height=\"20\" viewbox=\"0 0 24 24\" fill=\"none\" stroke=\"currentColor\" stroke-width=\"2\" stroke-linecap=\"round\" stroke-linejoin=\"round\"><path d=\"M20 10c0 6-8 12-8 12s-8-6-8-12a8 8 0 0 1 16 0Z\"\/><circle cx=\"12\" cy=\"10\" r=\"3\"\/><\/svg>\r\n              <span>Cesta 24. junija 2, 1231 Lubiana-\u010crnu\u010de<\/span>\r\n            <\/div>\r\n            <div class=\"simak-info-row\">\r\n              <svg xmlns=\"http:\/\/www.w3.org\/2000\/svg\" width=\"20\" height=\"20\" viewbox=\"0 0 24 24\" fill=\"none\" stroke=\"currentColor\" stroke-width=\"2\" stroke-linecap=\"round\" stroke-linejoin=\"round\"><path d=\"M22 16.92v3a2 2 0 0 1-2.18 2 19.79 19.79 0 0 1-8.63-3.07 19.5 19.5 0 0 1-6-6 19.79 19.79 0 0 1-3.07-8.67A2 2 0 0 1 4.11 2h3a2 2 0 0 1 2 1.72 12.84 12.84 0 0 0 .7 2.81 2 2 0 0 1-.45 2.11L8.09 9.91a16 16 0 0 0 6 6l1.27-1.27a2 2 0 0 1 2.11-.45 12.84 12.84 0 0 0 2.81.7A2 2 0 0 1 22 16.92z\"\/><\/svg>\r\n              <a href=\"tel:040892888\">040 892 888<\/a>\r\n            <\/div>\r\n            <div class=\"simak-info-row\">\r\n              <svg xmlns=\"http:\/\/www.w3.org\/2000\/svg\" width=\"20\" height=\"20\" viewbox=\"0 0 24 24\" fill=\"none\" stroke=\"currentColor\" stroke-width=\"2\" stroke-linecap=\"round\" stroke-linejoin=\"round\"><rect width=\"20\" height=\"16\" x=\"2\" y=\"4\" rx=\"2\"\/><path d=\"m22 7-8.97 5.7a1.94 1.94 0 0 1-2.06 0L2 7\"\/><\/svg>\r\n              <a href=\"mailto:ljubljana@simak-keramika.si\">ljubljana@simak-keramika.si<\/a>\r\n            <\/div>\r\n            <div class=\"simak-info-row\">\r\n              <svg xmlns=\"http:\/\/www.w3.org\/2000\/svg\" width=\"20\" height=\"20\" viewbox=\"0 0 24 24\" fill=\"none\" stroke=\"currentColor\" stroke-width=\"2\" stroke-linecap=\"round\" stroke-linejoin=\"round\"><circle cx=\"12\" cy=\"12\" r=\"10\"\/><polyline points=\"12 6 12 12 16 14\"\/><\/svg>\r\n              <span>Lun-Ven: 08.00-18.00, Sab: 08.00-13.00, Dom: chiuso<\/span>\r\n            <\/div>\r\n          <\/div>\r\n          <div class=\"simak-location-buttons\">\r\n            <a href=\"\/it\/sedi\/crnuce\/\" class=\"simak-btn-info\" aria-label=\"Maggiori informazioni sulla posizione PE Lubiana - \u010crnu\u010de\">\r\n              Maggiori informazioni\r\n              <svg xmlns=\"http:\/\/www.w3.org\/2000\/svg\" width=\"16\" height=\"16\" viewbox=\"0 0 24 24\" fill=\"none\" stroke=\"currentColor\" stroke-width=\"2\" stroke-linecap=\"round\" stroke-linejoin=\"round\"><path d=\"M5 12h14\"\/><path d=\"m12 5 7 7-7 7\"\/><\/svg>\r\n            <\/a>\r\n            <a href=\"https:\/\/maps.google.com\/?q=Cesta+24.+junija+2,+1231+Ljubljana-%C4%8Crnu%C4%8De\" target=\"_blank\" rel=\"noopener noreferrer\" class=\"simak-btn-navigate\" aria-label=\"Indicazioni per arrivare a PE Ljubljana - \u010crnu\u010de\">\r\n              <svg xmlns=\"http:\/\/www.w3.org\/2000\/svg\" width=\"16\" height=\"16\" viewbox=\"0 0 24 24\" fill=\"none\" stroke=\"currentColor\" stroke-width=\"2\" stroke-linecap=\"round\" stroke-linejoin=\"round\"><polygon points=\"3 11 22 2 13 21 11 13 3 11\"\/><\/svg>\r\n            <\/a>\r\n          <\/div>\r\n        <\/div>\r\n      <\/div>\r\n\r\n      <!-- Postojna -->\r\n      <div class=\"simak-location-card\">\r\n        <div class=\"simak-map-container\">\r\n          <iframe \r\n            src=\"https:\/\/www.google.com\/maps?q=Re%C5%A1ka+cesta+13,+6230+Postojna&output=embed\"\r\n            allowfullscreen\r\n loading=\"lazy\"\r\n            referrerpolicy=\"no-referrer-when-downgrade\"\r\n            title=\"Mappa - PE Postojna\">\r\n          <\/iframe>\r\n        <\/div>\r\n        <div class=\"simak-location-header\">\r\n          <h2 class=\"simak-location-name\">PE Postumia<\/h2>\r\n          <p class=\"simak-location-desc\">Showroom per la regione di Notranjska e Primorska.<\/p>\r\n        <\/div>\r\n        <div class=\"simak-location-content\">\r\n          <div class=\"simak-location-info\">\r\n            <div class=\"simak-info-row\">\r\n              <svg xmlns=\"http:\/\/www.w3.org\/2000\/svg\" width=\"20\" height=\"20\" viewbox=\"0 0 24 24\" fill=\"none\" stroke=\"currentColor\" stroke-width=\"2\" stroke-linecap=\"round\" stroke-linejoin=\"round\"><path d=\"M20 10c0 6-8 12-8 12s-8-6-8-12a8 8 0 0 1 16 0Z\"\/><circle cx=\"12\" cy=\"10\" r=\"3\"\/><\/svg>\r\n              <span>Re\u0161ka cesta 13, 6230 Postumia<\/span>\r\n            <\/div>\r\n            <div class=\"simak-info-row\">\r\n              <svg xmlns=\"http:\/\/www.w3.org\/2000\/svg\" width=\"20\" height=\"20\" viewbox=\"0 0 24 24\" fill=\"none\" stroke=\"currentColor\" stroke-width=\"2\" stroke-linecap=\"round\" stroke-linejoin=\"round\"><path d=\"M22 16.92v3a2 2 0 0 1-2.18 2 19.79 19.79 0 0 1-8.63-3.07 19.5 19.5 0 0 1-6-6 19.79 19.79 0 0 1-3.07-8.67A2 2 0 0 1 4.11 2h3a2 2 0 0 1 2 1.72 12.84 12.84 0 0 0 .7 2.81 2 2 0 0 1-.45 2.11L8.09 9.91a16 16 0 0 0 6 6l1.27-1.27a2 2 0 0 1 2.11-.45 12.84 12.84 0 0 0 2.81.7A2 2 0 0 1 22 16.92z\"\/><\/svg>\r\n              <a href=\"tel:065602680\">065 602 680<\/a>\r\n            <\/div>\r\n            <div class=\"simak-info-row\">\r\n              <svg xmlns=\"http:\/\/www.w3.org\/2000\/svg\" width=\"20\" height=\"20\" viewbox=\"0 0 24 24\" fill=\"none\" stroke=\"currentColor\" stroke-width=\"2\" stroke-linecap=\"round\" stroke-linejoin=\"round\"><rect width=\"20\" height=\"16\" x=\"2\" y=\"4\" rx=\"2\"\/><path d=\"m22 7-8.97 5.7a1.94 1.94 0 0 1-2.06 0L2 7\"\/><\/svg>\r\n              <a href=\"mailto:postojna@simak-keramika.si\">postojna@simak-keramika.si<\/a>\r\n            <\/div>\r\n            <div class=\"simak-info-row\">\r\n              <svg xmlns=\"http:\/\/www.w3.org\/2000\/svg\" width=\"20\" height=\"20\" viewbox=\"0 0 24 24\" fill=\"none\" stroke=\"currentColor\" stroke-width=\"2\" stroke-linecap=\"round\" stroke-linejoin=\"round\"><circle cx=\"12\" cy=\"12\" r=\"10\"\/><polyline points=\"12 6 12 12 16 14\"\/><\/svg>\r\n              <span>Lun-Ven: 09.00-17.00, Sab: 08.00-13.00, Dom: chiuso<\/span>\r\n            <\/div>\r\n          <\/div>\r\n          <div class=\"simak-location-buttons\">\r\n            <a href=\"\/it\/sedi\/postojna\/\" class=\"simak-btn-info\" aria-label=\"Maggiori informazioni sulla posizione PE Postumia\">\r\n              Maggiori informazioni\r\n              <svg xmlns=\"http:\/\/www.w3.org\/2000\/svg\" width=\"16\" height=\"16\" viewbox=\"0 0 24 24\" fill=\"none\" stroke=\"currentColor\" stroke-width=\"2\" stroke-linecap=\"round\" stroke-linejoin=\"round\"><path d=\"M5 12h14\"\/><path d=\"m12 5 7 7-7 7\"\/><\/svg>\r\n            <\/a>\r\n            <a href=\"https:\/\/maps.google.com\/?q=Re%C5%A1ka+cesta+13,+6230+Postojna\" target=\"_blank\" rel=\"noopener noreferrer\" class=\"simak-btn-navigate\" aria-label=\"Indicazioni per arrivare a PE Postojna\">\r\n              <svg xmlns=\"http:\/\/www.w3.org\/2000\/svg\" width=\"16\" height=\"16\" viewbox=\"0 0 24 24\" fill=\"none\" stroke=\"currentColor\" stroke-width=\"2\" stroke-linecap=\"round\" stroke-linejoin=\"round\"><polygon points=\"3 11 22 2 13 21 11 13 3 11\"\/><\/svg>\r\n            <\/a>\r\n          <\/div>\r\n        <\/div>\r\n      <\/div>\r\n\r\n      <!-- PE Koper - \u0160kofije -->\r\n      <div class=\"simak-location-card\">\r\n        <div class=\"simak-map-container\">\r\n          <iframe \r\n            src=\"https:\/\/www.google.com\/maps?q=Spodnje+%C5%A0kofije+256b,+6281+%C5%A0kofije&output=embed\"\r\n            allowfullscreen\r\n loading=\"lazy\"\r\n            referrerpolicy=\"no-referrer-when-downgrade\"\r\n            title=\"Mappa - PE Koper - \u0160kofije\">\r\n          <\/iframe>\r\n        <\/div>\r\n        <div class=\"simak-location-header\">\r\n          <h2 class=\"simak-location-name\">PE Capodistria - \u0160kofije<\/h2>\r\n          <p class=\"simak-location-desc\">Showroom Primorski vicino a Capodistria.<\/p>\r\n        <\/div>\r\n        <div class=\"simak-location-content\">\r\n          <div class=\"simak-location-info\">\r\n            <div class=\"simak-info-row\">\r\n              <svg xmlns=\"http:\/\/www.w3.org\/2000\/svg\" width=\"20\" height=\"20\" viewbox=\"0 0 24 24\" fill=\"none\" stroke=\"currentColor\" stroke-width=\"2\" stroke-linecap=\"round\" stroke-linejoin=\"round\"><path d=\"M20 10c0 6-8 12-8 12s-8-6-8-12a8 8 0 0 1 16 0Z\"\/><circle cx=\"12\" cy=\"10\" r=\"3\"\/><\/svg>\r\n              <span>Spodnje \u0160kofije 256b, 6281 \u0160kofije<\/span>\r\n            <\/div>\r\n            <div class=\"simak-info-row\">\r\n              <svg xmlns=\"http:\/\/www.w3.org\/2000\/svg\" width=\"20\" height=\"20\" viewbox=\"0 0 24 24\" fill=\"none\" stroke=\"currentColor\" stroke-width=\"2\" stroke-linecap=\"round\" stroke-linejoin=\"round\"><path d=\"M22 16.92v3a2 2 0 0 1-2.18 2 19.79 19.79 0 0 1-8.63-3.07 19.5 19.5 0 0 1-6-6 19.79 19.79 0 0 1-3.07-8.67A2 2 0 0 1 4.11 2h3a2 2 0 0 1 2 1.72 12.84 12.84 0 0 0 .7 2.81 2 2 0 0 1-.45 2.11L8.09 9.91a16 16 0 0 0 6 6l1.27-1.27a2 2 0 0 1 2.11-.45 12.84 12.84 0 0 0 2.81.7A2 2 0 0 1 22 16.92z\"\/><\/svg>\r\n              <a href=\"tel:040809095\">040 809 095<\/a>\r\n            <\/div>\r\n            <div class=\"simak-info-row\">\r\n              <svg xmlns=\"http:\/\/www.w3.org\/2000\/svg\" width=\"20\" height=\"20\" viewbox=\"0 0 24 24\" fill=\"none\" stroke=\"currentColor\" stroke-width=\"2\" stroke-linecap=\"round\" stroke-linejoin=\"round\"><rect width=\"20\" height=\"16\" x=\"2\" y=\"4\" rx=\"2\"\/><path d=\"m22 7-8.97 5.7a1.94 1.94 0 0 1-2.06 0L2 7\"\/><\/svg>\r\n              <a href=\"mailto:koper@simak-keramika.si\">koper@simak-keramika.si<\/a>\r\n            <\/div>\r\n            <div class=\"simak-info-row\">\r\n              <svg xmlns=\"http:\/\/www.w3.org\/2000\/svg\" width=\"20\" height=\"20\" viewbox=\"0 0 24 24\" fill=\"none\" stroke=\"currentColor\" stroke-width=\"2\" stroke-linecap=\"round\" stroke-linejoin=\"round\"><circle cx=\"12\" cy=\"12\" r=\"10\"\/><polyline points=\"12 6 12 12 16 14\"\/><\/svg>\r\n              <span>Lun-Ven: 09.00-17.00, Sab: 08.00-13.00, Dom: chiuso<\/span>\r\n            <\/div>\r\n          <\/div>\r\n          <div class=\"simak-location-buttons\">\r\n            <a href=\"\/it\/sedi\/skofije\/\" class=\"simak-btn-info\" aria-label=\"Maggiori informazioni sulla posizione PE Capodistria - \u0160kofije\">\r\n              Maggiori informazioni\r\n              <svg xmlns=\"http:\/\/www.w3.org\/2000\/svg\" width=\"16\" height=\"16\" viewbox=\"0 0 24 24\" fill=\"none\" stroke=\"currentColor\" stroke-width=\"2\" stroke-linecap=\"round\" stroke-linejoin=\"round\"><path d=\"M5 12h14\"\/><path d=\"m12 5 7 7-7 7\"\/><\/svg>\r\n            <\/a>\r\n            <a href=\"https:\/\/maps.google.com\/?q=Spodnje+%C5%A0kofije+256b,+6281+%C5%A0kofije\" target=\"_blank\" rel=\"noopener noreferrer\" class=\"simak-btn-navigate\" aria-label=\"Indicazioni per arrivare a PE Koper - \u0160kofije\">\r\n              <svg xmlns=\"http:\/\/www.w3.org\/2000\/svg\" width=\"16\" height=\"16\" viewbox=\"0 0 24 24\" fill=\"none\" stroke=\"currentColor\" stroke-width=\"2\" stroke-linecap=\"round\" stroke-linejoin=\"round\"><polygon points=\"3 11 22 2 13 21 11 13 3 11\"\/><\/svg>\r\n            <\/a>\r\n          <\/div>\r\n        <\/div>\r\n      <\/div>\r\n\r\n      <!-- Nova Gorica -->\r\n      <div class=\"simak-location-card\">\r\n        <div class=\"simak-map-container\">\r\n          <iframe \r\n            src=\"https:\/\/www.google.com\/maps?q=Gr%C4%8Dna+1,+5000+Nova+Gorica&output=embed\"\r\n            allowfullscreen\r\n loading=\"lazy\"\r\n            referrerpolicy=\"no-referrer-when-downgrade\"\r\n            title=\"Mappa - PE Nova Gorica\">\r\n          <\/iframe>\r\n        <\/div>\r\n        <div class=\"simak-location-header\">\r\n          <h2 class=\"simak-location-name\">PE Nova Gorica<\/h2>\r\n          <p class=\"simak-location-desc\">Showroom per la regione di Gori\u0161ka.<\/p>\r\n        <\/div>\r\n        <div class=\"simak-location-content\">\r\n          <div class=\"simak-location-info\">\r\n            <div class=\"simak-info-row\">\r\n              <svg xmlns=\"http:\/\/www.w3.org\/2000\/svg\" width=\"20\" height=\"20\" viewbox=\"0 0 24 24\" fill=\"none\" stroke=\"currentColor\" stroke-width=\"2\" stroke-linecap=\"round\" stroke-linejoin=\"round\"><path d=\"M20 10c0 6-8 12-8 12s-8-6-8-12a8 8 0 0 1 16 0Z\"\/><circle cx=\"12\" cy=\"10\" r=\"3\"\/><\/svg>\r\n              <span>Gr\u010dna 1, 5000 Nova Gorica<\/span>\r\n            <\/div>\r\n            <div class=\"simak-info-row\">\r\n              <svg xmlns=\"http:\/\/www.w3.org\/2000\/svg\" width=\"20\" height=\"20\" viewbox=\"0 0 24 24\" fill=\"none\" stroke=\"currentColor\" stroke-width=\"2\" stroke-linecap=\"round\" stroke-linejoin=\"round\"><path d=\"M22 16.92v3a2 2 0 0 1-2.18 2 19.79 19.79 0 0 1-8.63-3.07 19.5 19.5 0 0 1-6-6 19.79 19.79 0 0 1-3.07-8.67A2 2 0 0 1 4.11 2h3a2 2 0 0 1 2 1.72 12.84 12.84 0 0 0 .7 2.81 2 2 0 0 1-.45 2.11L8.09 9.91a16 16 0 0 0 6 6l1.27-1.27a2 2 0 0 1 2.11-.45 12.84 12.84 0 0 0 2.81.7A2 2 0 0 1 22 16.92z\"\/><\/svg>\r\n              <a href=\"tel:051692900\">051 692 900<\/a>\r\n            <\/div>\r\n            <div class=\"simak-info-row\">\r\n              <svg xmlns=\"http:\/\/www.w3.org\/2000\/svg\" width=\"20\" height=\"20\" viewbox=\"0 0 24 24\" fill=\"none\" stroke=\"currentColor\" stroke-width=\"2\" stroke-linecap=\"round\" stroke-linejoin=\"round\"><rect width=\"20\" height=\"16\" x=\"2\" y=\"4\" rx=\"2\"\/><path d=\"m22 7-8.97 5.7a1.94 1.94 0 0 1-2.06 0L2 7\"\/><\/svg>\r\n              <a href=\"mailto:novagorica@simak-keramika.si\">novagorica@simak-keramika.si<\/a>\r\n            <\/div>\r\n            <div class=\"simak-info-row\">\r\n              <svg xmlns=\"http:\/\/www.w3.org\/2000\/svg\" width=\"20\" height=\"20\" viewbox=\"0 0 24 24\" fill=\"none\" stroke=\"currentColor\" stroke-width=\"2\" stroke-linecap=\"round\" stroke-linejoin=\"round\"><circle cx=\"12\" cy=\"12\" r=\"10\"\/><polyline points=\"12 6 12 12 16 14\"\/><\/svg>\r\n              <span>Lun-Ven: 09.00-17.00, Sab: 08.00-13.00, Dom: chiuso<\/span>\r\n            <\/div>\r\n          <\/div>\r\n          <div class=\"simak-location-buttons\">\r\n            <a href=\"\/it\/sedi\/nova-gorica\/\" class=\"simak-btn-info\" aria-label=\"Maggiori informazioni sulla posizione PE Nova Gorica\">\r\n              Maggiori informazioni\r\n              <svg xmlns=\"http:\/\/www.w3.org\/2000\/svg\" width=\"16\" height=\"16\" viewbox=\"0 0 24 24\" fill=\"none\" stroke=\"currentColor\" stroke-width=\"2\" stroke-linecap=\"round\" stroke-linejoin=\"round\"><path d=\"M5 12h14\"\/><path d=\"m12 5 7 7-7 7\"\/><\/svg>\r\n            <\/a>\r\n            <a href=\"https:\/\/maps.google.com\/?q=Gr%C4%8Dna+1,+5000+Nova+Gorica\" target=\"_blank\" rel=\"noopener noreferrer\" class=\"simak-btn-navigate\" aria-label=\"Indicazioni per il percorso verso PE Nova Gorica\">\r\n              <svg xmlns=\"http:\/\/www.w3.org\/2000\/svg\" width=\"16\" height=\"16\" viewbox=\"0 0 24 24\" fill=\"none\" stroke=\"currentColor\" stroke-width=\"2\" stroke-linecap=\"round\" stroke-linejoin=\"round\"><polygon points=\"3 11 22 2 13 21 11 13 3 11\"\/><\/svg>\r\n            <\/a>\r\n          <\/div>\r\n        <\/div>\r\n      <\/div>\r\n\r\n    <\/div>\r\n\r\n    <!-- Info Box -->\r\n    <div class=\"simak-info-box\">\r\n      <h2 class=\"simak-info-box-title\">Hai bisogno di aiuto o consiglio?<\/h2>\r\n      <p class=\"simak-info-box-text\">I nostri esperti sono a vostra disposizione per tutte le domande sulla scelta di ceramiche e attrezzature per il bagno. Chiamateci o venite a trovarci.<\/p>\r\n      <a href=\"tel:040892888\" class=\"simak-btn-call\">\r\n        <svg xmlns=\"http:\/\/www.w3.org\/2000\/svg\" width=\"20\" height=\"20\" viewbox=\"0 0 24 24\" fill=\"none\" stroke=\"currentColor\" stroke-width=\"2\" stroke-linecap=\"round\" stroke-linejoin=\"round\"><path d=\"M22 16.92v3a2 2 0 0 1-2.18 2 19.79 19.79 0 0 1-8.63-3.07 19.5 19.5 0 0 1-6-6 19.79 19.79 0 0 1-3.07-8.67A2 2 0 0 1 4.11 2h3a2 2 0 0 1 2 1.72 12.84 12.84 0 0 0 .7 2.81 2 2 0 0 1-.45 2.11L8.09 9.91a16 16 0 0 0 6 6l1.27-1.27a2 2 0 0 1 2.11-.45 12.84 12.84 0 0 0 2.81.7A2 2 0 0 1 22 16.92z\"\/><\/svg>\r\n        040 892 888\r\n      <\/a>\r\n    <\/div>\r\n\r\n  <\/div>\r\n<\/div>\t\t\t\t<\/div>\n\t\t\t\t<\/div>\n\t\t\t\t<\/div>\n\t\t\t\t<\/div>","protected":false},"excerpt":{"rendered":"<p>PE Ljubljana &#8211; \u010crnu\u010de Na\u0161 osrednji razstavni salon z najve\u010djo izbiro keramike v Ljubljani. Cesta 24. junija 2, 1231 Ljubljana-\u010crnu\u010de 040 892 888 ljubljana@simak-keramika.si Pon-Pet: 08.00-18.00, Sob: 08.00-13.00, Ned: zaprto Ve\u010d informacij PE Postojna Razstavni salon za Notranjsko in Primorsko regijo. Re\u0161ka cesta 13, 6230 Postojna 065 602 680 postojna@simak-keramika.si Pon-Pet: 09.00-17.00, Sob: 08.00-13.00, Ned: [&hellip;]<\/p>\n","protected":false},"author":1,"featured_media":0,"parent":0,"menu_order":0,"comment_status":"closed","ping_status":"closed","template":"","meta":{"inline_featured_image":false,"footnotes":""},"class_list":["post-442","page","type-page","status-publish","hentry"],"_links":{"self":[{"href":"https:\/\/simak-keramika.si\/it\/wp-json\/wp\/v2\/pages\/442","targetHints":{"allow":["GET"]}}],"collection":[{"href":"https:\/\/simak-keramika.si\/it\/wp-json\/wp\/v2\/pages"}],"about":[{"href":"https:\/\/simak-keramika.si\/it\/wp-json\/wp\/v2\/types\/page"}],"author":[{"embeddable":true,"href":"https:\/\/simak-keramika.si\/it\/wp-json\/wp\/v2\/users\/1"}],"replies":[{"embeddable":true,"href":"https:\/\/simak-keramika.si\/it\/wp-json\/wp\/v2\/comments?post=442"}],"version-history":[{"count":22,"href":"https:\/\/simak-keramika.si\/it\/wp-json\/wp\/v2\/pages\/442\/revisions"}],"predecessor-version":[{"id":7933,"href":"https:\/\/simak-keramika.si\/it\/wp-json\/wp\/v2\/pages\/442\/revisions\/7933"}],"wp:attachment":[{"href":"https:\/\/simak-keramika.si\/it\/wp-json\/wp\/v2\/media?parent=442"}],"curies":[{"name":"wp","href":"https:\/\/api.w.org\/{rel}","templated":true}]}}