{"id":517,"date":"2026-01-04T12:44:06","date_gmt":"2026-01-04T12:44:06","guid":{"rendered":"https:\/\/simak-keramika.si\/?page_id=517"},"modified":"2026-03-18T20:50:22","modified_gmt":"2026-03-18T20:50:22","slug":"contatto","status":"publish","type":"page","link":"https:\/\/simak-keramika.si\/it\/contatto\/","title":{"rendered":"Contatto"},"content":{"rendered":"<div data-elementor-type=\"wp-page\" data-elementor-id=\"517\" class=\"elementor elementor-517\" data-elementor-post-type=\"page\">\n\t\t\t\t<div class=\"elementor-element elementor-element-7874676 e-con-full e-flex e-con e-parent\" data-id=\"7874676\" data-element_type=\"container\" data-e-type=\"container\">\n\t\t\t\t<div class=\"elementor-element elementor-element-6b2b5bc elementor-widget elementor-widget-html\" data-id=\"6b2b5bc\" data-element_type=\"widget\" data-e-type=\"widget\" data-widget_type=\"html.default\">\n\t\t\t\t<div class=\"elementor-widget-container\">\n\t\t\t\t\t<!-- SIMAK Kontakt - WordPress HTML Widget -->\r\n<!-- Prilepite to kodo v Custom HTML widget\/block -->\r\n\r\n<style>\r\n\/* Reset & WordPress Override *\/\r\n.simak-kontakt * {\r\n  box-sizing: border-box !important;\r\n  margin: 0 !important;\r\n  padding: 0 !important;\r\n  font-family: 'Inter', -apple-system, BlinkMacSystemFont, 'Segoe UI', Roboto, sans-serif !important;\r\n}\r\n\r\n.simak-kontakt {\r\n  --primary: #ff2d8c;\r\n  --primary-hover: #e6287d;\r\n  --foreground: #1a1d23;\r\n  --muted: #64748b;\r\n  --muted-bg: #f8fafc;\r\n  --border: #e2e8f0;\r\n  --background: #ffffff;\r\n  --success: #16a34a;\r\n  --radius: 12px;\r\n  width: 100% !important;\r\n  background: var(--background) !important;\r\n  color: var(--foreground) !important;\r\n  line-height: 1.5 !important;\r\n}\r\n\r\n\/* Container *\/\r\n.simak-kontakt .container {\r\n  max-width: 1280px !important;\r\n  margin: 0 auto !important;\r\n  padding: 48px 16px !important;\r\n}\r\n\r\n@media (min-width: 640px) {\r\n  .simak-kontakt .container {\r\n    padding: 64px 24px !important;\r\n  }\r\n}\r\n\r\n\/* Page Title *\/\r\n.simak-kontakt .page-title {\r\n  font-size: 28px !important;\r\n  font-weight: 700 !important;\r\n  color: var(--foreground) !important;\r\n  margin-bottom: 8px !important;\r\n  text-align: center !important;\r\n}\r\n\r\n@media (min-width: 640px) {\r\n  .simak-kontakt .page-title {\r\n    font-size: 36px !important;\r\n  }\r\n}\r\n\r\n.simak-kontakt .page-subtitle {\r\n  color: var(--muted) !important;\r\n  text-align: center !important;\r\n  margin-bottom: 48px !important;\r\n  font-size: 16px !important;\r\n}\r\n\r\n\/* Main Grid *\/\r\n.simak-kontakt .main-grid {\r\n  display: grid !important;\r\n  grid-template-columns: 1fr !important;\r\n  gap: 48px !important;\r\n}\r\n\r\n@media (min-width: 1024px) {\r\n  .simak-kontakt .main-grid {\r\n    grid-template-columns: 1fr 1fr !important;\r\n    gap: 64px !important;\r\n    align-items: start !important; \/* Ensure items don't stretch so sticky works *\/\r\n  }\r\n}\r\n\r\n\/* Sticky Column *\/\r\n@media (min-width: 1024px) {\r\n  .simak-kontakt .simak-sticky-column {\r\n    position: -webkit-sticky !important;\r\n    position: sticky !important;\r\n    top: 120px !important; \/* Header height (approx 80px) + gap *\/\r\n    z-index: 10 !important;\r\n  }\r\n}\r\n\r\n\/* Section Title *\/\r\n.simak-kontakt .section-title {\r\n  font-size: 20px !important;\r\n  font-weight: 600 !important;\r\n  color: var(--foreground) !important;\r\n  margin-bottom: 24px !important;\r\n}\r\n\r\n\/* Form Styles *\/\r\n.simak-kontakt .contact-form {\r\n  display: flex !important;\r\n  flex-direction: column !important;\r\n  gap: 20px !important;\r\n}\r\n\r\n.simak-kontakt .form-row {\r\n  display: grid !important;\r\n  grid-template-columns: 1fr !important;\r\n  gap: 16px !important;\r\n}\r\n\r\n@media (min-width: 640px) {\r\n  .simak-kontakt .form-row {\r\n    grid-template-columns: 1fr 1fr !important;\r\n  }\r\n}\r\n\r\n.simak-kontakt .form-group {\r\n  display: flex !important;\r\n  flex-direction: column !important;\r\n  gap: 6px !important;\r\n}\r\n\r\n.simak-kontakt .form-label {\r\n  font-size: 14px !important;\r\n  font-weight: 500 !important;\r\n  color: var(--foreground) !important;\r\n}\r\n\r\n.simak-kontakt .form-input,\r\n.simak-kontakt .form-select,\r\n.simak-kontakt .form-textarea {\r\n  width: 100% !important;\r\n  padding: 12px 16px !important;\r\n  border: 1px solid var(--border) !important;\r\n  border-radius: 8px !important;\r\n  background: var(--background) !important;\r\n  color: var(--foreground) !important;\r\n  font-size: 14px !important;\r\n  outline: none !important;\r\n  transition: border-color 0.2s, box-shadow 0.2s !important;\r\n  -webkit-appearance: none !important;\r\n  -moz-appearance: none !important;\r\n  appearance: none !important;\r\n}\r\n\r\n.simak-kontakt .form-input:focus,\r\n.simak-kontakt .form-select:focus,\r\n.simak-kontakt .form-textarea:focus {\r\n  border-color: var(--primary) !important;\r\n  box-shadow: 0 0 0 3px rgba(255, 45, 140, 0.1) !important;\r\n}\r\n\r\n.simak-kontakt .form-input::placeholder,\r\n.simak-kontakt .form-textarea::placeholder {\r\n  color: var(--muted) !important;\r\n}\r\n\r\n.simak-kontakt .form-select {\r\n  background-image: url(\"data:image\/svg+xml,%3Csvg xmlns='http:\/\/www.w3.org\/2000\/svg' width='16' height='16' viewBox='0 0 24 24' fill='none' stroke='%2364748b' stroke-width='2'%3E%3Cpolyline points='6 9 12 15 18 9'%3E%3C\/polyline%3E%3C\/svg%3E\") !important;\r\n  background-repeat: no-repeat !important;\r\n  background-position: right 12px center !important;\r\n  padding-right: 40px !important;\r\n}\r\n\r\n.simak-kontakt .form-textarea {\r\n  min-height: 140px !important;\r\n  resize: vertical !important;\r\n}\r\n\r\n.simak-kontakt .submit-btn {\r\n  width: 100% !important;\r\n  padding: 14px 24px !important;\r\n  background: var(--primary) !important;\r\n  color: white !important;\r\n  border: none !important;\r\n  border-radius: 8px !important;\r\n  font-size: 15px !important;\r\n  font-weight: 600 !important;\r\n  cursor: pointer !important;\r\n  transition: background 0.2s !important;\r\n  display: inline-flex !important;\r\n  align-items: center !important;\r\n  justify-content: center !important;\r\n  gap: 8px !important;\r\n}\r\n\r\n.simak-kontakt .submit-btn:hover {\r\n  background: var(--primary-hover) !important;\r\n}\r\n\r\n.simak-kontakt .submit-btn svg {\r\n  width: 18px !important;\r\n  height: 18px !important;\r\n  stroke: currentColor !important;\r\n  stroke-width: 2 !important;\r\n  fill: none !important;\r\n}\r\n\r\n\/* Locations Section *\/\r\n.simak-kontakt .locations-grid {\r\n  display: flex !important;\r\n  flex-direction: column !important;\r\n  gap: 16px !important;\r\n}\r\n\r\n.simak-kontakt .location-card {\r\n  background: var(--muted-bg) !important;\r\n  border: 1px solid var(--border) !important;\r\n  border-radius: var(--radius) !important;\r\n  padding: 20px !important;\r\n  transition: all 0.2s !important;\r\n}\r\n\r\n.simak-kontakt .location-card:hover {\r\n  border-color: var(--primary) !important;\r\n  box-shadow: 0 4px 12px rgba(255, 45, 140, 0.1) !important;\r\n}\r\n\r\n.simak-kontakt .location-name {\r\n  font-size: 16px !important;\r\n  font-weight: 600 !important;\r\n  color: var(--foreground) !important;\r\n  margin-bottom: 12px !important;\r\n}\r\n\r\n.simak-kontakt .location-info {\r\n  display: flex !important;\r\n  flex-direction: column !important;\r\n  gap: 8px !important;\r\n}\r\n\r\n.simak-kontakt .location-row {\r\n  display: flex !important;\r\n  align-items: flex-start !important;\r\n  gap: 10px !important;\r\n  font-size: 14px !important;\r\n  color: var(--muted) !important;\r\n}\r\n\r\n.simak-kontakt .location-row svg {\r\n  width: 16px !important;\r\n  height: 16px !important;\r\n  stroke: var(--primary) !important;\r\n  stroke-width: 2 !important;\r\n  fill: none !important;\r\n  flex-shrink: 0 !important;\r\n  margin-top: 2px !important;\r\n}\r\n\r\n.simak-kontakt .location-row a {\r\n  color: var(--muted) !important;\r\n  text-decoration: none !important;\r\n  transition: color 0.2s !important;\r\n}\r\n\r\n.simak-kontakt .location-row a:hover {\r\n  color: var(--primary) !important;\r\n}\r\n\r\n\/* Map Link *\/\r\n.simak-kontakt .map-link-wrapper {\r\n  margin-top: 24px !important;\r\n  padding-top: 24px !important;\r\n  border-top: 1px solid var(--border) !important;\r\n}\r\n\r\n.simak-kontakt .map-link {\r\n  display: inline-flex !important;\r\n  align-items: center;\r\n  gap: 8px !important;\r\n  color: var(--primary) !important;\r\n  font-size: 14px !important;\r\n  font-weight: 500 !important;\r\n  text-decoration: none !important;\r\n  transition: gap 0.2s !important;\r\n}\r\n\r\n.simak-kontakt .map-link:hover {\r\n  gap: 12px !important;\r\n}\r\n\r\n.simak-kontakt .map-link svg {\r\n  width: 16px !important;\r\n  height: 16px !important;\r\n  stroke: currentColor !important;\r\n  stroke-width: 2 !important;\r\n  fill: none !important;\r\n}\r\n<\/style>\r\n\r\n<div class=\"simak-kontakt\">\r\n  <div class=\"container\">\r\n    \r\n    <!-- Page Header -->\r\n    <h1 class=\"page-title\">Contattaci<\/h1>\r\n    <p class=\"page-subtitle\">Saremo lieti di aiutarvi nella scelta della ceramica e delle attrezzature per il bagno<\/p>\r\n\r\n    <!-- Main Grid -->\r\n    <div class=\"main-grid\">\r\n      \r\n      <!-- Contact Form -->\r\n      <div class=\"simak-sticky-column\">\r\n        <h2 class=\"section-title\">Inviaci un messaggio<\/h2>\r\n        <form class=\"contact-form\" action=\"\">\r\n          <div class=\"form-row\">\r\n            <div class=\"form-group\">\r\n              <label class=\"form-label\">Nome e cognome *<\/label>\r\n              <input type=\"text\" class=\"form-input\" placeholder=\"Il tuo nome\" required \/>\r\n            <\/div>\r\n            <div class=\"form-group\">\r\n              <label class=\"form-label\">Indirizzo email *<\/label>\r\n              <input type=\"email\" class=\"form-input\" placeholder=\"vas@email.si\" required \/>\r\n            <\/div>\r\n          <\/div>\r\n          \r\n          <div class=\"form-row\">\r\n            <div class=\"form-group\">\r\n              <label class=\"form-label\">Telefono<\/label>\r\n              <input type=\"tel\" class=\"form-input\" placeholder=\"+386 XX XXX XXX\" \/>\r\n            <\/div>\r\n            <div class=\"form-group\">\r\n              <label class=\"form-label\">Oggetto<\/label>\r\n              <select class=\"form-select\">\r\n                <option value=\"\">Seleziona oggetto<\/option>\r\n                <option value=\"povprasevanje\">Richiesta generale<\/option>\r\n                <option value=\"ponudba\">Offerta<\/option>\r\n                <option value=\"narocilo\">Ordine<\/option>\r\n                <option value=\"reklamacija\">Reclamo<\/option>\r\n                <option value=\"drugo\">Altro<\/option>\r\n              <\/select>\r\n            <\/div>\r\n          <\/div>\r\n          \r\n          <div class=\"form-group\">\r\n            <label class=\"form-label\">Messaggio *<\/label>\r\n            <textarea class=\"form-textarea\" placeholder=\"Il tuo messaggio...\" required><\/textarea>\r\n          <\/div>\r\n          \r\n          <button type=\"submit\" class=\"submit-btn\">\r\n            <svg viewbox=\"0 0 24 24\">\r\n              <line x1=\"22\" y1=\"2\" x2=\"11\" y2=\"13\"><\/line>\r\n              <polygon points=\"22 2 15 22 11 13 2 9 22 2\"><\/polygon>\r\n            <\/svg>\r\n            Invia messaggio\r\n          <\/button>\r\n        <input type=\"hidden\" name=\"trp-form-language\" value=\"it\"\/><\/form>\r\n      <\/div>\r\n\r\n      <!-- Locations -->\r\n      <div>\r\n        <h2 class=\"section-title\">Le nostre filiali<\/h2>\r\n        <div class=\"locations-grid\">\r\n          \r\n          <!-- Location 1 - Ljubljana -->\r\n          <div class=\"location-card\">\r\n            <h3 class=\"location-name\">PE Lubiana - \u010crnu\u010de<\/h3>\r\n            <div class=\"location-info\">\r\n              <div class=\"location-row\">\r\n                <svg viewbox=\"0 0 24 24\">\r\n                  <path d=\"M21 10c0 7-9 13-9 13s-9-6-9-13a9 9 0 0 1 18 0z\"><\/path>\r\n                  <circle cx=\"12\" cy=\"10\" r=\"3\"><\/circle>\r\n                <\/svg>\r\n                <span>Cesta 24. junija 2, 1231 Lubiana-\u010crnu\u010de<\/span>\r\n              <\/div>\r\n              <div class=\"location-row\">\r\n                <svg viewbox=\"0 0 24 24\">\r\n                  <path d=\"M22 16.92v3a2 2 0 0 1-2.18 2 19.79 19.79 0 0 1-8.63-3.07 19.5 19.5 0 0 1-6-6 19.79 19.79 0 0 1-3.07-8.67A2 2 0 0 1 4.11 2h3a2 2 0 0 1 2 1.72 12.84 12.84 0 0 0 .7 2.81 2 2 0 0 1-.45 2.11L8.09 9.91a16 16 0 0 0 6 6l1.27-1.27a2 2 0 0 1 2.11-.45 12.84 12.84 0 0 0 2.81.7A2 2 0 0 1 22 16.92z\"><\/path>\r\n                <\/svg>\r\n                <a href=\"tel:040892888\">040 892 888<\/a>\r\n              <\/div>\r\n              <div class=\"location-row\">\r\n                <svg viewbox=\"0 0 24 24\">\r\n                  <path d=\"M4 4h16c1.1 0 2 .9 2 2v12c0 1.1-.9 2-2 2H4c-1.1 0-2-.9-2-2V6c0-1.1.9-2 2-2z\"><\/path>\r\n                  <polyline points=\"22,6 12,13 2,6\"><\/polyline>\r\n                <\/svg>\r\n                <a href=\"mailto:info@simak-keramika.si\">info@simak-keramika.si<\/a>\r\n              <\/div>\r\n              <div class=\"location-row\">\r\n                <svg viewbox=\"0 0 24 24\">\r\n                  <circle cx=\"12\" cy=\"12\" r=\"10\"><\/circle>\r\n                  <polyline points=\"12 6 12 12 16 14\"><\/polyline>\r\n                <\/svg>\r\n                <span>Lun-Ven: 08.00-18.00, Sab: 08.00-13.00<\/span>\r\n              <\/div>\r\n            <\/div>\r\n          <\/div>\r\n\r\n          <!-- Location 2 - Postojna -->\r\n          <div class=\"location-card\">\r\n            <h3 class=\"location-name\">PE Postumia<\/h3>\r\n            <div class=\"location-info\">\r\n              <div class=\"location-row\">\r\n                <svg viewbox=\"0 0 24 24\">\r\n                  <path d=\"M21 10c0 7-9 13-9 13s-9-6-9-13a9 9 0 0 1 18 0z\"><\/path>\r\n                  <circle cx=\"12\" cy=\"10\" r=\"3\"><\/circle>\r\n                <\/svg>\r\n                <span>Re\u0161ka cesta 13, 6230 Postumia<\/span>\r\n              <\/div>\r\n              <div class=\"location-row\">\r\n                <svg viewbox=\"0 0 24 24\">\r\n                  <path d=\"M22 16.92v3a2 2 0 0 1-2.18 2 19.79 19.79 0 0 1-8.63-3.07 19.5 19.5 0 0 1-6-6 19.79 19.79 0 0 1-3.07-8.67A2 2 0 0 1 4.11 2h3a2 2 0 0 1 2 1.72 12.84 12.84 0 0 0 .7 2.81 2 2 0 0 1-.45 2.11L8.09 9.91a16 16 0 0 0 6 6l1.27-1.27a2 2 0 0 1 2.11-.45 12.84 12.84 0 0 0 2.81.7A2 2 0 0 1 22 16.92z\"><\/path>\r\n                <\/svg>\r\n                <a href=\"tel:065602680\">065 602 680<\/a>\r\n              <\/div>\r\n              <div class=\"location-row\">\r\n                <svg viewbox=\"0 0 24 24\">\r\n                  <path d=\"M4 4h16c1.1 0 2 .9 2 2v12c0 1.1-.9 2-2 2H4c-1.1 0-2-.9-2-2V6c0-1.1.9-2 2-2z\"><\/path>\r\n                  <polyline points=\"22,6 12,13 2,6\"><\/polyline>\r\n                <\/svg>\r\n                <a href=\"mailto:postojna@simak-keramika.si\">postojna@simak-keramika.si<\/a>\r\n              <\/div>\r\n              <div class=\"location-row\">\r\n                <svg viewbox=\"0 0 24 24\">\r\n                  <circle cx=\"12\" cy=\"12\" r=\"10\"><\/circle>\r\n                  <polyline points=\"12 6 12 12 16 14\"><\/polyline>\r\n                <\/svg>\r\n                <span>Lun-Ven: 09.00-17.00, Sab: 08.00-13.00<\/span>\r\n              <\/div>\r\n            <\/div>\r\n          <\/div>\r\n\r\n          <!-- Location 3 - \u0160kofije -->\r\n          <div class=\"location-card\">\r\n            <h3 class=\"location-name\">PE Capodistria - \u0160kofije<\/h3>\r\n            <div class=\"location-info\">\r\n              <div class=\"location-row\">\r\n                <svg viewbox=\"0 0 24 24\">\r\n                  <path d=\"M21 10c0 7-9 13-9 13s-9-6-9-13a9 9 0 0 1 18 0z\"><\/path>\r\n                  <circle cx=\"12\" cy=\"10\" r=\"3\"><\/circle>\r\n                <\/svg>\r\n                <span>Spodnje \u0160kofije 256b, 6281 \u0160kofije<\/span>\r\n              <\/div>\r\n              <div class=\"location-row\">\r\n                <svg viewbox=\"0 0 24 24\">\r\n                  <path d=\"M22 16.92v3a2 2 0 0 1-2.18 2 19.79 19.79 0 0 1-8.63-3.07 19.5 19.5 0 0 1-6-6 19.79 19.79 0 0 1-3.07-8.67A2 2 0 0 1 4.11 2h3a2 2 0 0 1 2 1.72 12.84 12.84 0 0 0 .7 2.81 2 2 0 0 1-.45 2.11L8.09 9.91a16 16 0 0 0 6 6l1.27-1.27a2 2 0 0 1 2.11-.45 12.84 12.84 0 0 0 2.81.7A2 2 0 0 1 22 16.92z\"><\/path>\r\n                <\/svg>\r\n                <a href=\"tel:040809095\">040 809 095<\/a>\r\n              <\/div>\r\n              <div class=\"location-row\">\r\n                <svg viewbox=\"0 0 24 24\">\r\n                  <path d=\"M4 4h16c1.1 0 2 .9 2 2v12c0 1.1-.9 2-2 2H4c-1.1 0-2-.9-2-2V6c0-1.1.9-2 2-2z\"><\/path>\r\n                  <polyline points=\"22,6 12,13 2,6\"><\/polyline>\r\n                <\/svg>\r\n                <a href=\"mailto:koper@simak-keramika.si\">koper@simak-keramika.si<\/a>\r\n              <\/div>\r\n              <div class=\"location-row\">\r\n                <svg viewbox=\"0 0 24 24\">\r\n                  <circle cx=\"12\" cy=\"12\" r=\"10\"><\/circle>\r\n                  <polyline points=\"12 6 12 12 16 14\"><\/polyline>\r\n                <\/svg>\r\n                <span>Lun-Ven: 09.00-17.00, Sab: 08.00-13.00<\/span>\r\n              <\/div>\r\n            <\/div>\r\n          <\/div>\r\n\r\n          <!-- Location 4 - Nova Gorica -->\r\n          <div class=\"location-card\">\r\n            <h3 class=\"location-name\">PE Nova Gorica<\/h3>\r\n            <div class=\"location-info\">\r\n              <div class=\"location-row\">\r\n                <svg viewbox=\"0 0 24 24\">\r\n                  <path d=\"M21 10c0 7-9 13-9 13s-9-6-9-13a9 9 0 0 1 18 0z\"><\/path>\r\n                  <circle cx=\"12\" cy=\"10\" r=\"3\"><\/circle>\r\n                <\/svg>\r\n                <span>Gr\u010dna 1, 5000 Nova Gorica<\/span>\r\n              <\/div>\r\n              <div class=\"location-row\">\r\n                <svg viewbox=\"0 0 24 24\">\r\n                  <path d=\"M22 16.92v3a2 2 0 0 1-2.18 2 19.79 19.79 0 0 1-8.63-3.07 19.5 19.5 0 0 1-6-6 19.79 19.79 0 0 1-3.07-8.67A2 2 0 0 1 4.11 2h3a2 2 0 0 1 2 1.72 12.84 12.84 0 0 0 .7 2.81 2 2 0 0 1-.45 2.11L8.09 9.91a16 16 0 0 0 6 6l1.27-1.27a2 2 0 0 1 2.11-.45 12.84 12.84 0 0 0 2.81.7A2 2 0 0 1 22 16.92z\"><\/path>\r\n                <\/svg>\r\n                <a href=\"tel:051692900\">051 692 900<\/a>\r\n              <\/div>\r\n              <div class=\"location-row\">\r\n                <svg viewbox=\"0 0 24 24\">\r\n                  <path d=\"M4 4h16c1.1 0 2 .9 2 2v12c0 1.1-.9 2-2 2H4c-1.1 0-2-.9-2-2V6c0-1.1.9-2 2-2z\"><\/path>\r\n                  <polyline points=\"22,6 12,13 2,6\"><\/polyline>\r\n                <\/svg>\r\n                <a href=\"mailto:novagorica@simak-keramika.si\">novagorica@simak-keramika.si<\/a>\r\n              <\/div>\r\n              <div class=\"location-row\">\r\n                <svg viewbox=\"0 0 24 24\">\r\n                  <circle cx=\"12\" cy=\"12\" r=\"10\"><\/circle>\r\n                  <polyline points=\"12 6 12 12 16 14\"><\/polyline>\r\n                <\/svg>\r\n                <span>Lun-Ven: 09.00-17.00, Sab: 08.00-13.00<\/span>\r\n              <\/div>\r\n            <\/div>\r\n          <\/div>\r\n\r\n        <\/div>\r\n\r\n        <!-- Map Link -->\r\n        <div class=\"map-link-wrapper\">\r\n          <a href=\"\/it\/sedi\/\" class=\"map-link\">\r\n            <svg viewbox=\"0 0 24 24\">\r\n              <polygon points=\"1 6 1 22 8 18 16 22 23 18 23 2 16 6 8 2 1 6\"><\/polygon>\r\n              <line x1=\"8\" y1=\"2\" x2=\"8\" y2=\"18\"><\/line>\r\n              <line x1=\"16\" y1=\"6\" x2=\"16\" y2=\"22\"><\/line>\r\n            <\/svg>\r\n            Guarda tutte le sedi sulla mappa\r\n            <svg viewbox=\"0 0 24 24\">\r\n              <line x1=\"5\" y1=\"12\" x2=\"19\" y2=\"12\"><\/line>\r\n              <polyline points=\"12 5 19 12 12 19\"><\/polyline>\r\n            <\/svg>\r\n          <\/a>\r\n        <\/div>\r\n      <\/div>\r\n\r\n    <\/div>\r\n  <\/div>\r\n<\/div>\r\n\t\t\t\t<\/div>\n\t\t\t\t<\/div>\n\t\t\t\t<\/div>\n\t\t\t\t<\/div>","protected":false},"excerpt":{"rendered":"<p>Kontaktirajte nas Z veseljem vam bomo pomagali pri izbiri keramike in kopalni\u0161ke opreme Po\u0161ljite nam sporo\u010dilo Ime in priimek * E-naslov * Telefon Zadeva Izberite zadevoSplo\u0161no povpra\u0161evanjePonudbaNaro\u010diloReklamacijaDrugo Sporo\u010dilo * Po\u0161lji sporo\u010dilo Na\u0161e poslovalnice PE Ljubljana &#8211; \u010crnu\u010de Cesta 24. junija 2, 1231 Ljubljana-\u010crnu\u010de 040 892 888 info@simak-keramika.si Pon-Pet: 08.00-18.00, Sob: 08.00-13.00 PE Postojna Re\u0161ka cesta [&hellip;]<\/p>\n","protected":false},"author":1,"featured_media":0,"parent":0,"menu_order":0,"comment_status":"closed","ping_status":"closed","template":"","meta":{"inline_featured_image":false,"footnotes":""},"class_list":["post-517","page","type-page","status-publish","hentry"],"_links":{"self":[{"href":"https:\/\/simak-keramika.si\/it\/wp-json\/wp\/v2\/pages\/517","targetHints":{"allow":["GET"]}}],"collection":[{"href":"https:\/\/simak-keramika.si\/it\/wp-json\/wp\/v2\/pages"}],"about":[{"href":"https:\/\/simak-keramika.si\/it\/wp-json\/wp\/v2\/types\/page"}],"author":[{"embeddable":true,"href":"https:\/\/simak-keramika.si\/it\/wp-json\/wp\/v2\/users\/1"}],"replies":[{"embeddable":true,"href":"https:\/\/simak-keramika.si\/it\/wp-json\/wp\/v2\/comments?post=517"}],"version-history":[{"count":19,"href":"https:\/\/simak-keramika.si\/it\/wp-json\/wp\/v2\/pages\/517\/revisions"}],"predecessor-version":[{"id":8150,"href":"https:\/\/simak-keramika.si\/it\/wp-json\/wp\/v2\/pages\/517\/revisions\/8150"}],"wp:attachment":[{"href":"https:\/\/simak-keramika.si\/it\/wp-json\/wp\/v2\/media?parent=517"}],"curies":[{"name":"wp","href":"https:\/\/api.w.org\/{rel}","templated":true}]}}