{"id":2570,"date":"2026-01-19T22:03:28","date_gmt":"2026-01-19T22:03:28","guid":{"rendered":"https:\/\/simak-keramika.si\/product\/pvc-distancniki-25mm-250-sklad\/"},"modified":"2026-04-24T23:39:01","modified_gmt":"2026-04-24T23:39:01","slug":"distanziatori-in-pvc-25mm-250-pezzi","status":"publish","type":"product","link":"https:\/\/simak-keramika.si\/it\/prodotto\/distanziatori-in-pvc-25mm-250-pezzi\/","title":{"rendered":"PVC DISTANZIATORI 2,5mm\/250"},"content":{"rendered":"<p data-start=\"1886\" data-end=\"2096\">I distanziali in PVC 2,5 mm SKLAD sono croci classiche per una larghezza uniforme della fuga nella posa di ceramica, gres e porcellana. Consentono una distanza precisa di 2,5 mm, linee rette delle fughe e una posa pi\u00f9 rapida su pareti o pavimenti.<\/p>\n<p data-start=\"2098\" data-end=\"2112\"><strong data-start=\"2098\" data-end=\"2112\">Vantaggi:<\/strong><\/p>\n<ul data-start=\"2113\" data-end=\"2228\">\n<li data-start=\"2113\" data-end=\"2139\">\n<p data-start=\"2115\" data-end=\"2139\">fuga uniforme di 2,5 mm<\/p>\n<\/li>\n<li data-start=\"2140\" data-end=\"2169\">\n<p data-start=\"2142\" data-end=\"2169\">linee rette e pulite delle fughe<\/p>\n<\/li>\n<li data-start=\"2170\" data-end=\"2189\">\n<p data-start=\"2172\" data-end=\"2189\">per pareti e pavimenti<\/p>\n<\/li>\n<li data-start=\"2190\" data-end=\"2228\">\n<p data-start=\"2192\" data-end=\"2228\">adatto per ceramica, gres, porcellana<\/p>\n<\/li>\n<\/ul>","protected":false},"excerpt":{"rendered":"<p>PVC distan\u010dniki 2,5 mm SKLAD so klasi\u010dni kri\u017eci za enakomerno \u0161irino fuge pri polaganju keramike, gresa in porcelana. Omogo\u010dajo natan\u010den 2,5 mm razmak, ravne linije fug in hitrej\u0161e polaganje na stenah ali tleh. Prednosti: enakomerna 2,5 mm fuga ravne in \u010diste linije fug za stene in tla primerno za keramiko, gres, porcelan<\/p>","protected":false},"featured_media":7366,"comment_status":"open","ping_status":"closed","template":"","meta":{"inline_featured_image":false},"product_brand":[],"product_cat":[39,37],"product_tag":[],"class_list":{"0":"post-2570","1":"product","2":"type-product","3":"status-publish","4":"has-post-thumbnail","6":"product_cat-orodje","7":"product_cat-pripomocki-za-mojstre","9":"first","10":"instock","11":"shipping-taxable","12":"purchasable","13":"product-type-simple"},"_links":{"self":[{"href":"https:\/\/simak-keramika.si\/it\/wp-json\/wp\/v2\/product\/2570","targetHints":{"allow":["GET"]}}],"collection":[{"href":"https:\/\/simak-keramika.si\/it\/wp-json\/wp\/v2\/product"}],"about":[{"href":"https:\/\/simak-keramika.si\/it\/wp-json\/wp\/v2\/types\/product"}],"replies":[{"embeddable":true,"href":"https:\/\/simak-keramika.si\/it\/wp-json\/wp\/v2\/comments?post=2570"}],"wp:featuredmedia":[{"embeddable":true,"href":"https:\/\/simak-keramika.si\/it\/wp-json\/wp\/v2\/media\/7366"}],"wp:attachment":[{"href":"https:\/\/simak-keramika.si\/it\/wp-json\/wp\/v2\/media?parent=2570"}],"wp:term":[{"taxonomy":"product_brand","embeddable":true,"href":"https:\/\/simak-keramika.si\/it\/wp-json\/wp\/v2\/product_brand?post=2570"},{"taxonomy":"product_cat","embeddable":true,"href":"https:\/\/simak-keramika.si\/it\/wp-json\/wp\/v2\/product_cat?post=2570"},{"taxonomy":"product_tag","embeddable":true,"href":"https:\/\/simak-keramika.si\/it\/wp-json\/wp\/v2\/product_tag?post=2570"}],"curies":[{"name":"wp","href":"https:\/\/api.w.org\/{rel}","templated":true}]}}