{"id":2577,"date":"2026-01-19T22:03:29","date_gmt":"2026-01-19T22:03:29","guid":{"rendered":"https:\/\/simak-keramika.si\/product\/profil-al-10mm-stopniscni-silver-27m\/"},"modified":"2026-04-24T23:45:08","modified_gmt":"2026-04-24T23:45:08","slug":"profilo-al-10mm-scala-argento-27m","status":"publish","type":"product","link":"https:\/\/simak-keramika.si\/it\/prodotto\/profilo-al-10mm-scala-argento-27m\/","title":{"rendered":"Profilo Al. 10mm per scale argento 2,7M"},"content":{"rendered":"<p data-start=\"138\" data-end=\"488\">Il profilo per scale in alluminio \u00e8 destinato alla protezione e alla finitura del bordo dei gradini con rivestimenti in ceramica. Il bordo del gradino \u00e8 il pi\u00f9 soggetto a usura durante il camminamento e gli urti, quindi il profilo riduce la possibilit\u00e0 di scheggiature sulle piastrelle, migliora la resistenza all'usura e garantisce una finitura piana e pulita. Si installa nella colla sotto il rivestimento, mentre la parte visibile funge da bordo protettivo resistente del gradino.<\/p>\n<p data-start=\"490\" data-end=\"511\"><strong data-start=\"490\" data-end=\"511\">Caratteristiche principali<\/strong><\/p>\n<ul data-start=\"512\" data-end=\"700\">\n<li data-start=\"512\" data-end=\"534\">\n<p data-start=\"514\" data-end=\"534\">Materiale: alluminio<\/p>\n<\/li>\n<li data-start=\"535\" data-end=\"562\">\n<p data-start=\"537\" data-end=\"562\">Altezza per rivestimento: 10 mm<\/p>\n<\/li>\n<li data-start=\"563\" data-end=\"581\">\n<p data-start=\"565\" data-end=\"581\">Lunghezza: 2,7 m<\/p>\n<\/li>\n<li data-start=\"582\" data-end=\"635\">\n<p data-start=\"584\" data-end=\"635\">Scopo: protezione del bordo del gradino + finitura estetica<\/p>\n<\/li>\n<li data-start=\"636\" data-end=\"700\">\n<p data-start=\"638\" data-end=\"700\">Uso: scale con rivestimenti in ceramica (interni ed esterni)<\/p>\n<\/li>\n<\/ul>","protected":false},"excerpt":{"rendered":"<p>Aluminijast stopni\u0161\u010dni profil je namenjen za\u0161\u010diti in zaklju\u010dku roba stopnic pri kerami\u010dnih oblogah. Rob stopnice najbolj trpi pri hoji in udarcih, zato profil zmanj\u0161a mo\u017enost odkru\u0161kov na plo\u0161\u010dicah, izbolj\u0161a odpornost na obrabo in poskrbi za raven, \u010dist zaklju\u010dek. Vgradi se v lepilo pod oblogo, vidni del pa deluje kot trpe\u017een za\u0161\u010ditni rob stopnice. Klju\u010dne lastnosti [&hellip;]<\/p>\n","protected":false},"featured_media":7209,"comment_status":"open","ping_status":"closed","template":"","meta":{"inline_featured_image":false},"product_brand":[],"product_cat":[37,43],"product_tag":[],"class_list":{"0":"post-2577","1":"product","2":"type-product","3":"status-publish","4":"has-post-thumbnail","6":"product_cat-pripomocki-za-mojstre","7":"product_cat-profili","9":"first","10":"instock","11":"shipping-taxable","12":"purchasable","13":"product-type-simple"},"_links":{"self":[{"href":"https:\/\/simak-keramika.si\/it\/wp-json\/wp\/v2\/product\/2577","targetHints":{"allow":["GET"]}}],"collection":[{"href":"https:\/\/simak-keramika.si\/it\/wp-json\/wp\/v2\/product"}],"about":[{"href":"https:\/\/simak-keramika.si\/it\/wp-json\/wp\/v2\/types\/product"}],"replies":[{"embeddable":true,"href":"https:\/\/simak-keramika.si\/it\/wp-json\/wp\/v2\/comments?post=2577"}],"wp:featuredmedia":[{"embeddable":true,"href":"https:\/\/simak-keramika.si\/it\/wp-json\/wp\/v2\/media\/7209"}],"wp:attachment":[{"href":"https:\/\/simak-keramika.si\/it\/wp-json\/wp\/v2\/media?parent=2577"}],"wp:term":[{"taxonomy":"product_brand","embeddable":true,"href":"https:\/\/simak-keramika.si\/it\/wp-json\/wp\/v2\/product_brand?post=2577"},{"taxonomy":"product_cat","embeddable":true,"href":"https:\/\/simak-keramika.si\/it\/wp-json\/wp\/v2\/product_cat?post=2577"},{"taxonomy":"product_tag","embeddable":true,"href":"https:\/\/simak-keramika.si\/it\/wp-json\/wp\/v2\/product_tag?post=2577"}],"curies":[{"name":"wp","href":"https:\/\/api.w.org\/{rel}","templated":true}]}}