{"id":2580,"date":"2026-01-19T22:03:29","date_gmt":"2026-01-19T22:03:29","guid":{"rendered":"https:\/\/simak-keramika.si\/product\/pvc-distancniki-1mm-250-sklad\/"},"modified":"2026-04-28T22:38:58","modified_gmt":"2026-04-28T22:38:58","slug":"distanziatori-in-pvc-1mm-250-pezzi","status":"publish","type":"product","link":"https:\/\/simak-keramika.si\/it\/prodotto\/distanziatori-in-pvc-1mm-250-pezzi\/","title":{"rendered":"PVC DISTANZIATORI 1mm\/250"},"content":{"rendered":"<p data-start=\"1868\" data-end=\"2071\">I distanziali in PVC 1 mm SKLAD sono croci per fughe molto strette e precise nella posa di ceramica, gres e porcellana. Consentono una distanza uniforme di 1 mm, linee di fuga dritte e una posa pi\u00f9 rapida su pareti o pavimenti.<\/p>\n<p data-start=\"2073\" data-end=\"2087\"><strong data-start=\"2073\" data-end=\"2087\">Vantaggi:<\/strong><\/p>\n<ul data-start=\"2088\" data-end=\"2199\">\n<li data-start=\"2088\" data-end=\"2112\">\n<p data-start=\"2090\" data-end=\"2112\">fuga uniforme di 1 mm<\/p>\n<\/li>\n<li data-start=\"2113\" data-end=\"2140\">\n<p data-start=\"2115\" data-end=\"2140\">finitura molto precisa<\/p>\n<\/li>\n<li data-start=\"2141\" data-end=\"2160\">\n<p data-start=\"2143\" data-end=\"2160\">per pareti e pavimenti<\/p>\n<\/li>\n<li data-start=\"2161\" data-end=\"2199\">\n<p data-start=\"2163\" data-end=\"2199\">adatto per ceramica, gres, porcellana<\/p>\n<\/li>\n<\/ul>","protected":false},"excerpt":{"rendered":"<p>PVC distan\u010dniki 1 mm SKLAD so kri\u017eci za zelo ozko in natan\u010dno fugo pri polaganju keramike, gresa in porcelana. Omogo\u010dajo enakomeren 1 mm razmak, ravne linije fug in hitrej\u0161e polaganje na stenah ali tleh. Prednosti: enakomerna 1 mm fuga zelo natan\u010den zaklju\u010dek za stene in tla primerno za keramiko, gres, porcelan<\/p>","protected":false},"featured_media":7363,"comment_status":"open","ping_status":"closed","template":"","meta":{"inline_featured_image":false},"product_brand":[],"product_cat":[39,37],"product_tag":[],"class_list":{"0":"post-2580","1":"product","2":"type-product","3":"status-publish","4":"has-post-thumbnail","6":"product_cat-orodje","7":"product_cat-pripomocki-za-mojstre","9":"first","10":"instock","11":"shipping-taxable","12":"purchasable","13":"product-type-simple"},"_links":{"self":[{"href":"https:\/\/simak-keramika.si\/it\/wp-json\/wp\/v2\/product\/2580","targetHints":{"allow":["GET"]}}],"collection":[{"href":"https:\/\/simak-keramika.si\/it\/wp-json\/wp\/v2\/product"}],"about":[{"href":"https:\/\/simak-keramika.si\/it\/wp-json\/wp\/v2\/types\/product"}],"replies":[{"embeddable":true,"href":"https:\/\/simak-keramika.si\/it\/wp-json\/wp\/v2\/comments?post=2580"}],"wp:featuredmedia":[{"embeddable":true,"href":"https:\/\/simak-keramika.si\/it\/wp-json\/wp\/v2\/media\/7363"}],"wp:attachment":[{"href":"https:\/\/simak-keramika.si\/it\/wp-json\/wp\/v2\/media?parent=2580"}],"wp:term":[{"taxonomy":"product_brand","embeddable":true,"href":"https:\/\/simak-keramika.si\/it\/wp-json\/wp\/v2\/product_brand?post=2580"},{"taxonomy":"product_cat","embeddable":true,"href":"https:\/\/simak-keramika.si\/it\/wp-json\/wp\/v2\/product_cat?post=2580"},{"taxonomy":"product_tag","embeddable":true,"href":"https:\/\/simak-keramika.si\/it\/wp-json\/wp\/v2\/product_tag?post=2580"}],"curies":[{"name":"wp","href":"https:\/\/api.w.org\/{rel}","templated":true}]}}