{"id":2583,"date":"2026-01-19T22:03:29","date_gmt":"2026-01-19T22:03:29","guid":{"rendered":"https:\/\/simak-keramika.si\/product\/izravnalna-zagozdica-1-100\/"},"modified":"2026-04-24T20:15:06","modified_gmt":"2026-04-24T20:15:06","slug":"izravnalna-zagozdica-1-100","status":"publish","type":"product","link":"https:\/\/simak-keramika.si\/it\/prodotto\/izravnalna-zagozdica-1-100\/","title":{"rendered":"CUNEO DI LIVELLAMENTO 1\/100"},"content":{"rendered":"<p data-start=\"1989\" data-end=\"2265\">Kajle za niveliranje SKLAD so del sistema za izravnavo plo\u0161\u010dic. Z vstavljanjem v spojnik omogo\u010dajo natan\u010dno zategovanje in poravnavo robov plo\u0161\u010dic, kar zmanj\u0161a vi\u0161inske razlike in izbolj\u0161a kon\u010dni videz. Primerne so za polaganje keramike, gresa in porcelana na stenah ali tleh.<\/p>\n<p data-start=\"2267\" data-end=\"2281\"><strong data-start=\"2267\" data-end=\"2281\">Vantaggi:<\/strong><\/p>\n<ul data-start=\"2282\" data-end=\"2380\">\n<li data-start=\"2282\" data-end=\"2322\">\n<p data-start=\"2284\" data-end=\"2322\">bolj ravna povr\u0161ina, manj \u201cstopni\u010dk\u201d<\/p>\n<\/li>\n<li data-start=\"2323\" data-end=\"2362\">\n<p data-start=\"2325\" data-end=\"2362\">hitrej\u0161e in bolj natan\u010dno polaganje<\/p>\n<\/li>\n<li data-start=\"2363\" data-end=\"2380\">\n<p data-start=\"2365\" data-end=\"2380\">per pareti e pavimenti<\/p>\n<\/li>\n<\/ul>","protected":false},"excerpt":{"rendered":"<p>Kajle za niveliranje SKLAD so del sistema za izravnavo plo\u0161\u010dic. Z vstavljanjem v spojnik omogo\u010dajo natan\u010dno zategovanje in poravnavo robov plo\u0161\u010dic, kar zmanj\u0161a vi\u0161inske razlike in izbolj\u0161a kon\u010dni videz. Primerne so za polaganje keramike, gresa in porcelana na stenah ali tleh. Prednosti: bolj ravna povr\u0161ina, manj \u201cstopni\u010dk\u201d hitrej\u0161e in bolj natan\u010dno polaganje za stene in [&hellip;]<\/p>\n","protected":false},"featured_media":7361,"comment_status":"open","ping_status":"closed","template":"","meta":{"inline_featured_image":false},"product_brand":[],"product_cat":[39,37],"product_tag":[],"class_list":{"0":"post-2583","1":"product","2":"type-product","3":"status-publish","4":"has-post-thumbnail","6":"product_cat-orodje","7":"product_cat-pripomocki-za-mojstre","9":"first","10":"instock","11":"shipping-taxable","12":"purchasable","13":"product-type-simple"},"_links":{"self":[{"href":"https:\/\/simak-keramika.si\/it\/wp-json\/wp\/v2\/product\/2583","targetHints":{"allow":["GET"]}}],"collection":[{"href":"https:\/\/simak-keramika.si\/it\/wp-json\/wp\/v2\/product"}],"about":[{"href":"https:\/\/simak-keramika.si\/it\/wp-json\/wp\/v2\/types\/product"}],"replies":[{"embeddable":true,"href":"https:\/\/simak-keramika.si\/it\/wp-json\/wp\/v2\/comments?post=2583"}],"wp:featuredmedia":[{"embeddable":true,"href":"https:\/\/simak-keramika.si\/it\/wp-json\/wp\/v2\/media\/7361"}],"wp:attachment":[{"href":"https:\/\/simak-keramika.si\/it\/wp-json\/wp\/v2\/media?parent=2583"}],"wp:term":[{"taxonomy":"product_brand","embeddable":true,"href":"https:\/\/simak-keramika.si\/it\/wp-json\/wp\/v2\/product_brand?post=2583"},{"taxonomy":"product_cat","embeddable":true,"href":"https:\/\/simak-keramika.si\/it\/wp-json\/wp\/v2\/product_cat?post=2583"},{"taxonomy":"product_tag","embeddable":true,"href":"https:\/\/simak-keramika.si\/it\/wp-json\/wp\/v2\/product_tag?post=2583"}],"curies":[{"name":"wp","href":"https:\/\/api.w.org\/{rel}","templated":true}]}}