{"id":2587,"date":"2026-01-19T22:03:29","date_gmt":"2026-01-19T22:03:29","guid":{"rendered":"https:\/\/simak-keramika.si\/product\/pvc-distancniki-4mm-200\/"},"modified":"2026-04-24T20:15:06","modified_gmt":"2026-04-24T20:15:06","slug":"distanziatori-in-pvc-4mm-200","status":"publish","type":"product","link":"https:\/\/simak-keramika.si\/it\/prodotto\/distanziatori-in-pvc-4mm-200\/","title":{"rendered":"DISTANZIALI IN PVC 4mm\/200"},"content":{"rendered":"<p data-start=\"1862\" data-end=\"2072\">I distanziali in PVC 4 mm (200 pezzi) sono croci classiche per una larghezza uniforme della fuga nella posa di ceramica, gres e porcellana. Consentono una distanza precisa di 4 mm, linee rette delle fughe e una posa pi\u00f9 veloce su pareti o pavimenti.<\/p>\n<p data-start=\"2074\" data-end=\"2088\"><strong data-start=\"2074\" data-end=\"2088\">Vantaggi:<\/strong><\/p>\n<ul data-start=\"2089\" data-end=\"2184\">\n<li data-start=\"2089\" data-end=\"2113\">\n<p data-start=\"2091\" data-end=\"2113\">fuga uniforme di 4 mm<\/p>\n<\/li>\n<li data-start=\"2114\" data-end=\"2143\">\n<p data-start=\"2116\" data-end=\"2143\">linee rette e pulite delle fughe<\/p>\n<\/li>\n<li data-start=\"2144\" data-end=\"2163\">\n<p data-start=\"2146\" data-end=\"2163\">per pareti e pavimenti<\/p>\n<\/li>\n<li data-start=\"2164\" data-end=\"2184\">\n<p data-start=\"2166\" data-end=\"2184\">confezione: 200 pezzi<\/p>\n<\/li>\n<\/ul>","protected":false},"excerpt":{"rendered":"<p>PVC distan\u010dniki 4 mm (200 kos) so klasi\u010dni kri\u017eci za enakomerno \u0161irino fuge pri polaganju keramike, gresa in porcelana. Omogo\u010dajo natan\u010den 4 mm razmak, ravne linije fug in hitrej\u0161e polaganje na stenah ali tleh. Prednosti: enakomerna 4 mm fuga ravne in \u010diste linije fug za stene in tla pakiranje: 200 kos<\/p>","protected":false},"featured_media":7348,"comment_status":"open","ping_status":"closed","template":"","meta":{"inline_featured_image":false},"product_brand":[],"product_cat":[39,37],"product_tag":[],"class_list":{"0":"post-2587","1":"product","2":"type-product","3":"status-publish","4":"has-post-thumbnail","6":"product_cat-orodje","7":"product_cat-pripomocki-za-mojstre","9":"first","10":"instock","11":"shipping-taxable","12":"purchasable","13":"product-type-simple"},"_links":{"self":[{"href":"https:\/\/simak-keramika.si\/it\/wp-json\/wp\/v2\/product\/2587","targetHints":{"allow":["GET"]}}],"collection":[{"href":"https:\/\/simak-keramika.si\/it\/wp-json\/wp\/v2\/product"}],"about":[{"href":"https:\/\/simak-keramika.si\/it\/wp-json\/wp\/v2\/types\/product"}],"replies":[{"embeddable":true,"href":"https:\/\/simak-keramika.si\/it\/wp-json\/wp\/v2\/comments?post=2587"}],"wp:featuredmedia":[{"embeddable":true,"href":"https:\/\/simak-keramika.si\/it\/wp-json\/wp\/v2\/media\/7348"}],"wp:attachment":[{"href":"https:\/\/simak-keramika.si\/it\/wp-json\/wp\/v2\/media?parent=2587"}],"wp:term":[{"taxonomy":"product_brand","embeddable":true,"href":"https:\/\/simak-keramika.si\/it\/wp-json\/wp\/v2\/product_brand?post=2587"},{"taxonomy":"product_cat","embeddable":true,"href":"https:\/\/simak-keramika.si\/it\/wp-json\/wp\/v2\/product_cat?post=2587"},{"taxonomy":"product_tag","embeddable":true,"href":"https:\/\/simak-keramika.si\/it\/wp-json\/wp\/v2\/product_tag?post=2587"}],"curies":[{"name":"wp","href":"https:\/\/api.w.org\/{rel}","templated":true}]}}