{"id":2588,"date":"2026-01-19T22:03:29","date_gmt":"2026-01-19T22:03:29","guid":{"rendered":"https:\/\/simak-keramika.si\/product\/pvc-distancniki-5mm-200\/"},"modified":"2026-04-24T20:15:06","modified_gmt":"2026-04-24T20:15:06","slug":"pvc-distancniki-5mm-200","status":"publish","type":"product","link":"https:\/\/simak-keramika.si\/it\/prodotto\/pvc-distancniki-5mm-200\/","title":{"rendered":"DISTANZIATORI IN PVC 5mm\/200"},"content":{"rendered":"<p data-start=\"1732\" data-end=\"1952\">PVC distan\u010dniki 5 mm (200 kos) so klasi\u010dni kri\u017eci za enakomerno \u0161irino fuge pri polaganju keramike, gresa in porcelana. Omogo\u010dajo hitrej\u0161e delo, ravne linije fug in natan\u010den 5 mm razmak med plo\u0161\u010dicami na stenah ali tleh.<\/p>\n<p data-start=\"1954\" data-end=\"1968\"><strong data-start=\"1954\" data-end=\"1968\">Vantaggi:<\/strong><\/p>\n<ul data-start=\"1969\" data-end=\"2064\">\n<li data-start=\"1969\" data-end=\"1993\">\n<p data-start=\"1971\" data-end=\"1993\">enakomerna 5 mm fuga<\/p>\n<\/li>\n<li data-start=\"1994\" data-end=\"2023\">\n<p data-start=\"1996\" data-end=\"2023\">linee rette e pulite delle fughe<\/p>\n<\/li>\n<li data-start=\"2024\" data-end=\"2043\">\n<p data-start=\"2026\" data-end=\"2043\">per pareti e pavimenti<\/p>\n<\/li>\n<li data-start=\"2044\" data-end=\"2064\">\n<p data-start=\"2046\" data-end=\"2064\">confezione: 200 pezzi<\/p>\n<\/li>\n<\/ul>","protected":false},"excerpt":{"rendered":"<p>PVC distan\u010dniki 5 mm (200 kos) so klasi\u010dni kri\u017eci za enakomerno \u0161irino fuge pri polaganju keramike, gresa in porcelana. Omogo\u010dajo hitrej\u0161e delo, ravne linije fug in natan\u010den 5 mm razmak med plo\u0161\u010dicami na stenah ali tleh. Prednosti: enakomerna 5 mm fuga ravne in \u010diste linije fug za stene in tla pakiranje: 200 kos<\/p>","protected":false},"featured_media":7341,"comment_status":"open","ping_status":"closed","template":"","meta":{"inline_featured_image":false},"product_brand":[],"product_cat":[39,37],"product_tag":[],"class_list":{"0":"post-2588","1":"product","2":"type-product","3":"status-publish","4":"has-post-thumbnail","6":"product_cat-orodje","7":"product_cat-pripomocki-za-mojstre","9":"first","10":"instock","11":"shipping-taxable","12":"purchasable","13":"product-type-simple"},"_links":{"self":[{"href":"https:\/\/simak-keramika.si\/it\/wp-json\/wp\/v2\/product\/2588","targetHints":{"allow":["GET"]}}],"collection":[{"href":"https:\/\/simak-keramika.si\/it\/wp-json\/wp\/v2\/product"}],"about":[{"href":"https:\/\/simak-keramika.si\/it\/wp-json\/wp\/v2\/types\/product"}],"replies":[{"embeddable":true,"href":"https:\/\/simak-keramika.si\/it\/wp-json\/wp\/v2\/comments?post=2588"}],"wp:featuredmedia":[{"embeddable":true,"href":"https:\/\/simak-keramika.si\/it\/wp-json\/wp\/v2\/media\/7341"}],"wp:attachment":[{"href":"https:\/\/simak-keramika.si\/it\/wp-json\/wp\/v2\/media?parent=2588"}],"wp:term":[{"taxonomy":"product_brand","embeddable":true,"href":"https:\/\/simak-keramika.si\/it\/wp-json\/wp\/v2\/product_brand?post=2588"},{"taxonomy":"product_cat","embeddable":true,"href":"https:\/\/simak-keramika.si\/it\/wp-json\/wp\/v2\/product_cat?post=2588"},{"taxonomy":"product_tag","embeddable":true,"href":"https:\/\/simak-keramika.si\/it\/wp-json\/wp\/v2\/product_tag?post=2588"}],"curies":[{"name":"wp","href":"https:\/\/api.w.org\/{rel}","templated":true}]}}