{"id":2590,"date":"2026-01-19T22:03:30","date_gmt":"2026-01-19T22:03:30","guid":{"rendered":"https:\/\/simak-keramika.si\/product\/profil-al-10mm-stopniscni-ac-silver-stop\/"},"modified":"2026-04-24T20:15:06","modified_gmt":"2026-04-24T20:15:06","slug":"profilo-al-10mm-gradino-ac-argento-stop","status":"publish","type":"product","link":"https:\/\/simak-keramika.si\/it\/prodotto\/profilo-al-10mm-gradino-ac-argento-stop\/","title":{"rendered":"Profilo Al. 10mm per scale AC argento"},"content":{"rendered":"<p data-start=\"203\" data-end=\"533\">Il profilo scala in alluminio \u00e8 destinato alla protezione e alla finitura del bordo dei gradini con rivestimenti in ceramica. Riduce la possibilit\u00e0 di scheggiature sul bordo delle piastrelle, migliora la resistenza agli urti e all'usura e garantisce una finitura pulita e livellata del bordo del gradino. Il profilo viene installato nella colla sotto il rivestimento, mentre la parte visibile funge da bordo protettivo resistente del gradino.<\/p>\n<p data-start=\"535\" data-end=\"556\"><strong data-start=\"535\" data-end=\"556\">Caratteristiche principali<\/strong><\/p>\n<ul data-start=\"557\" data-end=\"806\">\n<li data-start=\"557\" data-end=\"579\">\n<p data-start=\"559\" data-end=\"579\">Materiale: alluminio<\/p>\n<\/li>\n<li data-start=\"580\" data-end=\"607\">\n<p data-start=\"582\" data-end=\"607\">Altezza per rivestimento: 10 mm<\/p>\n<\/li>\n<li data-start=\"608\" data-end=\"656\">\n<p data-start=\"610\" data-end=\"656\">Esecuzione: profilo scala (per bordo gradino)<\/p>\n<\/li>\n<li data-start=\"657\" data-end=\"737\">\n<p data-start=\"659\" data-end=\"737\">Vantaggio: protezione del bordo delle piastrelle da urti e usura, bella finitura del gradino<\/p>\n<\/li>\n<li data-start=\"738\" data-end=\"806\">\n<p data-start=\"740\" data-end=\"806\">Uso: scale interne ed esterne, bordi dei gradini con ceramica<\/p>\n<\/li>\n<\/ul>","protected":false},"excerpt":{"rendered":"<p>Aluminijast stopni\u0161\u010dni profil je namenjen za\u0161\u010diti in zaklju\u010dku roba stopnic pri kerami\u010dnih oblogah. Zmanj\u0161a mo\u017enost odkru\u0161kov na robu plo\u0161\u010dic, izbolj\u0161a odpornost na udarce in obrabo ter poskrbi za raven, \u010dist zaklju\u010dek stopni\u0161\u010dnega roba. Profil se vgradi v lepilo pod oblogo, vidni del pa deluje kot trpe\u017een za\u0161\u010ditni rob stopnice. Klju\u010dne lastnosti Material: aluminij Vi\u0161ina za [&hellip;]<\/p>\n","protected":false},"featured_media":7204,"comment_status":"open","ping_status":"closed","template":"","meta":{"inline_featured_image":false},"product_brand":[],"product_cat":[37,43],"product_tag":[],"class_list":{"0":"post-2590","1":"product","2":"type-product","3":"status-publish","4":"has-post-thumbnail","6":"product_cat-pripomocki-za-mojstre","7":"product_cat-profili","9":"first","10":"instock","11":"shipping-taxable","12":"purchasable","13":"product-type-simple"},"_links":{"self":[{"href":"https:\/\/simak-keramika.si\/it\/wp-json\/wp\/v2\/product\/2590","targetHints":{"allow":["GET"]}}],"collection":[{"href":"https:\/\/simak-keramika.si\/it\/wp-json\/wp\/v2\/product"}],"about":[{"href":"https:\/\/simak-keramika.si\/it\/wp-json\/wp\/v2\/types\/product"}],"replies":[{"embeddable":true,"href":"https:\/\/simak-keramika.si\/it\/wp-json\/wp\/v2\/comments?post=2590"}],"wp:featuredmedia":[{"embeddable":true,"href":"https:\/\/simak-keramika.si\/it\/wp-json\/wp\/v2\/media\/7204"}],"wp:attachment":[{"href":"https:\/\/simak-keramika.si\/it\/wp-json\/wp\/v2\/media?parent=2590"}],"wp:term":[{"taxonomy":"product_brand","embeddable":true,"href":"https:\/\/simak-keramika.si\/it\/wp-json\/wp\/v2\/product_brand?post=2590"},{"taxonomy":"product_cat","embeddable":true,"href":"https:\/\/simak-keramika.si\/it\/wp-json\/wp\/v2\/product_cat?post=2590"},{"taxonomy":"product_tag","embeddable":true,"href":"https:\/\/simak-keramika.si\/it\/wp-json\/wp\/v2\/product_tag?post=2590"}],"curies":[{"name":"wp","href":"https:\/\/api.w.org\/{rel}","templated":true}]}}