{"id":2594,"date":"2026-01-19T22:03:30","date_gmt":"2026-01-19T22:03:30","guid":{"rendered":"https:\/\/simak-keramika.si\/product\/profil-al-10mm-kotni-27m\/"},"modified":"2026-04-25T03:30:09","modified_gmt":"2026-04-25T03:30:09","slug":"profilo-al-10mm-angolare-27m","status":"publish","type":"product","link":"https:\/\/simak-keramika.si\/it\/prodotto\/profilo-al-10mm-angolare-27m\/","title":{"rendered":"Profilo Al. 10mm angolare 2,7M"},"content":{"rendered":"<p data-start=\"125\" data-end=\"531\">Il profilo angolare in alluminio \u00e8 un profilo di finitura per bordi e angoli di rivestimenti ceramici, che protegge il bordo delle piastrelle da urti e scheggiature e garantisce una finitura pulita e diritta. Si utilizza negli angoli interni ed esterni e nelle finiture dei rivestimenti (ad es. nicchie, bordi lungo le pareti, passaggi), dove si desidera un bordo resistente e una bella finitura. Il profilo viene installato nella colla sotto le piastrelle, mentre la parte visibile rimane come finitura angolare protettiva.<\/p>\n<p data-start=\"533\" data-end=\"554\"><strong data-start=\"533\" data-end=\"554\">Caratteristiche principali<\/strong><\/p>\n<ul data-start=\"555\" data-end=\"768\">\n<li data-start=\"555\" data-end=\"577\">\n<p data-start=\"557\" data-end=\"577\">Materiale: alluminio<\/p>\n<\/li>\n<li data-start=\"578\" data-end=\"605\">\n<p data-start=\"580\" data-end=\"605\">Altezza per rivestimento: 10 mm<\/p>\n<\/li>\n<li data-start=\"606\" data-end=\"624\">\n<p data-start=\"608\" data-end=\"624\">Lunghezza: 2,7 m<\/p>\n<\/li>\n<li data-start=\"625\" data-end=\"683\">\n<p data-start=\"627\" data-end=\"683\">Scopo: protezione del bordo\/angolo + finitura estetica del rivestimento<\/p>\n<\/li>\n<li data-start=\"684\" data-end=\"768\">\n<p data-start=\"686\" data-end=\"768\">Uso: angoli interni ed esterni, finiture di rivestimenti ceramici, bordi e passaggi<\/p>\n<\/li>\n<\/ul>","protected":false},"excerpt":{"rendered":"<p>Aluminijast kotni profil je zaklju\u010dni profil za robove in vogale kerami\u010dnih oblog, ki za\u0161\u010diti rob plo\u0161\u010dic pred udarci in odkru\u0161ki ter poskrbi za \u010dist, raven zaklju\u010dek. Uporablja se pri notranjih in zunanjih vogalih ter zaklju\u010dkih oblog (npr. ni\u0161e, robovi ob stenah, prehodi), kjer \u017eeli\u0161 trpe\u017een rob in lep zaklju\u010dek. Profil se vgradi v lepilo pod [&hellip;]<\/p>\n","protected":false},"featured_media":7206,"comment_status":"open","ping_status":"closed","template":"","meta":{"inline_featured_image":false},"product_brand":[],"product_cat":[37,43],"product_tag":[],"class_list":{"0":"post-2594","1":"product","2":"type-product","3":"status-publish","4":"has-post-thumbnail","6":"product_cat-pripomocki-za-mojstre","7":"product_cat-profili","9":"first","10":"instock","11":"shipping-taxable","12":"purchasable","13":"product-type-simple"},"_links":{"self":[{"href":"https:\/\/simak-keramika.si\/it\/wp-json\/wp\/v2\/product\/2594","targetHints":{"allow":["GET"]}}],"collection":[{"href":"https:\/\/simak-keramika.si\/it\/wp-json\/wp\/v2\/product"}],"about":[{"href":"https:\/\/simak-keramika.si\/it\/wp-json\/wp\/v2\/types\/product"}],"replies":[{"embeddable":true,"href":"https:\/\/simak-keramika.si\/it\/wp-json\/wp\/v2\/comments?post=2594"}],"wp:featuredmedia":[{"embeddable":true,"href":"https:\/\/simak-keramika.si\/it\/wp-json\/wp\/v2\/media\/7206"}],"wp:attachment":[{"href":"https:\/\/simak-keramika.si\/it\/wp-json\/wp\/v2\/media?parent=2594"}],"wp:term":[{"taxonomy":"product_brand","embeddable":true,"href":"https:\/\/simak-keramika.si\/it\/wp-json\/wp\/v2\/product_brand?post=2594"},{"taxonomy":"product_cat","embeddable":true,"href":"https:\/\/simak-keramika.si\/it\/wp-json\/wp\/v2\/product_cat?post=2594"},{"taxonomy":"product_tag","embeddable":true,"href":"https:\/\/simak-keramika.si\/it\/wp-json\/wp\/v2\/product_tag?post=2594"}],"curies":[{"name":"wp","href":"https:\/\/api.w.org\/{rel}","templated":true}]}}