{"id":2599,"date":"2026-01-19T22:03:31","date_gmt":"2026-01-19T22:03:31","guid":{"rendered":"https:\/\/simak-keramika.si\/product\/murexin-kit-sanit-sivo-rjava\/"},"modified":"2026-04-24T23:39:02","modified_gmt":"2026-04-24T23:39:02","slug":"murexin-kit-sanit-grigio-marrone","status":"publish","type":"product","link":"https:\/\/simak-keramika.si\/it\/prodotto\/murexin-kit-sanit-grigio-marrone\/","title":{"rendered":"180 GRIGIO-MARRONE 310ml"},"content":{"rendered":"<p data-start=\"169\" data-end=\"584\">Murexin SIL 60 \u00e8 un sigillante siliconico sanitario monocomponente per la sigillatura di giunti di dilatazione e giunzioni a parete e pavimento in rivestimenti ceramici. \u00c8 resistente ai raggi UV e agli agenti atmosferici, impermeabile e permanentemente elastico con un movimento di dilatazione fino al 20 %, ed \u00e8 resistente alla formazione di muffe e batteri, quindi adatto per bagni, cabine doccia, cucine e altri ambienti umidi, anche all'esterno.<\/p>\n<p data-start=\"586\" data-end=\"607\"><strong data-start=\"586\" data-end=\"607\">Caratteristiche principali<\/strong><\/p>\n<ul data-start=\"608\" data-end=\"1281\">\n<li data-start=\"608\" data-end=\"677\">\n<p data-start=\"610\" data-end=\"677\">Confezione: 310 ml (cartuccia)<\/p>\n<\/li>\n<li data-start=\"678\" data-end=\"776\">\n<p data-start=\"680\" data-end=\"776\">Tipo: silicone monocomponente, reticolato acetico (acetoxy)<\/p>\n<\/li>\n<li data-start=\"777\" data-end=\"869\">\n<p data-start=\"779\" data-end=\"869\">Elasticit\u00e0: permanentemente elastico, fino al 20 % di dilatazione<\/p>\n<\/li>\n<li data-start=\"870\" data-end=\"957\">\n<p data-start=\"872\" data-end=\"957\">Resistenza: resistente ai raggi UV e agli agenti atmosferici, impermeabile<\/p>\n<\/li>\n<li data-start=\"958\" data-end=\"1047\">\n<p data-start=\"960\" data-end=\"1047\">Igiene: resistente alla formazione di muffe e batteri<\/p>\n<\/li>\n<li data-start=\"1048\" data-end=\"1156\">\n<p data-start=\"1050\" data-end=\"1156\">Standard: EN 15651-1 (facciate) e EN 15651-3 S (ambienti sanitari)<\/p>\n<\/li>\n<li data-start=\"1157\" data-end=\"1281\">\n<p data-start=\"1159\" data-end=\"1281\">Consumo (orientativo): 1 cartuccia circa 10 metri lineari con larghezza del giunto di 5 mm<\/p>\n<\/li>\n<\/ul>\n<p data-start=\"1283\" data-end=\"1302\"><strong data-start=\"1283\" data-end=\"1293\">Colore:<\/strong> grigio marrone<\/p>","protected":false},"excerpt":{"rendered":"<p>Murexin SIL 60 je enokomponentna sanitarna silikonska tesnilna masa za tesnjenje razteznih fug ter stenskih in talnih spojev pri kerami\u010dnih oblogah. Je UV in vremensko odporna, vodotesna in trajno elasti\u010dna z razteznim pomikom do 20 %, hkrati pa je odporna na nastanek plesni in bakterij, zato je primerna za kopalnice, tu\u0161 kabine, kuhinje in druge [&hellip;]<\/p>\n","protected":false},"featured_media":7165,"comment_status":"open","ping_status":"closed","template":"","meta":{"inline_featured_image":false},"product_brand":[],"product_cat":[42,37],"product_tag":[],"class_list":{"0":"post-2599","1":"product","2":"type-product","3":"status-publish","4":"has-post-thumbnail","6":"product_cat-fugirne-mase-in-silikoni","7":"product_cat-pripomocki-za-mojstre","9":"first","10":"instock","11":"shipping-taxable","12":"purchasable","13":"product-type-simple"},"_links":{"self":[{"href":"https:\/\/simak-keramika.si\/it\/wp-json\/wp\/v2\/product\/2599","targetHints":{"allow":["GET"]}}],"collection":[{"href":"https:\/\/simak-keramika.si\/it\/wp-json\/wp\/v2\/product"}],"about":[{"href":"https:\/\/simak-keramika.si\/it\/wp-json\/wp\/v2\/types\/product"}],"replies":[{"embeddable":true,"href":"https:\/\/simak-keramika.si\/it\/wp-json\/wp\/v2\/comments?post=2599"}],"wp:featuredmedia":[{"embeddable":true,"href":"https:\/\/simak-keramika.si\/it\/wp-json\/wp\/v2\/media\/7165"}],"wp:attachment":[{"href":"https:\/\/simak-keramika.si\/it\/wp-json\/wp\/v2\/media?parent=2599"}],"wp:term":[{"taxonomy":"product_brand","embeddable":true,"href":"https:\/\/simak-keramika.si\/it\/wp-json\/wp\/v2\/product_brand?post=2599"},{"taxonomy":"product_cat","embeddable":true,"href":"https:\/\/simak-keramika.si\/it\/wp-json\/wp\/v2\/product_cat?post=2599"},{"taxonomy":"product_tag","embeddable":true,"href":"https:\/\/simak-keramika.si\/it\/wp-json\/wp\/v2\/product_tag?post=2599"}],"curies":[{"name":"wp","href":"https:\/\/api.w.org\/{rel}","templated":true}]}}