{"id":2604,"date":"2026-01-19T22:03:31","date_gmt":"2026-01-19T22:03:31","guid":{"rendered":"https:\/\/simak-keramika.si\/product\/murexin-fugirna-m-lesnik-rjava-2-1\/"},"modified":"2026-04-24T20:00:06","modified_gmt":"2026-04-24T20:00:06","slug":"murexin-stucco-m-noce-marrone-2-1","status":"publish","type":"product","link":"https:\/\/simak-keramika.si\/it\/prodotto\/murexin-stucco-m-noce-marrone-2-1\/","title":{"rendered":"201 NOCCIOLA-MARRONE 2\/1"},"content":{"rendered":"<p data-start=\"204\" data-end=\"589\">Murexin FM 60 Flex \u00e8 una malta flessibile in polvere con effetto perla (idrorepellente) per la stuccatura di rivestimenti ceramici, lastre di pietra e mosaici su pareti e pavimenti. \u00c8 adatta per uso interno ed esterno, anche per terrazze, balconi, ambienti umidi e riscaldamento a pavimento. La bassa assorbenza d'acqua aiuta a prevenire macchie e aloni dopo l'asciugatura.<\/p>\n<p data-start=\"591\" data-end=\"612\"><strong data-start=\"591\" data-end=\"612\">Caratteristiche principali<\/strong><\/p>\n<ul data-start=\"613\" data-end=\"1267\">\n<li data-start=\"613\" data-end=\"676\">\n<p data-start=\"615\" data-end=\"676\">Confezione: 2 kg (2\/1)<\/p>\n<\/li>\n<li data-start=\"677\" data-end=\"739\">\n<p data-start=\"679\" data-end=\"739\">Larghezza delle fughe: 0,5-7 mm<\/p>\n<\/li>\n<li data-start=\"740\" data-end=\"816\">\n<p data-start=\"742\" data-end=\"816\">Standard: EN 13888, classe CG2 W A<\/p>\n<\/li>\n<li data-start=\"817\" data-end=\"934\">\n<p data-start=\"819\" data-end=\"934\">Consumo: circa 0,2-0,9 kg\/m\u00b2 (a seconda del formato delle piastrelle e della larghezza della fuga)<\/p>\n<\/li>\n<li data-start=\"935\" data-end=\"1143\">\n<p data-start=\"937\" data-end=\"1143\">Acqua necessaria per la preparazione: circa 0,26 L\/kg (tonalit\u00e0 standard) oppure circa 0,22 L\/kg per tonalit\u00e0 scure (antracite, bali, marrone medio, marrone scuro, nero)<\/p>\n<\/li>\n<li data-start=\"1144\" data-end=\"1267\">\n<p data-start=\"1146\" data-end=\"1267\">Campo di applicazione: pareti e pavimenti, interno\/esterno, terrazze e balconi, riscaldamento a pavimento<\/p>\n<\/li>\n<\/ul>\n<p data-start=\"1269\" data-end=\"1325\"><strong data-start=\"1269\" data-end=\"1279\">Colore:<\/strong> nocciola marrone<\/p>","protected":false},"excerpt":{"rendered":"<p>Murexin FM 60 Flex je pra\u0161kasta, fleksibilna fugirna masa z efektom kapli\u010denja (vodoodbojnost) za fugiranje kerami\u010dnih oblog, kamnitih plo\u0161\u010d in mozaika na stenah in tleh. Primerna je za notranjo in zunanjo uporabo, tudi za terase, balkone, vla\u017ene prostore ter talno gretje. Nizka absorpcija vode pomaga prepre\u010devati flekavost in made\u017ee po su\u0161enju. Klju\u010dne lastnosti Pakiranje: 2 [&hellip;]<\/p>\n","protected":false},"featured_media":7183,"comment_status":"open","ping_status":"closed","template":"","meta":{"inline_featured_image":false},"product_brand":[],"product_cat":[42,37],"product_tag":[],"class_list":{"0":"post-2604","1":"product","2":"type-product","3":"status-publish","4":"has-post-thumbnail","6":"product_cat-fugirne-mase-in-silikoni","7":"product_cat-pripomocki-za-mojstre","9":"first","10":"instock","11":"shipping-taxable","12":"purchasable","13":"product-type-simple"},"_links":{"self":[{"href":"https:\/\/simak-keramika.si\/it\/wp-json\/wp\/v2\/product\/2604","targetHints":{"allow":["GET"]}}],"collection":[{"href":"https:\/\/simak-keramika.si\/it\/wp-json\/wp\/v2\/product"}],"about":[{"href":"https:\/\/simak-keramika.si\/it\/wp-json\/wp\/v2\/types\/product"}],"replies":[{"embeddable":true,"href":"https:\/\/simak-keramika.si\/it\/wp-json\/wp\/v2\/comments?post=2604"}],"wp:featuredmedia":[{"embeddable":true,"href":"https:\/\/simak-keramika.si\/it\/wp-json\/wp\/v2\/media\/7183"}],"wp:attachment":[{"href":"https:\/\/simak-keramika.si\/it\/wp-json\/wp\/v2\/media?parent=2604"}],"wp:term":[{"taxonomy":"product_brand","embeddable":true,"href":"https:\/\/simak-keramika.si\/it\/wp-json\/wp\/v2\/product_brand?post=2604"},{"taxonomy":"product_cat","embeddable":true,"href":"https:\/\/simak-keramika.si\/it\/wp-json\/wp\/v2\/product_cat?post=2604"},{"taxonomy":"product_tag","embeddable":true,"href":"https:\/\/simak-keramika.si\/it\/wp-json\/wp\/v2\/product_tag?post=2604"}],"curies":[{"name":"wp","href":"https:\/\/api.w.org\/{rel}","templated":true}]}}