{"id":2613,"date":"2026-01-19T22:03:32","date_gmt":"2026-01-19T22:03:32","guid":{"rendered":"https:\/\/simak-keramika.si\/product\/pvc-distancniki-3mm-250\/"},"modified":"2026-04-29T15:45:08","modified_gmt":"2026-04-29T15:45:08","slug":"distanziatori-in-pvc-3mm-250","status":"publish","type":"product","link":"https:\/\/simak-keramika.si\/it\/prodotto\/distanziatori-in-pvc-3mm-250\/","title":{"rendered":"DISTANZIALI IN PVC 3mm\/250"},"content":{"rendered":"<p data-start=\"64\" data-end=\"287\">I distanziatori a croce per piastrelle 3 mm SKLAD sono distanziatori classici per una larghezza uniforme della fuga durante la posa di ceramica, gres e porcellana. Consentono un lavoro pi\u00f9 veloce, linee pi\u00f9 dritte e una distanza uniforme tra le piastrelle su pareti o pavimenti.<\/p>\n<p data-start=\"289\" data-end=\"303\"><strong data-start=\"289\" data-end=\"303\">Vantaggi:<\/strong><\/p>\n<ul data-start=\"304\" data-end=\"417\">\n<li data-start=\"304\" data-end=\"328\">\n<p data-start=\"306\" data-end=\"328\">fuga uniforme di 3 mm<\/p>\n<\/li>\n<li data-start=\"329\" data-end=\"358\">\n<p data-start=\"331\" data-end=\"358\">linee rette e pulite delle fughe<\/p>\n<\/li>\n<li data-start=\"359\" data-end=\"378\">\n<p data-start=\"361\" data-end=\"378\">per pareti e pavimenti<\/p>\n<\/li>\n<li data-start=\"379\" data-end=\"417\">\n<p data-start=\"381\" data-end=\"417\">adatto per ceramica, gres, porcellana<\/p>\n<\/li>\n<\/ul>","protected":false},"excerpt":{"rendered":"<p>Kri\u017eici za plo\u0161\u010dice 3 mm SKLAD so klasi\u010dni distan\u010dniki za enakomerno \u0161irino fuge pri polaganju keramike, gresa in porcelana. Omogo\u010dajo hitrej\u0161e delo, bolj ravne linije in enakomeren razmak med plo\u0161\u010dicami na stenah ali tleh. Prednosti: enakomerna 3 mm fuga ravne in \u010diste linije fug za stene in tla primerno za keramiko, gres, porcelan<\/p>","protected":false},"featured_media":7337,"comment_status":"open","ping_status":"closed","template":"","meta":{"inline_featured_image":false},"product_brand":[],"product_cat":[39,37],"product_tag":[],"class_list":{"0":"post-2613","1":"product","2":"type-product","3":"status-publish","4":"has-post-thumbnail","6":"product_cat-orodje","7":"product_cat-pripomocki-za-mojstre","9":"first","10":"instock","11":"shipping-taxable","12":"purchasable","13":"product-type-simple"},"_links":{"self":[{"href":"https:\/\/simak-keramika.si\/it\/wp-json\/wp\/v2\/product\/2613","targetHints":{"allow":["GET"]}}],"collection":[{"href":"https:\/\/simak-keramika.si\/it\/wp-json\/wp\/v2\/product"}],"about":[{"href":"https:\/\/simak-keramika.si\/it\/wp-json\/wp\/v2\/types\/product"}],"replies":[{"embeddable":true,"href":"https:\/\/simak-keramika.si\/it\/wp-json\/wp\/v2\/comments?post=2613"}],"wp:featuredmedia":[{"embeddable":true,"href":"https:\/\/simak-keramika.si\/it\/wp-json\/wp\/v2\/media\/7337"}],"wp:attachment":[{"href":"https:\/\/simak-keramika.si\/it\/wp-json\/wp\/v2\/media?parent=2613"}],"wp:term":[{"taxonomy":"product_brand","embeddable":true,"href":"https:\/\/simak-keramika.si\/it\/wp-json\/wp\/v2\/product_brand?post=2613"},{"taxonomy":"product_cat","embeddable":true,"href":"https:\/\/simak-keramika.si\/it\/wp-json\/wp\/v2\/product_cat?post=2613"},{"taxonomy":"product_tag","embeddable":true,"href":"https:\/\/simak-keramika.si\/it\/wp-json\/wp\/v2\/product_tag?post=2613"}],"curies":[{"name":"wp","href":"https:\/\/api.w.org\/{rel}","templated":true}]}}