{"id":3629,"date":"2026-01-19T22:05:14","date_gmt":"2026-01-19T22:05:14","guid":{"rendered":"https:\/\/simak-keramika.si\/product\/keramik-pro-06mmx30xm14-krona-za-keramiko-za-kotno-brusilko\/"},"modified":"2026-04-24T20:15:08","modified_gmt":"2026-04-24T20:15:08","slug":"keramik-pro-06mmx30xm14-krona-za-keramiko-za-kotno-brusilko","status":"publish","type":"product","link":"https:\/\/simak-keramika.si\/it\/prodotto\/keramik-pro-06mmx30xm14-krona-za-keramiko-za-kotno-brusilko\/","title":{"rendered":"KERAMIK PRO 06mmx30xM14"},"content":{"rendered":"<div class=\"flex flex-col text-sm pb-25\">\n<article class=\"text-token-text-primary w-full focus:outline-none [--shadow-height:45px] has-data-writing-block:pointer-events-none has-data-writing-block:-mt-(--shadow-height) has-data-writing-block:pt-(--shadow-height) [&amp;:has([data-writing-block])&gt;*]:pointer-events-auto scroll-mt-[calc(var(--header-height)+min(200px,max(70px,20svh)))]\" dir=\"auto\" data-turn-id=\"request-WEB:3b8d48a6-c6c2-4293-9cf4-e8ece1abf286-158\" data-testid=\"conversation-turn-114\" data-scroll-anchor=\"true\" data-turn=\"assistant\">\n<div class=\"text-base my-auto mx-auto pb-10 [--thread-content-margin:--spacing(4)] @w-sm\/main:[--thread-content-margin:--spacing(6)] @w-lg\/main:[--thread-content-margin:--spacing(16)] px-(--thread-content-margin)\">\n<div class=\"[--thread-content-max-width:40rem] @w-lg\/main:[--thread-content-max-width:48rem] mx-auto max-w-(--thread-content-max-width) flex-1 group\/turn-messages focus-visible:outline-hidden relative flex w-full min-w-0 flex-col agent-turn\">\n<div class=\"flex max-w-full flex-col grow\">\n<div class=\"min-h-8 text-message relative flex w-full flex-col items-end gap-2 text-start break-words whitespace-normal [.text-message+&amp;]:mt-1\" dir=\"auto\" data-message-author-role=\"assistant\" data-message-id=\"8600be9b-e659-416f-bf60-87dfe0a0d68c\" data-message-model-slug=\"gpt-5-2-thinking\">\n<div class=\"flex w-full flex-col gap-1 empty:hidden first:pt-[1px]\">\n<div class=\"markdown prose dark:prose-invert w-full wrap-break-word light markdown-new-styling\">\n<p data-start=\"114\" data-end=\"636\"><strong data-start=\"114\" data-end=\"188\">KERAMIK PRO 6 mm x 30 mm x M14 &#8211; krona za keramiko (za kotno brusilko)<\/strong><br data-start=\"188\" data-end=\"191\" \/>KERAMIK PRO 6 mm je diamantna vrtalna krona za natan\u010dno vrtanje v <strong data-start=\"257\" data-end=\"286\">keramiko in porcelan gres<\/strong>. Z <strong data-start=\"290\" data-end=\"305\">M14 navojem<\/strong> se neposredno pritrdi na <strong data-start=\"331\" data-end=\"349\" data-is-only-node=\"\">kotno brusilko<\/strong>, zato je primerna za hitro delo brez adapterjev. Premer <strong data-start=\"406\" data-end=\"414\">6 mm<\/strong> je idealen za manj\u0161e izvrtine pri monta\u017ei kopalni\u0161ke opreme, pritrdil, nosilcev in drugih instalacij. Primerna je za <strong data-start=\"532\" data-end=\"548\">suho vrtanje<\/strong>, za dalj\u0161o \u017eivljenjsko dobo in manj pregrevanja pa je priporo\u010dljivo <strong data-start=\"617\" data-end=\"635\">vodno hlajenje<\/strong>.<\/p>\n<p data-start=\"638\" data-end=\"659\"><strong data-start=\"638\" data-end=\"659\">Klju\u010dne lastnosti<\/strong><\/p>\n<ul data-start=\"660\" data-end=\"793\">\n<li data-start=\"660\" data-end=\"676\">\n<p data-start=\"662\" data-end=\"676\">Premer: 6 mm<\/p>\n<\/li>\n<li data-start=\"677\" data-end=\"710\">\n<p data-start=\"679\" data-end=\"710\">Priklop: M14 (kotna brusilka)<\/p>\n<\/li>\n<li data-start=\"711\" data-end=\"749\">\n<p data-start=\"713\" data-end=\"749\">Materiali: keramika, porcelan gres<\/p>\n<\/li>\n<li data-start=\"750\" data-end=\"793\">\n<p data-start=\"752\" data-end=\"793\">Namen: \u010diste izvrtine brez kru\u0161enja robov<\/p>\n<\/li>\n<\/ul>\n<\/div>\n<\/div>\n<\/div>\n<\/div>\n<div class=\"z-0 flex min-h-[46px] justify-start\"><\/div>\n<div class=\"mt-3 w-full empty:hidden\">\n<div class=\"text-center\"><\/div>\n<\/div>\n<\/div>\n<\/div>\n<\/article>\n<\/div>\n<div class=\"pointer-events-none h-px w-px absolute bottom-0\" aria-hidden=\"true\" data-edge=\"true\"><\/div>\n","protected":false},"excerpt":{"rendered":"<p>KERAMIK PRO 6 mm x 30 mm x M14 &#8211; krona za keramiko (za kotno brusilko)KERAMIK PRO 6 mm je diamantna vrtalna krona za natan\u010dno vrtanje v keramiko in porcelan gres. Z M14 navojem se neposredno pritrdi na kotno brusilko, zato je primerna za hitro delo brez adapterjev. Premer 6 mm je idealen za manj\u0161e [&hellip;]<\/p>\n","protected":false},"featured_media":7086,"comment_status":"open","ping_status":"closed","template":"","meta":{"inline_featured_image":false},"product_brand":[],"product_cat":[39,37],"product_tag":[],"class_list":{"0":"post-3629","1":"product","2":"type-product","3":"status-publish","4":"has-post-thumbnail","6":"product_cat-orodje","7":"product_cat-pripomocki-za-mojstre","9":"first","10":"instock","11":"shipping-taxable","12":"purchasable","13":"product-type-simple"},"_links":{"self":[{"href":"https:\/\/simak-keramika.si\/it\/wp-json\/wp\/v2\/product\/3629","targetHints":{"allow":["GET"]}}],"collection":[{"href":"https:\/\/simak-keramika.si\/it\/wp-json\/wp\/v2\/product"}],"about":[{"href":"https:\/\/simak-keramika.si\/it\/wp-json\/wp\/v2\/types\/product"}],"replies":[{"embeddable":true,"href":"https:\/\/simak-keramika.si\/it\/wp-json\/wp\/v2\/comments?post=3629"}],"wp:featuredmedia":[{"embeddable":true,"href":"https:\/\/simak-keramika.si\/it\/wp-json\/wp\/v2\/media\/7086"}],"wp:attachment":[{"href":"https:\/\/simak-keramika.si\/it\/wp-json\/wp\/v2\/media?parent=3629"}],"wp:term":[{"taxonomy":"product_brand","embeddable":true,"href":"https:\/\/simak-keramika.si\/it\/wp-json\/wp\/v2\/product_brand?post=3629"},{"taxonomy":"product_cat","embeddable":true,"href":"https:\/\/simak-keramika.si\/it\/wp-json\/wp\/v2\/product_cat?post=3629"},{"taxonomy":"product_tag","embeddable":true,"href":"https:\/\/simak-keramika.si\/it\/wp-json\/wp\/v2\/product_tag?post=3629"}],"curies":[{"name":"wp","href":"https:\/\/api.w.org\/{rel}","templated":true}]}}