{"id":3630,"date":"2026-01-19T22:05:14","date_gmt":"2026-01-19T22:05:14","guid":{"rendered":"https:\/\/simak-keramika.si\/product\/keramik-pro-08mmx30xm14-krona-za-keramiko-za-kotno-brusilko\/"},"modified":"2026-04-24T20:15:08","modified_gmt":"2026-04-24T20:15:08","slug":"ceramica-pro-08mmx30xm14-corona-per-ceramica-per-smerigliatrice-angolare","status":"publish","type":"product","link":"https:\/\/simak-keramika.si\/it\/prodotto\/ceramica-pro-08mmx30xm14-corona-per-ceramica-per-smerigliatrice-angolare\/","title":{"rendered":"KERAMIK PRO 08mmx30xM14"},"content":{"rendered":"<p data-start=\"114\" data-end=\"636\"><strong data-start=\"114\" data-end=\"188\">KERAMIK PRO 8 mm x 30 mm x M14 \u2013 corona per ceramica (per smerigliatrice angolare)<\/strong><br data-start=\"188\" data-end=\"191\" \/>KERAMIK PRO 8 mm \u00e8 una corona diamantata per foratura precisa in <strong data-start=\"257\" data-end=\"286\">ceramica e gres porcellanato<\/strong>. Con <strong data-start=\"290\" data-end=\"305\">filettatura M14<\/strong> si fissa direttamente su <strong data-start=\"331\" data-end=\"349\" data-is-only-node=\"\">smerigliatrice angolare<\/strong>, quindi \u00e8 adatta per lavori rapidi senza adattatori. Diametro <strong data-start=\"406\" data-end=\"414\">8 mm<\/strong> \u00e8 ideale per fori pi\u00f9 piccoli durante il montaggio di attrezzature da bagno, fissaggi, supporti e altre installazioni. \u00c8 adatta per <strong data-start=\"532\" data-end=\"548\">foratura a secco<\/strong>, per una maggiore durata e meno surriscaldamento \u00e8 consigliato <strong data-start=\"617\" data-end=\"635\">raffreddamento ad acqua<\/strong>.<\/p>\n<p data-start=\"638\" data-end=\"659\"><strong data-start=\"638\" data-end=\"659\">Caratteristiche principali<\/strong><\/p>\n<ul data-start=\"660\" data-end=\"793\">\n<li data-start=\"660\" data-end=\"676\">\n<p data-start=\"662\" data-end=\"676\">Diametro: 8 mm<\/p>\n<\/li>\n<li data-start=\"677\" data-end=\"710\">\n<p data-start=\"679\" data-end=\"710\">Collegamento: M14 (smerigliatrice angolare)<\/p>\n<\/li>\n<li data-start=\"711\" data-end=\"749\">\n<p data-start=\"713\" data-end=\"749\">Materiali: ceramica, gres porcellanato<\/p>\n<\/li>\n<li data-start=\"750\" data-end=\"793\">\n<p data-start=\"752\" data-end=\"793\">Scopo: fori puliti senza scheggiature dei bordi<\/p>\n<\/li>\n<\/ul>","protected":false},"excerpt":{"rendered":"<p>KERAMIK PRO 8 mm x 30 mm x M14 &#8211; krona za keramiko (za kotno brusilko)KERAMIK PRO 8 mm je diamantna vrtalna krona za natan\u010dno vrtanje v keramiko in porcelan gres. Z M14 navojem se neposredno pritrdi na kotno brusilko, zato je primerna za hitro delo brez adapterjev. Premer 8 mm je idealen za manj\u0161e [&hellip;]<\/p>\n","protected":false},"featured_media":7075,"comment_status":"open","ping_status":"closed","template":"","meta":{"inline_featured_image":false},"product_brand":[],"product_cat":[39,37],"product_tag":[],"class_list":{"0":"post-3630","1":"product","2":"type-product","3":"status-publish","4":"has-post-thumbnail","6":"product_cat-orodje","7":"product_cat-pripomocki-za-mojstre","9":"first","10":"instock","11":"shipping-taxable","12":"purchasable","13":"product-type-simple"},"_links":{"self":[{"href":"https:\/\/simak-keramika.si\/it\/wp-json\/wp\/v2\/product\/3630","targetHints":{"allow":["GET"]}}],"collection":[{"href":"https:\/\/simak-keramika.si\/it\/wp-json\/wp\/v2\/product"}],"about":[{"href":"https:\/\/simak-keramika.si\/it\/wp-json\/wp\/v2\/types\/product"}],"replies":[{"embeddable":true,"href":"https:\/\/simak-keramika.si\/it\/wp-json\/wp\/v2\/comments?post=3630"}],"wp:featuredmedia":[{"embeddable":true,"href":"https:\/\/simak-keramika.si\/it\/wp-json\/wp\/v2\/media\/7075"}],"wp:attachment":[{"href":"https:\/\/simak-keramika.si\/it\/wp-json\/wp\/v2\/media?parent=3630"}],"wp:term":[{"taxonomy":"product_brand","embeddable":true,"href":"https:\/\/simak-keramika.si\/it\/wp-json\/wp\/v2\/product_brand?post=3630"},{"taxonomy":"product_cat","embeddable":true,"href":"https:\/\/simak-keramika.si\/it\/wp-json\/wp\/v2\/product_cat?post=3630"},{"taxonomy":"product_tag","embeddable":true,"href":"https:\/\/simak-keramika.si\/it\/wp-json\/wp\/v2\/product_tag?post=3630"}],"curies":[{"name":"wp","href":"https:\/\/api.w.org\/{rel}","templated":true}]}}