{"id":3631,"date":"2026-01-19T22:05:14","date_gmt":"2026-01-19T22:05:14","guid":{"rendered":"https:\/\/simak-keramika.si\/product\/keramik-pro-10mmx30xm14-krona-za-keramiko-za-kotno-brusilko\/"},"modified":"2026-04-24T20:15:08","modified_gmt":"2026-04-24T20:15:08","slug":"keramik-pro-10mmx30xm14-krona-za-keramiko-za-kotno-brusilko","status":"publish","type":"product","link":"https:\/\/simak-keramika.si\/it\/prodotto\/keramik-pro-10mmx30xm14-krona-za-keramiko-za-kotno-brusilko\/","title":{"rendered":"KERAMIK PRO 10mmx30xM14"},"content":{"rendered":"<div id=\"tw-target-text-container\" class=\"tw-ta-container tw-nfl\" role=\"text\">\n<p data-start=\"115\" data-end=\"640\"><strong data-start=\"115\" data-end=\"190\">KERAMIK PRO 10 mm x 30 mm x M14 &#8211; krona za keramiko (za kotno brusilko)<\/strong><br data-start=\"190\" data-end=\"193\" \/>KERAMIK PRO 10 mm je diamantna vrtalna krona za natan\u010dno vrtanje v <strong data-start=\"260\" data-end=\"289\">ceramica e gres porcellanato<\/strong>. Con <strong data-start=\"293\" data-end=\"308\">filettatura M14<\/strong> si fissa direttamente su <strong data-start=\"334\" data-end=\"352\" data-is-only-node=\"\">smerigliatrice angolare<\/strong>, quindi \u00e8 adatta per lavori rapidi senza adattatori. Diametro <strong data-start=\"409\" data-end=\"418\">10 mm<\/strong> \u00e8 ideale per fori pi\u00f9 piccoli durante il montaggio di attrezzature da bagno, fissaggi, supporti e altre installazioni. \u00c8 adatta per <strong data-start=\"536\" data-end=\"552\">foratura a secco<\/strong>, per una maggiore durata e meno surriscaldamento \u00e8 consigliato <strong data-start=\"621\" data-end=\"639\">raffreddamento ad acqua<\/strong>.<\/p>\n<p data-start=\"642\" data-end=\"663\"><strong data-start=\"642\" data-end=\"663\">Caratteristiche principali<\/strong><\/p>\n<ul data-start=\"664\" data-end=\"798\">\n<li data-start=\"664\" data-end=\"681\">\n<p data-start=\"666\" data-end=\"681\">Premer: 10 mm<\/p>\n<\/li>\n<li data-start=\"682\" data-end=\"715\">\n<p data-start=\"684\" data-end=\"715\">Collegamento: M14 (smerigliatrice angolare)<\/p>\n<\/li>\n<li data-start=\"716\" data-end=\"754\">\n<p data-start=\"718\" data-end=\"754\">Materiali: ceramica, gres porcellanato<\/p>\n<\/li>\n<li data-start=\"755\" data-end=\"798\">\n<p data-start=\"757\" data-end=\"798\">Scopo: fori puliti senza scheggiature dei bordi<\/p>\n<\/li>\n<\/ul>\n<\/div>\n<div id=\"tw-target-rmn-container\" class=\"tw-target-rmn tw-ta-container tw-nfl\" role=\"text\">\n<pre id=\"tw-target-rmn\" class=\"tw-data-placeholder tw-text-small tw-ta\" dir=\"ltr\" role=\"text\" data-placeholder=\"\"><\/pre>\n<\/div>","protected":false},"excerpt":{"rendered":"<p>KERAMIK PRO 10 mm x 30 mm x M14 &#8211; krona za keramiko (za kotno brusilko)KERAMIK PRO 10 mm je diamantna vrtalna krona za natan\u010dno vrtanje v keramiko in porcelan gres. Z M14 navojem se neposredno pritrdi na kotno brusilko, zato je primerna za hitro delo brez adapterjev. Premer 10 mm je idealen za manj\u0161e [&hellip;]<\/p>\n","protected":false},"featured_media":7075,"comment_status":"open","ping_status":"closed","template":"","meta":{"inline_featured_image":false},"product_brand":[],"product_cat":[39,37],"product_tag":[],"class_list":{"0":"post-3631","1":"product","2":"type-product","3":"status-publish","4":"has-post-thumbnail","6":"product_cat-orodje","7":"product_cat-pripomocki-za-mojstre","9":"first","10":"instock","11":"shipping-taxable","12":"purchasable","13":"product-type-simple"},"_links":{"self":[{"href":"https:\/\/simak-keramika.si\/it\/wp-json\/wp\/v2\/product\/3631","targetHints":{"allow":["GET"]}}],"collection":[{"href":"https:\/\/simak-keramika.si\/it\/wp-json\/wp\/v2\/product"}],"about":[{"href":"https:\/\/simak-keramika.si\/it\/wp-json\/wp\/v2\/types\/product"}],"replies":[{"embeddable":true,"href":"https:\/\/simak-keramika.si\/it\/wp-json\/wp\/v2\/comments?post=3631"}],"wp:featuredmedia":[{"embeddable":true,"href":"https:\/\/simak-keramika.si\/it\/wp-json\/wp\/v2\/media\/7075"}],"wp:attachment":[{"href":"https:\/\/simak-keramika.si\/it\/wp-json\/wp\/v2\/media?parent=3631"}],"wp:term":[{"taxonomy":"product_brand","embeddable":true,"href":"https:\/\/simak-keramika.si\/it\/wp-json\/wp\/v2\/product_brand?post=3631"},{"taxonomy":"product_cat","embeddable":true,"href":"https:\/\/simak-keramika.si\/it\/wp-json\/wp\/v2\/product_cat?post=3631"},{"taxonomy":"product_tag","embeddable":true,"href":"https:\/\/simak-keramika.si\/it\/wp-json\/wp\/v2\/product_tag?post=3631"}],"curies":[{"name":"wp","href":"https:\/\/api.w.org\/{rel}","templated":true}]}}