{"id":3632,"date":"2026-01-19T22:05:14","date_gmt":"2026-01-19T22:05:14","guid":{"rendered":"https:\/\/simak-keramika.si\/product\/keramik-pro-12mmx30xm14-krona-za-keramiko-za-kotno-brusilko\/"},"modified":"2026-04-24T20:15:08","modified_gmt":"2026-04-24T20:15:08","slug":"ceramica-pro-12mmx30xm14-corona-per-ceramica-per-smerigliatrice-angolare","status":"publish","type":"product","link":"https:\/\/simak-keramika.si\/it\/prodotto\/ceramica-pro-12mmx30xm14-corona-per-ceramica-per-smerigliatrice-angolare\/","title":{"rendered":"KERAMIK PRO 12mmx30xM14"},"content":{"rendered":"<p><strong data-start=\"101\" data-end=\"176\">KERAMIK PRO 12 mm x 30 mm x M14 \u2013 corona per ceramica (per smerigliatrice angolare)<\/strong><br data-start=\"176\" data-end=\"179\" \/>KERAMIK PRO 12 mm \u00e8 una corona diamantata per foratura precisa in <strong data-start=\"246\" data-end=\"275\">ceramica e gres porcellanato<\/strong>. Con <strong data-start=\"279\" data-end=\"294\" data-is-only-node=\"\">filettatura M14<\/strong> si fissa direttamente su <strong data-start=\"320\" data-end=\"338\">smerigliatrice angolare<\/strong>, quindi \u00e8 ideale per un lavoro veloce senza adattatori aggiuntivi. Diametro <strong data-start=\"403\" data-end=\"412\">12 mm<\/strong> \u00e8 adatto per fori pi\u00f9 piccoli nell'installazione di attrezzature da bagno, supporti, fissaggi e altre installazioni. \u00c8 adatta per <strong data-start=\"531\" data-end=\"547\">foratura a secco<\/strong>, per una maggiore durata e meno surriscaldamento \u00e8 consigliato <strong data-start=\"616\" data-end=\"634\">raffreddamento ad acqua<\/strong>.<\/p>","protected":false},"excerpt":{"rendered":"<p>KERAMIK PRO 12 mm x 30 mm x M14 &#8211; krona za keramiko (za kotno brusilko)KERAMIK PRO 12 mm je diamantna vrtalna krona za natan\u010dno vrtanje v keramiko in porcelan gres. Z M14 navojem se neposredno pritrdi na kotno brusilko, zato je idealna za hitro delo brez dodatnih adapterjev. Premer 12 mm je primeren za [&hellip;]<\/p>\n","protected":false},"featured_media":7064,"comment_status":"open","ping_status":"closed","template":"","meta":{"inline_featured_image":false},"product_brand":[],"product_cat":[39,37],"product_tag":[],"class_list":{"0":"post-3632","1":"product","2":"type-product","3":"status-publish","4":"has-post-thumbnail","6":"product_cat-orodje","7":"product_cat-pripomocki-za-mojstre","9":"first","10":"instock","11":"shipping-taxable","12":"purchasable","13":"product-type-simple"},"_links":{"self":[{"href":"https:\/\/simak-keramika.si\/it\/wp-json\/wp\/v2\/product\/3632","targetHints":{"allow":["GET"]}}],"collection":[{"href":"https:\/\/simak-keramika.si\/it\/wp-json\/wp\/v2\/product"}],"about":[{"href":"https:\/\/simak-keramika.si\/it\/wp-json\/wp\/v2\/types\/product"}],"replies":[{"embeddable":true,"href":"https:\/\/simak-keramika.si\/it\/wp-json\/wp\/v2\/comments?post=3632"}],"wp:featuredmedia":[{"embeddable":true,"href":"https:\/\/simak-keramika.si\/it\/wp-json\/wp\/v2\/media\/7064"}],"wp:attachment":[{"href":"https:\/\/simak-keramika.si\/it\/wp-json\/wp\/v2\/media?parent=3632"}],"wp:term":[{"taxonomy":"product_brand","embeddable":true,"href":"https:\/\/simak-keramika.si\/it\/wp-json\/wp\/v2\/product_brand?post=3632"},{"taxonomy":"product_cat","embeddable":true,"href":"https:\/\/simak-keramika.si\/it\/wp-json\/wp\/v2\/product_cat?post=3632"},{"taxonomy":"product_tag","embeddable":true,"href":"https:\/\/simak-keramika.si\/it\/wp-json\/wp\/v2\/product_tag?post=3632"}],"curies":[{"name":"wp","href":"https:\/\/api.w.org\/{rel}","templated":true}]}}