{"id":3647,"date":"2026-01-19T22:05:16","date_gmt":"2026-01-19T22:05:16","guid":{"rendered":"https:\/\/simak-keramika.si\/product\/slider-45x115-125-drseci-nastavek-za-kot-45\/"},"modified":"2026-04-24T20:39:29","modified_gmt":"2026-04-24T20:39:29","slug":"slider-45x115-125-drseci-nastavek-za-kot-45","status":"publish","type":"product","link":"https:\/\/simak-keramika.si\/it\/prodotto\/slider-45x115-125-drseci-nastavek-za-kot-45\/","title":{"rendered":"SLIDER 45\u00d7115\/125"},"content":{"rendered":"<p data-start=\"124\" data-end=\"640\"><strong data-start=\"124\" data-end=\"174\">SLIDER 45&#215;115\/125 &#8211; drse\u010di nastavek za kot 45\u00b0<\/strong><br data-start=\"174\" data-end=\"177\" \/>SLIDER 45&#215;115\/125 je drse\u010di vodilni nastavek za <strong data-start=\"225\" data-end=\"265\">izdelavo natan\u010dnega kota 45\u00b0 (mitra)<\/strong> na robovih plo\u0161\u010dic, granita in drugih plo\u0161\u010dnih materialov. Namenjen je uporabi z <strong data-start=\"347\" data-end=\"388\" data-is-only-node=\"\">kotno brusilko premera 115 ali 125 mm<\/strong> in omogo\u010da stabilno vodenje po robu, kar izbolj\u0161a natan\u010dnost, ponovljivost in varnost pri bru\u0161enju. Nastavljivi elementi omogo\u010dajo fino nastavitev in enakomeren potek dela, zato je idealen za pripravo robov pri zunanjih vogalih brez zaklju\u010dnih letvic.<\/p>\n<p data-start=\"642\" data-end=\"727\"><strong data-start=\"642\" data-end=\"654\">Uso:<\/strong> za posnemanje\/bru\u0161enje robov plo\u0161\u010dic na 45\u00b0 pri izdelavi \u201cbutt\u201d vogalov<\/p>","protected":false},"excerpt":{"rendered":"<p>SLIDER 45&#215;115\/125 &#8211; drse\u010di nastavek za kot 45\u00b0SLIDER 45&#215;115\/125 je drse\u010di vodilni nastavek za izdelavo natan\u010dnega kota 45\u00b0 (mitra) na robovih plo\u0161\u010dic, granita in drugih plo\u0161\u010dnih materialov. Namenjen je uporabi z kotno brusilko premera 115 ali 125 mm in omogo\u010da stabilno vodenje po robu, kar izbolj\u0161a natan\u010dnost, ponovljivost in varnost pri bru\u0161enju. Nastavljivi elementi omogo\u010dajo [&hellip;]<\/p>\n","protected":false},"featured_media":7050,"comment_status":"open","ping_status":"closed","template":"","meta":{"inline_featured_image":false},"product_brand":[],"product_cat":[39,37],"product_tag":[],"class_list":{"0":"post-3647","1":"product","2":"type-product","3":"status-publish","4":"has-post-thumbnail","6":"product_cat-orodje","7":"product_cat-pripomocki-za-mojstre","9":"first","10":"instock","11":"shipping-taxable","12":"purchasable","13":"product-type-simple"},"_links":{"self":[{"href":"https:\/\/simak-keramika.si\/it\/wp-json\/wp\/v2\/product\/3647","targetHints":{"allow":["GET"]}}],"collection":[{"href":"https:\/\/simak-keramika.si\/it\/wp-json\/wp\/v2\/product"}],"about":[{"href":"https:\/\/simak-keramika.si\/it\/wp-json\/wp\/v2\/types\/product"}],"replies":[{"embeddable":true,"href":"https:\/\/simak-keramika.si\/it\/wp-json\/wp\/v2\/comments?post=3647"}],"wp:featuredmedia":[{"embeddable":true,"href":"https:\/\/simak-keramika.si\/it\/wp-json\/wp\/v2\/media\/7050"}],"wp:attachment":[{"href":"https:\/\/simak-keramika.si\/it\/wp-json\/wp\/v2\/media?parent=3647"}],"wp:term":[{"taxonomy":"product_brand","embeddable":true,"href":"https:\/\/simak-keramika.si\/it\/wp-json\/wp\/v2\/product_brand?post=3647"},{"taxonomy":"product_cat","embeddable":true,"href":"https:\/\/simak-keramika.si\/it\/wp-json\/wp\/v2\/product_cat?post=3647"},{"taxonomy":"product_tag","embeddable":true,"href":"https:\/\/simak-keramika.si\/it\/wp-json\/wp\/v2\/product_tag?post=3647"}],"curies":[{"name":"wp","href":"https:\/\/api.w.org\/{rel}","templated":true}]}}