{"id":3661,"date":"2026-01-19T22:05:17","date_gmt":"2026-01-19T22:05:17","guid":{"rendered":"https:\/\/simak-keramika.si\/product\/hufa-zobata-gladilka-10x10-280x130mm\/"},"modified":"2026-04-24T20:15:09","modified_gmt":"2026-04-24T20:15:09","slug":"hufa-spatola-dentata-10x10-280x130mm","status":"publish","type":"product","link":"https:\/\/simak-keramika.si\/it\/prodotto\/hufa-spatola-dentata-10x10-280x130mm\/","title":{"rendered":"HUFA spatola dentata"},"content":{"rendered":"<p><strong data-start=\"119\" data-end=\"168\">HUFA spatola dentata 10 x 10 mm, 280 x 130 mm<\/strong><br data-start=\"168\" data-end=\"171\" \/>HUFA spatola dentata (spatola dentata, spatola a denti) \u00e8 destinata all'applicazione uniforme della colla nella posa di piastrelle, lastre ceramiche e mosaici. I denti <strong data-start=\"329\" data-end=\"343\" data-is-only-node=\"\">10 x 10 mm<\/strong> creano nervature corrette della colla per una buona adesione e uno spessore uniforme dello strato, quindi \u00e8 particolarmente adatta per <strong data-start=\"452\" data-end=\"471\">formati medi<\/strong> e superfici pi\u00f9 lisce, dove non \u00e8 necessario un'applicazione eccessivamente alta. La dimensione <strong data-start=\"542\" data-end=\"558\">280 x 130 mm<\/strong> consente un lavoro efficiente su superfici pi\u00f9 grandi, mentre il manico offre una presa stabile e un controllo preciso durante l'applicazione.<\/p>","protected":false},"excerpt":{"rendered":"<p>HUFA zobata gladilka 10 x 10 mm, 280 x 130 mmHUFA zobata gladilka (nazubljena gladilka, zobata lopatica) je namenjena enakomernemu nanosu lepila pri polaganju plo\u0161\u010dic, kerami\u010dnih plo\u0161\u010d in mozaika. Zobci 10 x 10 mm ustvarijo pravilna rebra lepila za dober oprijem in enakomerno debelino sloja, zato je primerna predvsem za srednje formate in ravnej\u0161e podlage, [&hellip;]<\/p>\n","protected":false},"featured_media":7030,"comment_status":"open","ping_status":"closed","template":"","meta":{"inline_featured_image":false},"product_brand":[],"product_cat":[39,37],"product_tag":[],"class_list":{"0":"post-3661","1":"product","2":"type-product","3":"status-publish","4":"has-post-thumbnail","6":"product_cat-orodje","7":"product_cat-pripomocki-za-mojstre","9":"first","10":"instock","11":"shipping-taxable","12":"purchasable","13":"product-type-simple"},"_links":{"self":[{"href":"https:\/\/simak-keramika.si\/it\/wp-json\/wp\/v2\/product\/3661","targetHints":{"allow":["GET"]}}],"collection":[{"href":"https:\/\/simak-keramika.si\/it\/wp-json\/wp\/v2\/product"}],"about":[{"href":"https:\/\/simak-keramika.si\/it\/wp-json\/wp\/v2\/types\/product"}],"replies":[{"embeddable":true,"href":"https:\/\/simak-keramika.si\/it\/wp-json\/wp\/v2\/comments?post=3661"}],"wp:featuredmedia":[{"embeddable":true,"href":"https:\/\/simak-keramika.si\/it\/wp-json\/wp\/v2\/media\/7030"}],"wp:attachment":[{"href":"https:\/\/simak-keramika.si\/it\/wp-json\/wp\/v2\/media?parent=3661"}],"wp:term":[{"taxonomy":"product_brand","embeddable":true,"href":"https:\/\/simak-keramika.si\/it\/wp-json\/wp\/v2\/product_brand?post=3661"},{"taxonomy":"product_cat","embeddable":true,"href":"https:\/\/simak-keramika.si\/it\/wp-json\/wp\/v2\/product_cat?post=3661"},{"taxonomy":"product_tag","embeddable":true,"href":"https:\/\/simak-keramika.si\/it\/wp-json\/wp\/v2\/product_tag?post=3661"}],"curies":[{"name":"wp","href":"https:\/\/api.w.org\/{rel}","templated":true}]}}