{"id":3664,"date":"2026-01-19T22:05:17","date_gmt":"2026-01-19T22:05:17","guid":{"rendered":"https:\/\/simak-keramika.si\/product\/hufa-zobata-gladilka-45-10x10-280x130mm\/"},"modified":"2026-04-24T20:15:09","modified_gmt":"2026-04-24T20:15:09","slug":"hufa-zobata-gladilka-45-10x10-280x130mm","status":"publish","type":"product","link":"https:\/\/simak-keramika.si\/it\/prodotto\/hufa-zobata-gladilka-45-10x10-280x130mm\/","title":{"rendered":"HUFA spatola dentata 45\u00b0"},"content":{"rendered":"<p data-start=\"147\" data-end=\"632\"><strong data-start=\"147\" data-end=\"200\">HUFA zobata gladilka 45\u00b0 10 x 10 mm, 280 x 130 mm<\/strong><br data-start=\"200\" data-end=\"203\" \/>HUFA zobata gladilka 45\u00b0 (nazubljena gladilka, zobata lopatica) je namenjena enakomernemu nanosu lepila pri polaganju plo\u0161\u010dic, kerami\u010dnih plo\u0161\u010d in mozaika. <strong data-start=\"359\" data-end=\"393\">Zobci 10 x 10 mm pod kotom 45\u00b0<\/strong> ustvarijo pravilna rebra lepila in omogo\u010dajo bolj teko\u010d poteg, enakomernej\u0161i nanos ter manj zatikanja pri delu. Dimenzija <strong data-start=\"516\" data-end=\"532\" data-is-only-node=\"\">280 x 130 mm<\/strong> je primerna za u\u010dinkovito delo na ve\u010djih povr\u0161inah, ro\u010daj pa nudi stabilen oprijem in dober nadzor.<\/p>\n<p data-start=\"634\" data-end=\"754\"><strong data-start=\"634\" data-end=\"646\">Uso:<\/strong> za nanos in \u201craz\u010desavanje\u201d lepila pred polaganjem, posebej primerno za srednje formate in ravnej\u0161e podlage.<\/p>","protected":false},"excerpt":{"rendered":"<p>HUFA zobata gladilka 45\u00b0 10 x 10 mm, 280 x 130 mmHUFA zobata gladilka 45\u00b0 (nazubljena gladilka, zobata lopatica) je namenjena enakomernemu nanosu lepila pri polaganju plo\u0161\u010dic, kerami\u010dnih plo\u0161\u010d in mozaika. Zobci 10 x 10 mm pod kotom 45\u00b0 ustvarijo pravilna rebra lepila in omogo\u010dajo bolj teko\u010d poteg, enakomernej\u0161i nanos ter manj zatikanja pri delu. [&hellip;]<\/p>\n","protected":false},"featured_media":7038,"comment_status":"open","ping_status":"closed","template":"","meta":{"inline_featured_image":false},"product_brand":[],"product_cat":[39,37],"product_tag":[],"class_list":{"0":"post-3664","1":"product","2":"type-product","3":"status-publish","4":"has-post-thumbnail","6":"product_cat-orodje","7":"product_cat-pripomocki-za-mojstre","9":"first","10":"instock","11":"shipping-taxable","12":"purchasable","13":"product-type-simple"},"_links":{"self":[{"href":"https:\/\/simak-keramika.si\/it\/wp-json\/wp\/v2\/product\/3664","targetHints":{"allow":["GET"]}}],"collection":[{"href":"https:\/\/simak-keramika.si\/it\/wp-json\/wp\/v2\/product"}],"about":[{"href":"https:\/\/simak-keramika.si\/it\/wp-json\/wp\/v2\/types\/product"}],"replies":[{"embeddable":true,"href":"https:\/\/simak-keramika.si\/it\/wp-json\/wp\/v2\/comments?post=3664"}],"wp:featuredmedia":[{"embeddable":true,"href":"https:\/\/simak-keramika.si\/it\/wp-json\/wp\/v2\/media\/7038"}],"wp:attachment":[{"href":"https:\/\/simak-keramika.si\/it\/wp-json\/wp\/v2\/media?parent=3664"}],"wp:term":[{"taxonomy":"product_brand","embeddable":true,"href":"https:\/\/simak-keramika.si\/it\/wp-json\/wp\/v2\/product_brand?post=3664"},{"taxonomy":"product_cat","embeddable":true,"href":"https:\/\/simak-keramika.si\/it\/wp-json\/wp\/v2\/product_cat?post=3664"},{"taxonomy":"product_tag","embeddable":true,"href":"https:\/\/simak-keramika.si\/it\/wp-json\/wp\/v2\/product_tag?post=3664"}],"curies":[{"name":"wp","href":"https:\/\/api.w.org\/{rel}","templated":true}]}}