{"id":4240,"date":"2026-01-19T22:06:26","date_gmt":"2026-01-19T22:06:26","guid":{"rendered":"https:\/\/simak-keramika.si\/product\/murexin-fugirna-m-jasmin-4-1\/"},"modified":"2026-04-25T15:30:16","modified_gmt":"2026-04-25T15:30:16","slug":"murexin-fugirna-m-jasmin-4-1","status":"publish","type":"product","link":"https:\/\/simak-keramika.si\/it\/prodotto\/murexin-fugirna-m-jasmin-4-1\/","title":{"rendered":"165 GELSOMINO 4\/1"},"content":{"rendered":"<div class=\"info-column col-md-7 col-sm-12 col-xs-12\">\n<div class=\"inner-column\">\n<div class=\"text\">\n<p><strong>M 60 FLEX, fugirna masa<\/strong><\/p>\n<ul>\n<li>fleksibilna<\/li>\n<li>z u\u010dinkom kapli\u010denja<\/li>\n<li>velik izbor barv<\/li>\n<li>enostavna vgradnja<\/li>\n<li>nizkih emisij &#8211; EC1 PLUS<\/li>\n<\/ul>\n<p>Pra\u0161kasta, fleksibilna fugirna masa z efektom kapli\u010denja, neopore\u010dna v primeru stika s prehranskimi izdelki, odporna na vodo in zmrzal, zelo gladka in z visokimi trdnostmi. Enakomerno strjevanje in enostavna vgradnja je zagotovljena. Poleg tega nizka absorpcija vode ob visoki povr\u0161inski trdnosti fugirne mase FM 60 FLEX zanesljivo prepre\u010duje nastanek flekavosti. Za notranjo in zunanjo uporabo, za fugiranje fug \u0161irine od 0,5 do 7 mm. Zagotavlja vodoodbojnost in la\u017eje \u010di\u0161\u010denje.<\/p>\n<p><strong>Consumo:<\/strong>\u00a0~ 0,2 &#8211; 0,9 kg\/m\u00b2 glede na obliko plo\u0161\u010dice in \u0161irino fuge. Potrebna voda za pripravo: pribli\u017eno 0,26 L\/kg. Za antracit, bali, srednje rjavo, temno rjavo in \u010drno je potreba po vodi pribli\u017eno 0,22 L\/kg fugirne mase.<\/p>\n<\/div>\n<\/div>\n<\/div>\n<div class=\"gallery-images col-sm-12 col-lg-12\">\n<h4 class=\"pb-20\"><\/h4>\n<\/div>","protected":false},"excerpt":{"rendered":"<p>M 60 FLEX, fugirna masa fleksibilna z u\u010dinkom kapli\u010denja velik izbor barv enostavna vgradnja nizkih emisij &#8211; EC1 PLUS Pra\u0161kasta, fleksibilna fugirna masa z efektom kapli\u010denja, neopore\u010dna v primeru stika s prehranskimi izdelki, odporna na vodo in zmrzal, zelo gladka in z visokimi trdnostmi. Enakomerno strjevanje in enostavna vgradnja je zagotovljena. Poleg tega nizka absorpcija [&hellip;]<\/p>\n","protected":false},"featured_media":6327,"comment_status":"open","ping_status":"closed","template":"","meta":{"inline_featured_image":false},"product_brand":[],"product_cat":[18],"product_tag":[],"class_list":{"0":"post-4240","1":"product","2":"type-product","3":"status-publish","4":"has-post-thumbnail","6":"product_cat-vse-za-polaganje","8":"first","9":"instock","10":"shipping-taxable","11":"purchasable","12":"product-type-simple"},"_links":{"self":[{"href":"https:\/\/simak-keramika.si\/it\/wp-json\/wp\/v2\/product\/4240","targetHints":{"allow":["GET"]}}],"collection":[{"href":"https:\/\/simak-keramika.si\/it\/wp-json\/wp\/v2\/product"}],"about":[{"href":"https:\/\/simak-keramika.si\/it\/wp-json\/wp\/v2\/types\/product"}],"replies":[{"embeddable":true,"href":"https:\/\/simak-keramika.si\/it\/wp-json\/wp\/v2\/comments?post=4240"}],"wp:featuredmedia":[{"embeddable":true,"href":"https:\/\/simak-keramika.si\/it\/wp-json\/wp\/v2\/media\/6327"}],"wp:attachment":[{"href":"https:\/\/simak-keramika.si\/it\/wp-json\/wp\/v2\/media?parent=4240"}],"wp:term":[{"taxonomy":"product_brand","embeddable":true,"href":"https:\/\/simak-keramika.si\/it\/wp-json\/wp\/v2\/product_brand?post=4240"},{"taxonomy":"product_cat","embeddable":true,"href":"https:\/\/simak-keramika.si\/it\/wp-json\/wp\/v2\/product_cat?post=4240"},{"taxonomy":"product_tag","embeddable":true,"href":"https:\/\/simak-keramika.si\/it\/wp-json\/wp\/v2\/product_tag?post=4240"}],"curies":[{"name":"wp","href":"https:\/\/api.w.org\/{rel}","templated":true}]}}