{"id":4462,"date":"2026-01-19T22:06:51","date_gmt":"2026-01-19T22:06:51","guid":{"rendered":"https:\/\/simak-keramika.si\/product\/algeo-armatura-za-umivalnik\/"},"modified":"2026-04-29T08:39:07","modified_gmt":"2026-04-29T08:39:07","slug":"algeo-armatura-per-lavabo","status":"publish","type":"product","link":"https:\/\/simak-keramika.si\/it\/prodotto\/algeo-armatura-per-lavabo\/","title":{"rendered":"BAG2 rubinetto per lavabo"},"content":{"rendered":"<p data-start=\"136\" data-end=\"415\">Algeo rubinetto per lavabo in versione cromata \u00e8 una scelta pratica e moderna per l'uso quotidiano. La gestione monocomando consente una regolazione rapida e precisa del flusso e della temperatura dell'acqua, mentre la cartuccia in ceramica garantisce un funzionamento affidabile e una maggiore durata.<\/p>\n<p data-start=\"417\" data-end=\"623\">Il rubinetto \u00e8 destinato al montaggio in un unico foro. Il set include uno scarico automatico G5\/4, il regolatore di flusso M24x1 assicura un getto uniforme, mentre i tubi flessibili di collegamento G3\/8 \u2013 M10x1 facilitano il collegamento.<\/p>\n<p data-start=\"625\" data-end=\"647\"><strong data-start=\"625\" data-end=\"647\">Caratteristiche principali:<\/strong><\/p>\n<ul data-start=\"648\" data-end=\"872\" data-is-last-node=\"\" data-is-only-node=\"\">\n<li data-start=\"648\" data-end=\"686\">\n<p data-start=\"650\" data-end=\"686\">Destinazione d'uso: rubinetto per lavabo<\/p>\n<\/li>\n<li data-start=\"687\" data-end=\"706\">\n<p data-start=\"689\" data-end=\"706\">Esecuzione: monocomando<\/p>\n<\/li>\n<li data-start=\"707\" data-end=\"726\">\n<p data-start=\"709\" data-end=\"726\">Cartuccia in ceramica<\/p>\n<\/li>\n<li data-start=\"727\" data-end=\"752\">\n<p data-start=\"729\" data-end=\"752\">Montaggio: in un unico foro<\/p>\n<\/li>\n<li data-start=\"753\" data-end=\"777\">\n<p data-start=\"755\" data-end=\"777\">Scarico automatico: G5\/4<\/p>\n<\/li>\n<li data-start=\"778\" data-end=\"804\">\n<p data-start=\"780\" data-end=\"804\">Regolatore di flusso: M24x1<\/p>\n<\/li>\n<li data-start=\"805\" data-end=\"848\">\n<p data-start=\"807\" data-end=\"848\">Flessibili di collegamento: G3\/8 \u2013 M10x1<\/p>\n<\/li>\n<li data-start=\"849\" data-end=\"872\" data-is-last-node=\"\">\n<p data-start=\"851\" data-end=\"872\" data-is-last-node=\"\">Colore\/finitura: cromo<\/p>\n<\/li>\n<\/ul>","protected":false},"excerpt":{"rendered":"<p>Algeo stoje\u010da armatura za umivalnik v kromirani izvedbi je prakti\u010dna in moderna izbira za vsakodnevno uporabo. Enoro\u010dno upravljanje omogo\u010da hitro in natan\u010dno nastavitev pretoka ter temperature vode, kerami\u010dna kartu\u0161a pa zagotavlja zanesljivo delovanje in dalj\u0161o \u017eivljenjsko dobo. Armatura je namenjena monta\u017ei v eno odprtino. V kompletu je prilo\u017een avtomatski odtok G5\/4, regulator pretoka M24x1 poskrbi [&hellip;]<\/p>\n","protected":false},"featured_media":7303,"comment_status":"open","ping_status":"closed","template":"","meta":{"inline_featured_image":false},"product_brand":[],"product_cat":[55,56],"product_tag":[],"class_list":{"0":"post-4462","1":"product","2":"type-product","3":"status-publish","4":"has-post-thumbnail","6":"product_cat-armature","7":"product_cat-kopalniske","9":"first","10":"instock","11":"shipping-taxable","12":"purchasable","13":"product-type-simple"},"_links":{"self":[{"href":"https:\/\/simak-keramika.si\/it\/wp-json\/wp\/v2\/product\/4462","targetHints":{"allow":["GET"]}}],"collection":[{"href":"https:\/\/simak-keramika.si\/it\/wp-json\/wp\/v2\/product"}],"about":[{"href":"https:\/\/simak-keramika.si\/it\/wp-json\/wp\/v2\/types\/product"}],"replies":[{"embeddable":true,"href":"https:\/\/simak-keramika.si\/it\/wp-json\/wp\/v2\/comments?post=4462"}],"wp:featuredmedia":[{"embeddable":true,"href":"https:\/\/simak-keramika.si\/it\/wp-json\/wp\/v2\/media\/7303"}],"wp:attachment":[{"href":"https:\/\/simak-keramika.si\/it\/wp-json\/wp\/v2\/media?parent=4462"}],"wp:term":[{"taxonomy":"product_brand","embeddable":true,"href":"https:\/\/simak-keramika.si\/it\/wp-json\/wp\/v2\/product_brand?post=4462"},{"taxonomy":"product_cat","embeddable":true,"href":"https:\/\/simak-keramika.si\/it\/wp-json\/wp\/v2\/product_cat?post=4462"},{"taxonomy":"product_tag","embeddable":true,"href":"https:\/\/simak-keramika.si\/it\/wp-json\/wp\/v2\/product_tag?post=4462"}],"curies":[{"name":"wp","href":"https:\/\/api.w.org\/{rel}","templated":true}]}}