{"id":4464,"date":"2026-01-19T22:06:51","date_gmt":"2026-01-19T22:06:51","guid":{"rendered":"https:\/\/simak-keramika.si\/product\/vitto-crom-armatura-za-umivalnik-nizka\/"},"modified":"2026-04-29T09:45:12","modified_gmt":"2026-04-29T09:45:12","slug":"vitto-crom-armatura-per-lavabo-bassa","status":"publish","type":"product","link":"https:\/\/simak-keramika.si\/it\/prodotto\/vitto-crom-armatura-per-lavabo-bassa\/","title":{"rendered":"BVI2VL rubinetto per lavabo cromato"},"content":{"rendered":"<p data-start=\"129\" data-end=\"204\">Vitto VerdeLine \u00e8 un rubinetto per lavabo basso e da appoggio in finitura cromata.<\/p>\n<p data-start=\"206\" data-end=\"588\">\u00c8 dotato di una cartuccia in ceramica per una regolazione affidabile e precisa ed \u00e8 adatto per l'installazione su un foro. Il set include anche uno scarico click-clack G5\/4 e tubi flessibili di collegamento G3\/8 \u2013 M10x1 per un'installazione facile. Il regolatore di flusso FerroAirMix M24x1 assicura un flusso piacevole ed economico, mentre il sistema Easy Clean consente una facile rimozione del calcare.<\/p>\n<p data-start=\"590\" data-end=\"613\"><strong data-start=\"590\" data-end=\"613\">Caratteristiche tecniche:<\/strong><\/p>\n<ul data-start=\"614\" data-end=\"846\">\n<li data-start=\"614\" data-end=\"635\">\n<p data-start=\"616\" data-end=\"635\">Cartuccia in ceramica<\/p>\n<\/li>\n<li data-start=\"636\" data-end=\"661\">\n<p data-start=\"638\" data-end=\"661\">Montaggio su un foro<\/p>\n<\/li>\n<li data-start=\"662\" data-end=\"689\">\n<p data-start=\"664\" data-end=\"689\">Scarico click-clack: G5\/4<\/p>\n<\/li>\n<li data-start=\"690\" data-end=\"728\">\n<p data-start=\"692\" data-end=\"728\">Collegamenti flessibili: G3\/8 \u2013 M10x1<\/p>\n<\/li>\n<li data-start=\"729\" data-end=\"769\">\n<p data-start=\"731\" data-end=\"769\">Regolatore di flusso: FerroAirMix M24x1<\/p>\n<\/li>\n<li data-start=\"770\" data-end=\"832\">\n<p data-start=\"772\" data-end=\"832\">Easy Clean System (facile rimozione del calcare)<\/p>\n<\/li>\n<li data-start=\"833\" data-end=\"846\">\n<p data-start=\"835\" data-end=\"846\">Colore: cromo<\/p>\n<\/li>\n<\/ul>","protected":false},"excerpt":{"rendered":"<p>Vitto VerdeLine je stoje\u010da, nizka umivalni\u0161ka armatura v kromirani izvedbi. Opremljena je s kerami\u010dno kartu\u0161o za zanesljivo in natan\u010dno regulacijo ter je primerna za monta\u017eo na eno odprtino. V kompletu je tudi click-clack odtok G5\/4, prilo\u017eene pa so fleksibilne priklju\u010dne cevi G3\/8 &#8211; M10x1 za enostavno namestitev. Regulator pretoka FerroAirMix M24x1 poskrbi za prijeten in [&hellip;]<\/p>\n","protected":false},"featured_media":6992,"comment_status":"open","ping_status":"closed","template":"","meta":{"inline_featured_image":false},"product_brand":[],"product_cat":[55,47,56],"product_tag":[],"class_list":{"0":"post-4464","1":"product","2":"type-product","3":"status-publish","4":"has-post-thumbnail","6":"product_cat-armature","7":"product_cat-kopalnica","8":"product_cat-kopalniske","10":"first","11":"instock","12":"shipping-taxable","13":"purchasable","14":"product-type-simple"},"_links":{"self":[{"href":"https:\/\/simak-keramika.si\/it\/wp-json\/wp\/v2\/product\/4464","targetHints":{"allow":["GET"]}}],"collection":[{"href":"https:\/\/simak-keramika.si\/it\/wp-json\/wp\/v2\/product"}],"about":[{"href":"https:\/\/simak-keramika.si\/it\/wp-json\/wp\/v2\/types\/product"}],"replies":[{"embeddable":true,"href":"https:\/\/simak-keramika.si\/it\/wp-json\/wp\/v2\/comments?post=4464"}],"wp:featuredmedia":[{"embeddable":true,"href":"https:\/\/simak-keramika.si\/it\/wp-json\/wp\/v2\/media\/6992"}],"wp:attachment":[{"href":"https:\/\/simak-keramika.si\/it\/wp-json\/wp\/v2\/media?parent=4464"}],"wp:term":[{"taxonomy":"product_brand","embeddable":true,"href":"https:\/\/simak-keramika.si\/it\/wp-json\/wp\/v2\/product_brand?post=4464"},{"taxonomy":"product_cat","embeddable":true,"href":"https:\/\/simak-keramika.si\/it\/wp-json\/wp\/v2\/product_cat?post=4464"},{"taxonomy":"product_tag","embeddable":true,"href":"https:\/\/simak-keramika.si\/it\/wp-json\/wp\/v2\/product_tag?post=4464"}],"curies":[{"name":"wp","href":"https:\/\/api.w.org\/{rel}","templated":true}]}}