{"id":4467,"date":"2026-01-19T22:06:51","date_gmt":"2026-01-19T22:06:51","guid":{"rendered":"https:\/\/simak-keramika.si\/product\/vitto-armatura-za-umivalnik-crna\/"},"modified":"2026-04-25T07:45:20","modified_gmt":"2026-04-25T07:45:20","slug":"vitto-armatura-per-lavabo-nero","status":"publish","type":"product","link":"https:\/\/simak-keramika.si\/it\/prodotto\/vitto-armatura-per-lavabo-nero\/","title":{"rendered":"BVI2VLBL rubinetto per lavabo nero"},"content":{"rendered":"<p data-start=\"149\" data-end=\"219\">Vitto VerdeLine \u00e8 un rubinetto da bagno basso e da appoggio in versione nera.<\/p>\n<p data-start=\"221\" data-end=\"478\">\u00c8 dotato di una cartuccia in ceramica per una regolazione affidabile e precisa ed \u00e8 adatto per il montaggio su un foro. Il regolatore di flusso FerroAirMix M24x1 assicura un flusso piacevole ed economico, mentre il sistema Easy Clean consente una facile rimozione del calcare.<\/p>\n<p data-start=\"480\" data-end=\"503\"><strong data-start=\"480\" data-end=\"503\">Caratteristiche tecniche:<\/strong><\/p>\n<ul data-start=\"504\" data-end=\"669\">\n<li data-start=\"504\" data-end=\"525\">\n<p data-start=\"506\" data-end=\"525\">Cartuccia in ceramica<\/p>\n<\/li>\n<li data-start=\"526\" data-end=\"551\">\n<p data-start=\"528\" data-end=\"551\">Montaggio su un foro<\/p>\n<\/li>\n<li data-start=\"552\" data-end=\"592\">\n<p data-start=\"554\" data-end=\"592\">Regolatore di flusso: FerroAirMix M24x1<\/p>\n<\/li>\n<li data-start=\"593\" data-end=\"655\">\n<p data-start=\"595\" data-end=\"655\">Easy Clean System (facile rimozione del calcare)<\/p>\n<\/li>\n<li data-start=\"656\" data-end=\"669\">\n<p data-start=\"658\" data-end=\"669\">Colore: nero<\/p>\n<\/li>\n<\/ul>","protected":false},"excerpt":{"rendered":"<p>Vitto VerdeLine je stoje\u010da, nizka umivalni\u0161ka armatura v \u010drni izvedbi. Opremljena je s kerami\u010dno kartu\u0161o za zanesljivo in natan\u010dno regulacijo ter je primerna za monta\u017eo na eno odprtino. Regulator pretoka FerroAirMix M24x1 poskrbi za prijeten in var\u010den pretok, Easy Clean System pa omogo\u010da enostavno odstranjevanje vodnega kamna. Tehni\u010dne lastnosti: Kerami\u010dna kartu\u0161a Monta\u017ea na eno luknjo [&hellip;]<\/p>\n","protected":false},"featured_media":6987,"comment_status":"open","ping_status":"closed","template":"","meta":{"inline_featured_image":false},"product_brand":[],"product_cat":[55,47,56],"product_tag":[],"class_list":{"0":"post-4467","1":"product","2":"type-product","3":"status-publish","4":"has-post-thumbnail","6":"product_cat-armature","7":"product_cat-kopalnica","8":"product_cat-kopalniske","10":"first","11":"instock","12":"shipping-taxable","13":"purchasable","14":"product-type-simple"},"_links":{"self":[{"href":"https:\/\/simak-keramika.si\/it\/wp-json\/wp\/v2\/product\/4467","targetHints":{"allow":["GET"]}}],"collection":[{"href":"https:\/\/simak-keramika.si\/it\/wp-json\/wp\/v2\/product"}],"about":[{"href":"https:\/\/simak-keramika.si\/it\/wp-json\/wp\/v2\/types\/product"}],"replies":[{"embeddable":true,"href":"https:\/\/simak-keramika.si\/it\/wp-json\/wp\/v2\/comments?post=4467"}],"wp:featuredmedia":[{"embeddable":true,"href":"https:\/\/simak-keramika.si\/it\/wp-json\/wp\/v2\/media\/6987"}],"wp:attachment":[{"href":"https:\/\/simak-keramika.si\/it\/wp-json\/wp\/v2\/media?parent=4467"}],"wp:term":[{"taxonomy":"product_brand","embeddable":true,"href":"https:\/\/simak-keramika.si\/it\/wp-json\/wp\/v2\/product_brand?post=4467"},{"taxonomy":"product_cat","embeddable":true,"href":"https:\/\/simak-keramika.si\/it\/wp-json\/wp\/v2\/product_cat?post=4467"},{"taxonomy":"product_tag","embeddable":true,"href":"https:\/\/simak-keramika.si\/it\/wp-json\/wp\/v2\/product_tag?post=4467"}],"curies":[{"name":"wp","href":"https:\/\/api.w.org\/{rel}","templated":true}]}}