{"id":4468,"date":"2026-01-19T22:06:51","date_gmt":"2026-01-19T22:06:51","guid":{"rendered":"https:\/\/simak-keramika.si\/product\/vitto-visoka-armatura-za-umivalnik-crna\/"},"modified":"2026-04-25T00:15:11","modified_gmt":"2026-04-25T00:15:11","slug":"vitto-alta-rubinetteria-per-lavabo-nero","status":"publish","type":"product","link":"https:\/\/simak-keramika.si\/it\/prodotto\/vitto-alta-rubinetteria-per-lavabo-nero\/","title":{"rendered":"BVI2LVLBL rubinetto alto per lavabo nero"},"content":{"rendered":"<p data-start=\"136\" data-end=\"191\">Rubinetto da lavabo di alta qualit\u00e0 in versione nera.<\/p>\n<p data-start=\"193\" data-end=\"514\">Il miscelatore monocomando con cartuccia in ceramica consente una regolazione affidabile e precisa del flusso e della temperatura. L'aeratore FerroAirMix M24x1 garantisce un flusso piacevole ed economico, mentre il sistema Ferro Easy Clean consente una facile rimozione del calcare. Sono inclusi tubi di collegamento flessibili G3\/8 \u2013 M8x1 per una facile installazione.<\/p>\n<p data-start=\"516\" data-end=\"539\"><strong data-start=\"516\" data-end=\"539\">Caratteristiche tecniche:<\/strong><\/p>\n<ul data-start=\"540\" data-end=\"762\">\n<li data-start=\"540\" data-end=\"561\">\n<p data-start=\"542\" data-end=\"561\">Cartuccia in ceramica<\/p>\n<\/li>\n<li data-start=\"562\" data-end=\"582\">\n<p data-start=\"564\" data-end=\"582\">Versione monocomando<\/p>\n<\/li>\n<li data-start=\"583\" data-end=\"610\">\n<p data-start=\"585\" data-end=\"610\">Montaggio su un foro singolo<\/p>\n<\/li>\n<li data-start=\"611\" data-end=\"641\">\n<p data-start=\"613\" data-end=\"641\">Aeratore: FerroAirMix M24x1<\/p>\n<\/li>\n<li data-start=\"642\" data-end=\"710\">\n<p data-start=\"644\" data-end=\"710\">Sistema Ferro Easy Clean (facile rimozione del calcare)<\/p>\n<\/li>\n<li data-start=\"711\" data-end=\"748\">\n<p data-start=\"713\" data-end=\"748\">Collegamenti flessibili: G3\/8 \u2013 M8x1<\/p>\n<\/li>\n<li data-start=\"749\" data-end=\"762\">\n<p data-start=\"751\" data-end=\"762\">Colore: nero<\/p>\n<\/li>\n<\/ul>","protected":false},"excerpt":{"rendered":"<p>Kakovostna stoje\u010da umivalni\u0161ka armatura v \u010drni izvedbi. Enoro\u010dna armatura s kerami\u010dno kartu\u0161o omogo\u010da zanesljivo in natan\u010dno regulacijo pretoka ter temperature. Aerator FerroAirMix M24x1 poskrbi za prijeten in var\u010den pretok, Ferro Easy Clean System pa omogo\u010da enostavno odstranjevanje vodnega kamna. Prilo\u017eene so fleksibilne priklju\u010dne cevi G3\/8 &#8211; M8x1 za enostavno namestitev. Tehni\u010dne lastnosti: Kerami\u010dna kartu\u0161a Enoro\u010dna [&hellip;]<\/p>\n","protected":false},"featured_media":7003,"comment_status":"open","ping_status":"closed","template":"","meta":{"inline_featured_image":false},"product_brand":[],"product_cat":[55,47,56],"product_tag":[],"class_list":{"0":"post-4468","1":"product","2":"type-product","3":"status-publish","4":"has-post-thumbnail","6":"product_cat-armature","7":"product_cat-kopalnica","8":"product_cat-kopalniske","10":"first","11":"instock","12":"shipping-taxable","13":"purchasable","14":"product-type-simple"},"_links":{"self":[{"href":"https:\/\/simak-keramika.si\/it\/wp-json\/wp\/v2\/product\/4468","targetHints":{"allow":["GET"]}}],"collection":[{"href":"https:\/\/simak-keramika.si\/it\/wp-json\/wp\/v2\/product"}],"about":[{"href":"https:\/\/simak-keramika.si\/it\/wp-json\/wp\/v2\/types\/product"}],"replies":[{"embeddable":true,"href":"https:\/\/simak-keramika.si\/it\/wp-json\/wp\/v2\/comments?post=4468"}],"wp:featuredmedia":[{"embeddable":true,"href":"https:\/\/simak-keramika.si\/it\/wp-json\/wp\/v2\/media\/7003"}],"wp:attachment":[{"href":"https:\/\/simak-keramika.si\/it\/wp-json\/wp\/v2\/media?parent=4468"}],"wp:term":[{"taxonomy":"product_brand","embeddable":true,"href":"https:\/\/simak-keramika.si\/it\/wp-json\/wp\/v2\/product_brand?post=4468"},{"taxonomy":"product_cat","embeddable":true,"href":"https:\/\/simak-keramika.si\/it\/wp-json\/wp\/v2\/product_cat?post=4468"},{"taxonomy":"product_tag","embeddable":true,"href":"https:\/\/simak-keramika.si\/it\/wp-json\/wp\/v2\/product_tag?post=4468"}],"curies":[{"name":"wp","href":"https:\/\/api.w.org\/{rel}","templated":true}]}}