{"id":4470,"date":"2026-01-19T22:06:51","date_gmt":"2026-01-19T22:06:51","guid":{"rendered":"https:\/\/simak-keramika.si\/product\/trevi-termostatski-tus-set-crn\/"},"modified":"2026-04-25T03:45:13","modified_gmt":"2026-04-25T03:45:13","slug":"set-doccia-termostatico-trevi-nero","status":"publish","type":"product","link":"https:\/\/simak-keramika.si\/it\/prodotto\/set-doccia-termostatico-trevi-nero\/","title":{"rendered":"NP75-TRV7U-BL set doccia termostatico nero"},"content":{"rendered":"<p data-start=\"151\" data-end=\"537\">Il sistema doccia Trevi in colore nero include una doccia a soffitto SLIM, una doccia a mano e una rubinetteria termostatica per montaggio a parete. L'asta di sollevamento in metallo ha una lunghezza regolabile da 800 a 1250 mm e un'altezza di montaggio regolabile. La doccia a soffitto in acciaio inossidabile ha un diametro di 300 mm, l'angolo della piastra della doccia si regola tramite un giunto sferico. Il sistema Easy Clean consente una facile rimozione del calcare.<\/p>\n<p data-start=\"539\" data-end=\"787\">La rubinetteria termostatica ha un blocco di sicurezza a 38\u00b0C e un deviatore ceramico integrato tra la doccia a soffitto e la doccia a mano. La distanza di collegamento \u00e8 di 150 \u00b1 20 mm tramite eccentrici. Il collegamento per la doccia a soffitto \u00e8 G3\/4 sopra, il collegamento per la doccia a mano \u00e8 G1\/2 sotto.<\/p>\n<p data-start=\"789\" data-end=\"898\" data-is-last-node=\"\" data-is-only-node=\"\">La doccia a mano ha un diametro di 100 mm e 3 modalit\u00e0 di getto: pioggia, massaggio, misto. \u00c8 inclusa una flessibile doccia in PVC di 150 cm di lunghezza.<\/p>","protected":false},"excerpt":{"rendered":"<p>Trevi tu\u0161 sistem v \u010drni barvi vklju\u010duje nadglavno SLIM prho, ro\u010dno prho in termostatsko armaturo za stensko monta\u017eo. Kovinska dvi\u017ena palica ima nastavljivo dol\u017eino 800 do 1250 mm ter nastavljivo vi\u0161ino monta\u017ee. Nadglavna prha iz nerjavnega jekla ima premer 300 mm, kot pr\u0161ne plo\u0161\u010de se nastavlja preko kroglastega zgloba. Sistem Easy Clean omogo\u010da enostavno odstranjevanje [&hellip;]<\/p>\n","protected":false},"featured_media":7299,"comment_status":"open","ping_status":"closed","template":"","meta":{"inline_featured_image":false},"product_brand":[],"product_cat":[47,48],"product_tag":[],"class_list":{"0":"post-4470","1":"product","2":"type-product","3":"status-publish","4":"has-post-thumbnail","6":"product_cat-kopalnica","7":"product_cat-tus-kabine","9":"first","10":"instock","11":"shipping-taxable","12":"purchasable","13":"product-type-simple"},"_links":{"self":[{"href":"https:\/\/simak-keramika.si\/it\/wp-json\/wp\/v2\/product\/4470","targetHints":{"allow":["GET"]}}],"collection":[{"href":"https:\/\/simak-keramika.si\/it\/wp-json\/wp\/v2\/product"}],"about":[{"href":"https:\/\/simak-keramika.si\/it\/wp-json\/wp\/v2\/types\/product"}],"replies":[{"embeddable":true,"href":"https:\/\/simak-keramika.si\/it\/wp-json\/wp\/v2\/comments?post=4470"}],"wp:featuredmedia":[{"embeddable":true,"href":"https:\/\/simak-keramika.si\/it\/wp-json\/wp\/v2\/media\/7299"}],"wp:attachment":[{"href":"https:\/\/simak-keramika.si\/it\/wp-json\/wp\/v2\/media?parent=4470"}],"wp:term":[{"taxonomy":"product_brand","embeddable":true,"href":"https:\/\/simak-keramika.si\/it\/wp-json\/wp\/v2\/product_brand?post=4470"},{"taxonomy":"product_cat","embeddable":true,"href":"https:\/\/simak-keramika.si\/it\/wp-json\/wp\/v2\/product_cat?post=4470"},{"taxonomy":"product_tag","embeddable":true,"href":"https:\/\/simak-keramika.si\/it\/wp-json\/wp\/v2\/product_tag?post=4470"}],"curies":[{"name":"wp","href":"https:\/\/api.w.org\/{rel}","templated":true}]}}