{"id":4474,"date":"2026-01-19T22:06:52","date_gmt":"2026-01-19T22:06:52","guid":{"rendered":"https:\/\/simak-keramika.si\/product\/zumba-nero-fleksi-kuhinjska-pipa-crn-vrat\/"},"modified":"2026-04-25T11:00:17","modified_gmt":"2026-04-25T11:00:17","slug":"zumba-nero-fleksi-rubinetto-da-cucina-collo-nero","status":"publish","type":"product","link":"https:\/\/simak-keramika.si\/it\/prodotto\/zumba-nero-fleksi-rubinetto-da-cucina-collo-nero\/","title":{"rendered":"BZA4BLB Zumba Nero"},"content":{"rendered":"<div class=\"relative basis-auto flex-col -mb-(--composer-overlap-px) [--composer-overlap-px:28px] grow flex\">\n<div class=\"flex flex-col text-sm pb-25\">\n<article class=\"text-token-text-primary w-full focus:outline-none [--shadow-height:45px] has-data-writing-block:pointer-events-none has-data-writing-block:-mt-(--shadow-height) has-data-writing-block:pt-(--shadow-height) [&amp;:has([data-writing-block])&gt;*]:pointer-events-auto scroll-mt-[calc(var(--header-height)+min(200px,max(70px,20svh)))]\" dir=\"auto\" data-turn-id=\"request-6995fca4-53f8-8393-9653-9a28e0a1b10f-99\" data-testid=\"conversation-turn-154\" data-scroll-anchor=\"true\" data-turn=\"assistant\">\n<div class=\"text-base my-auto mx-auto pb-10 [--thread-content-margin:--spacing(4)] @w-sm\/main:[--thread-content-margin:--spacing(6)] @w-lg\/main:[--thread-content-margin:--spacing(16)] px-(--thread-content-margin)\">\n<div class=\"[--thread-content-max-width:40rem] @w-lg\/main:[--thread-content-max-width:48rem] mx-auto max-w-(--thread-content-max-width) flex-1 group\/turn-messages focus-visible:outline-hidden relative flex w-full min-w-0 flex-col agent-turn\">\n<div class=\"flex max-w-full flex-col grow\">\n<div class=\"min-h-8 text-message relative flex w-full flex-col items-end gap-2 text-start break-words whitespace-normal [.text-message+&amp;]:mt-1\" dir=\"auto\" data-message-author-role=\"assistant\" data-message-id=\"7a6bae5d-dbc4-4b4c-b208-941a9b2683f5\" data-message-model-slug=\"gpt-5-2-thinking\">\n<div class=\"flex w-full flex-col gap-1 empty:hidden first:pt-[1px]\">\n<div class=\"markdown prose dark:prose-invert w-full wrap-break-word light markdown-new-styling\">\n<p data-start=\"122\" data-end=\"197\">Kakovostna kuhinjska armatura s prilagodljivim izlivom v kromirani izvedbi.<\/p>\n<p data-start=\"199\" data-end=\"629\">Opremljena je s kerami\u010dnim regulatorjem za zanesljivo in natan\u010dno delovanje ter je primerna za monta\u017eo na eno odprtino. Prilagodljiv izliv omogo\u010da prosto oblikovanje, po potrebi pa je mo\u017ena tudi menjava barve izliva. Nastavljiv doseg in vi\u0161ina izliva olaj\u0161ata uporabo pri pomivanju in polnjenju posod. Za prijeten in var\u010den pretok skrbi regulator pretoka M22\u00d71, prilo\u017eene pa so tudi pro\u017ene priklju\u010dne cevi za enostavno namestitev.<\/p>\n<p data-start=\"631\" data-end=\"654\"><strong data-start=\"631\" data-end=\"654\">Tehni\u010dne lastnosti:<\/strong><\/p>\n<ul data-start=\"655\" data-end=\"953\">\n<li data-start=\"655\" data-end=\"678\">\n<p data-start=\"657\" data-end=\"678\">Kerami\u010dni regulator<\/p>\n<\/li>\n<li data-start=\"679\" data-end=\"706\">\n<p data-start=\"681\" data-end=\"706\">Monta\u017ea na eno odprtino<\/p>\n<\/li>\n<li data-start=\"707\" data-end=\"759\">\n<p data-start=\"709\" data-end=\"759\">Prilagodljiv izliv, mo\u017enost prostega oblikovanja<\/p>\n<\/li>\n<li data-start=\"760\" data-end=\"792\">\n<p data-start=\"762\" data-end=\"792\">Mo\u017enost menjave barve izliva<\/p>\n<\/li>\n<li data-start=\"793\" data-end=\"833\">\n<p data-start=\"795\" data-end=\"833\">Spremenljiv doseg izliva: 150\u2013350 mm<\/p>\n<\/li>\n<li data-start=\"834\" data-end=\"876\">\n<p data-start=\"836\" data-end=\"876\">Spremenljiva vi\u0161ina izliva: 280\u2013440 mm<\/p>\n<\/li>\n<li data-start=\"877\" data-end=\"905\">\n<p data-start=\"879\" data-end=\"905\">Regulator pretoka: M22\u00d71<\/p>\n<\/li>\n<li data-start=\"906\" data-end=\"939\">\n<p data-start=\"908\" data-end=\"939\">Pro\u017ena povezava: G3\/8 \u2013 M10\u00d71<\/p>\n<\/li>\n<li data-start=\"940\" data-end=\"953\">\n<p data-start=\"942\" data-end=\"953\">Barva: krom<\/p>\n<\/li>\n<\/ul>\n<\/div>\n<\/div>\n<\/div>\n<\/div>\n<\/div>\n<\/div>\n<\/article>\n<\/div>\n<\/div>\n<div id=\"thread-bottom-container\" class=\"sticky bottom-0 group\/thread-bottom-container relative isolate z-10 w-full basis-auto has-data-has-thread-error:pt-2 has-data-has-thread-error:[box-shadow:var(--sharp-edge-bottom-shadow)] md:border-transparent md:pt-0 dark:border-white\/20 md:dark:border-transparent print:hidden content-fade single-line\">\n<div class=\"text-base mx-auto [--thread-content-margin:--spacing(4)] @w-sm\/main:[--thread-content-margin:--spacing(6)] @w-lg\/main:[--thread-content-margin:--spacing(16)] px-(--thread-content-margin)\">\n<div class=\"[--thread-content-max-width:40rem] @w-lg\/main:[--thread-content-max-width:48rem] mx-auto max-w-(--thread-content-max-width) flex-1 mb-4\">\n<div class=\"pointer-events-auto relative z-1 flex h-(--composer-container-height,100%) max-w-full flex-(--composer-container-flex,1) flex-col\">\n<div class=\"\">\n<div class=\"bg-token-bg-primary corner-superellipse\/1.1 cursor-text overflow-clip bg-clip-padding p-2.5 contain-inline-size motion-safe:transition-colors motion-safe:duration-200 motion-safe:ease-in-out dark:bg-[#303030] grid grid-cols-[auto_1fr_auto] [grid-template-areas:'header_header_header'_'leading_primary_trailing'_'._footer_.'] group-data-expanded\/composer:[grid-template-areas:'header_header_header'_'primary_primary_primary'_'leading_footer_trailing'] shadow-short\" data-composer-surface=\"true\">\n<div class=\"-my-2.5 flex min-h-14 items-center overflow-x-hidden px-1.5 [grid-area:primary] group-data-expanded\/composer:mb-0 group-data-expanded\/composer:px-2.5\"><\/div>\n<\/div>\n<\/div>\n<\/div>\n<\/div>\n<\/div>\n<\/div>\n","protected":false},"excerpt":{"rendered":"<p>Kakovostna kuhinjska armatura s prilagodljivim izlivom v kromirani izvedbi. Opremljena je s kerami\u010dnim regulatorjem za zanesljivo in natan\u010dno delovanje ter je primerna za monta\u017eo na eno odprtino. Prilagodljiv izliv omogo\u010da prosto oblikovanje, po potrebi pa je mo\u017ena tudi menjava barve izliva. Nastavljiv doseg in vi\u0161ina izliva olaj\u0161ata uporabo pri pomivanju in polnjenju posod. Za prijeten [&hellip;]<\/p>\n","protected":false},"featured_media":7006,"comment_status":"open","ping_status":"closed","template":"","meta":{"inline_featured_image":false},"product_brand":[],"product_cat":[55,47,57],"product_tag":[],"class_list":{"0":"post-4474","1":"product","2":"type-product","3":"status-publish","4":"has-post-thumbnail","6":"product_cat-armature","7":"product_cat-kopalnica","8":"product_cat-kuhinjske","10":"first","11":"instock","12":"shipping-taxable","13":"purchasable","14":"product-type-simple"},"_links":{"self":[{"href":"https:\/\/simak-keramika.si\/it\/wp-json\/wp\/v2\/product\/4474","targetHints":{"allow":["GET"]}}],"collection":[{"href":"https:\/\/simak-keramika.si\/it\/wp-json\/wp\/v2\/product"}],"about":[{"href":"https:\/\/simak-keramika.si\/it\/wp-json\/wp\/v2\/types\/product"}],"replies":[{"embeddable":true,"href":"https:\/\/simak-keramika.si\/it\/wp-json\/wp\/v2\/comments?post=4474"}],"wp:featuredmedia":[{"embeddable":true,"href":"https:\/\/simak-keramika.si\/it\/wp-json\/wp\/v2\/media\/7006"}],"wp:attachment":[{"href":"https:\/\/simak-keramika.si\/it\/wp-json\/wp\/v2\/media?parent=4474"}],"wp:term":[{"taxonomy":"product_brand","embeddable":true,"href":"https:\/\/simak-keramika.si\/it\/wp-json\/wp\/v2\/product_brand?post=4474"},{"taxonomy":"product_cat","embeddable":true,"href":"https:\/\/simak-keramika.si\/it\/wp-json\/wp\/v2\/product_cat?post=4474"},{"taxonomy":"product_tag","embeddable":true,"href":"https:\/\/simak-keramika.si\/it\/wp-json\/wp\/v2\/product_tag?post=4474"}],"curies":[{"name":"wp","href":"https:\/\/api.w.org\/{rel}","templated":true}]}}