{"id":4484,"date":"2026-01-19T22:06:53","date_gmt":"2026-01-19T22:06:53","guid":{"rendered":"https:\/\/simak-keramika.si\/product\/zumba-fleksi-kuhinjska-pipa-crn-vrat\/"},"modified":"2026-04-24T18:30:18","modified_gmt":"2026-04-24T18:30:18","slug":"rubinetto-da-cucina-flessibile-zumba-collo-nero","status":"publish","type":"product","link":"https:\/\/simak-keramika.si\/it\/prodotto\/rubinetto-da-cucina-flessibile-zumba-collo-nero\/","title":{"rendered":"BZA4B Zumba"},"content":{"rendered":"<p data-start=\"122\" data-end=\"197\">Rubinetto da cucina di qualit\u00e0 con beccuccio flessibile in finitura cromata.<\/p>\n<p data-start=\"199\" data-end=\"629\">\u00c8 dotato di un regolatore ceramico per un funzionamento affidabile e preciso ed \u00e8 adatto per il montaggio su un foro. Il beccuccio flessibile consente una modellazione libera, ed \u00e8 possibile anche cambiare il colore del beccuccio se necessario. La portata e l'altezza regolabili del beccuccio facilitano l'uso durante il lavaggio e il riempimento dei contenitori. Il regolatore di flusso M22\u00d71 assicura un flusso piacevole ed economico, e sono incluse anche tubazioni di collegamento flessibili per una facile installazione.<\/p>\n<p data-start=\"631\" data-end=\"654\"><strong data-start=\"631\" data-end=\"654\">Caratteristiche tecniche:<\/strong><\/p>\n<ul data-start=\"655\" data-end=\"953\">\n<li data-start=\"655\" data-end=\"678\">\n<p data-start=\"657\" data-end=\"678\">Regolatore ceramico<\/p>\n<\/li>\n<li data-start=\"679\" data-end=\"706\">\n<p data-start=\"681\" data-end=\"706\">Montaggio su un foro singolo<\/p>\n<\/li>\n<li data-start=\"707\" data-end=\"759\">\n<p data-start=\"709\" data-end=\"759\">Beccuccio regolabile, possibilit\u00e0 di modellazione libera<\/p>\n<\/li>\n<li data-start=\"760\" data-end=\"792\">\n<p data-start=\"762\" data-end=\"792\">Possibilit\u00e0 di cambiare il colore del beccuccio<\/p>\n<\/li>\n<li data-start=\"793\" data-end=\"833\">\n<p data-start=\"795\" data-end=\"833\">Portata variabile del beccuccio: 150\u2013350 mm<\/p>\n<\/li>\n<li data-start=\"834\" data-end=\"876\">\n<p data-start=\"836\" data-end=\"876\">Altezza variabile del beccuccio: 280\u2013440 mm<\/p>\n<\/li>\n<li data-start=\"877\" data-end=\"905\">\n<p data-start=\"879\" data-end=\"905\">Regolatore di flusso: M22\u00d71<\/p>\n<\/li>\n<li data-start=\"906\" data-end=\"939\">\n<p data-start=\"908\" data-end=\"939\">Collegamento flessibile: G3\/8 \u2013 M10\u00d71<\/p>\n<\/li>\n<li data-start=\"940\" data-end=\"953\">\n<p data-start=\"942\" data-end=\"953\">Colore: cromo<\/p>\n<\/li>\n<\/ul>","protected":false},"excerpt":{"rendered":"<p>Kakovostna kuhinjska armatura s prilagodljivim izlivom v kromirani izvedbi. Opremljena je s kerami\u010dnim regulatorjem za zanesljivo in natan\u010dno delovanje ter je primerna za monta\u017eo na eno odprtino. Prilagodljiv izliv omogo\u010da prosto oblikovanje, po potrebi pa je mo\u017ena tudi menjava barve izliva. Nastavljiv doseg in vi\u0161ina izliva olaj\u0161ata uporabo pri pomivanju in polnjenju posod. Za prijeten [&hellip;]<\/p>\n","protected":false},"featured_media":7009,"comment_status":"open","ping_status":"closed","template":"","meta":{"inline_featured_image":false},"product_brand":[],"product_cat":[55,47,57],"product_tag":[],"class_list":{"0":"post-4484","1":"product","2":"type-product","3":"status-publish","4":"has-post-thumbnail","6":"product_cat-armature","7":"product_cat-kopalnica","8":"product_cat-kuhinjske","10":"first","11":"instock","12":"shipping-taxable","13":"purchasable","14":"product-type-simple"},"_links":{"self":[{"href":"https:\/\/simak-keramika.si\/it\/wp-json\/wp\/v2\/product\/4484","targetHints":{"allow":["GET"]}}],"collection":[{"href":"https:\/\/simak-keramika.si\/it\/wp-json\/wp\/v2\/product"}],"about":[{"href":"https:\/\/simak-keramika.si\/it\/wp-json\/wp\/v2\/types\/product"}],"replies":[{"embeddable":true,"href":"https:\/\/simak-keramika.si\/it\/wp-json\/wp\/v2\/comments?post=4484"}],"wp:featuredmedia":[{"embeddable":true,"href":"https:\/\/simak-keramika.si\/it\/wp-json\/wp\/v2\/media\/7009"}],"wp:attachment":[{"href":"https:\/\/simak-keramika.si\/it\/wp-json\/wp\/v2\/media?parent=4484"}],"wp:term":[{"taxonomy":"product_brand","embeddable":true,"href":"https:\/\/simak-keramika.si\/it\/wp-json\/wp\/v2\/product_brand?post=4484"},{"taxonomy":"product_cat","embeddable":true,"href":"https:\/\/simak-keramika.si\/it\/wp-json\/wp\/v2\/product_cat?post=4484"},{"taxonomy":"product_tag","embeddable":true,"href":"https:\/\/simak-keramika.si\/it\/wp-json\/wp\/v2\/product_tag?post=4484"}],"curies":[{"name":"wp","href":"https:\/\/api.w.org\/{rel}","templated":true}]}}