{"id":4816,"date":"2026-01-19T22:07:30","date_gmt":"2026-01-19T22:07:30","guid":{"rendered":"https:\/\/simak-keramika.si\/product\/bza4sss-zumba-inox-felksi-kuhinjska-pipa-siv-vrat\/"},"modified":"2026-04-24T18:45:18","modified_gmt":"2026-04-24T18:45:18","slug":"bza4sss-zumba-inox-felksi-rubinetto-da-cucina-collo-grigio","status":"publish","type":"product","link":"https:\/\/simak-keramika.si\/it\/prodotto\/bza4sss-zumba-inox-felksi-rubinetto-da-cucina-collo-grigio\/","title":{"rendered":"BZA4SSS ZUMBA Inox"},"content":{"rendered":"<p data-start=\"127\" data-end=\"182\">Rubinetto da cucina di qualit\u00e0 con beccuccio regolabile.<\/p>\n<p data-start=\"184\" data-end=\"540\">\u00c8 dotato di un regolatore ceramico per un funzionamento affidabile e preciso ed \u00e8 adatto per il montaggio su un foro singolo. Il beccuccio regolabile consente una modellazione libera e un adattamento secondo necessit\u00e0, con portata e altezza regolabili. Il regolatore di flusso M22\u00d71 assicura un flusso piacevole ed economico, e sono incluse anche tubazioni flessibili per un'installazione semplice.<\/p>\n<p data-start=\"542\" data-end=\"565\"><strong data-start=\"542\" data-end=\"565\">Caratteristiche tecniche:<\/strong><\/p>\n<ul data-start=\"566\" data-end=\"815\">\n<li data-start=\"566\" data-end=\"589\">\n<p data-start=\"568\" data-end=\"589\">Regolatore ceramico<\/p>\n<\/li>\n<li data-start=\"590\" data-end=\"617\">\n<p data-start=\"592\" data-end=\"617\">Montaggio su un foro singolo<\/p>\n<\/li>\n<li data-start=\"618\" data-end=\"670\">\n<p data-start=\"620\" data-end=\"670\">Beccuccio regolabile, possibilit\u00e0 di modellazione libera<\/p>\n<\/li>\n<li data-start=\"671\" data-end=\"711\">\n<p data-start=\"673\" data-end=\"711\">Portata variabile del beccuccio: 150\u2013350 mm<\/p>\n<\/li>\n<li data-start=\"712\" data-end=\"754\">\n<p data-start=\"714\" data-end=\"754\">Altezza variabile del beccuccio: 280\u2013440 mm<\/p>\n<\/li>\n<li data-start=\"755\" data-end=\"783\">\n<p data-start=\"757\" data-end=\"783\">Regolatore di flusso: M22\u00d71<\/p>\n<\/li>\n<li data-start=\"784\" data-end=\"815\">\n<p data-start=\"786\" data-end=\"815\">Connessioni flessibili: G3\/8 \u2013 M10\u00d71<\/p>\n<\/li>\n<\/ul>","protected":false},"excerpt":{"rendered":"<p>Kakovostna kuhinjska armatura s prilagodljivim izlivom. Opremljena je s kerami\u010dnim regulatorjem za zanesljivo in natan\u010dno delovanje ter je primerna za monta\u017eo na eno odprtino. Prilagodljiv izliv omogo\u010da prosto oblikovanje in prilagajanje po potrebi, z nastavljivim dosegom in vi\u0161ino. Za prijeten in var\u010den pretok skrbi regulator pretoka M22\u00d71, prilo\u017eene pa so tudi pro\u017ene priklju\u010dne cevi za [&hellip;]<\/p>\n","protected":false},"featured_media":6973,"comment_status":"open","ping_status":"closed","template":"","meta":{"inline_featured_image":false},"product_brand":[],"product_cat":[55,47,57],"product_tag":[],"class_list":{"0":"post-4816","1":"product","2":"type-product","3":"status-publish","4":"has-post-thumbnail","6":"product_cat-armature","7":"product_cat-kopalnica","8":"product_cat-kuhinjske","10":"first","11":"instock","12":"shipping-taxable","13":"purchasable","14":"product-type-simple"},"_links":{"self":[{"href":"https:\/\/simak-keramika.si\/it\/wp-json\/wp\/v2\/product\/4816","targetHints":{"allow":["GET"]}}],"collection":[{"href":"https:\/\/simak-keramika.si\/it\/wp-json\/wp\/v2\/product"}],"about":[{"href":"https:\/\/simak-keramika.si\/it\/wp-json\/wp\/v2\/types\/product"}],"replies":[{"embeddable":true,"href":"https:\/\/simak-keramika.si\/it\/wp-json\/wp\/v2\/comments?post=4816"}],"wp:featuredmedia":[{"embeddable":true,"href":"https:\/\/simak-keramika.si\/it\/wp-json\/wp\/v2\/media\/6973"}],"wp:attachment":[{"href":"https:\/\/simak-keramika.si\/it\/wp-json\/wp\/v2\/media?parent=4816"}],"wp:term":[{"taxonomy":"product_brand","embeddable":true,"href":"https:\/\/simak-keramika.si\/it\/wp-json\/wp\/v2\/product_brand?post=4816"},{"taxonomy":"product_cat","embeddable":true,"href":"https:\/\/simak-keramika.si\/it\/wp-json\/wp\/v2\/product_cat?post=4816"},{"taxonomy":"product_tag","embeddable":true,"href":"https:\/\/simak-keramika.si\/it\/wp-json\/wp\/v2\/product_tag?post=4816"}],"curies":[{"name":"wp","href":"https:\/\/api.w.org\/{rel}","templated":true}]}}