{"id":4818,"date":"2026-01-19T22:07:30","date_gmt":"2026-01-19T22:07:30","guid":{"rendered":"https:\/\/simak-keramika.si\/product\/bza4wss-zumba-inox-felksi-kuhinjska-pipa-bel-vrat\/"},"modified":"2026-04-24T18:45:18","modified_gmt":"2026-04-24T18:45:18","slug":"bza4wss-zumba-inox-felksi-kuhinjska-pipa-bel-vrat","status":"publish","type":"product","link":"https:\/\/simak-keramika.si\/it\/prodotto\/bza4wss-zumba-inox-felksi-kuhinjska-pipa-bel-vrat\/","title":{"rendered":"BZA4WSS ZUMBA Inox"},"content":{"rendered":"<div class=\"relative basis-auto flex-col -mb-(--composer-overlap-px) [--composer-overlap-px:28px] grow flex\">\n<div class=\"flex flex-col text-sm pb-25\">\n<article class=\"text-token-text-primary w-full focus:outline-none [--shadow-height:45px] has-data-writing-block:pointer-events-none has-data-writing-block:-mt-(--shadow-height) has-data-writing-block:pt-(--shadow-height) [&amp;:has([data-writing-block])&gt;*]:pointer-events-auto scroll-mt-[calc(var(--header-height)+min(200px,max(70px,20svh)))]\" dir=\"auto\" data-turn-id=\"request-6995fca4-53f8-8393-9653-9a28e0a1b10f-85\" data-testid=\"conversation-turn-126\" data-scroll-anchor=\"true\" data-turn=\"assistant\">\n<div class=\"text-base my-auto mx-auto pb-10 [--thread-content-margin:--spacing(4)] @w-sm\/main:[--thread-content-margin:--spacing(6)] @w-lg\/main:[--thread-content-margin:--spacing(16)] px-(--thread-content-margin)\">\n<div class=\"[--thread-content-max-width:40rem] @w-lg\/main:[--thread-content-max-width:48rem] mx-auto max-w-(--thread-content-max-width) flex-1 group\/turn-messages focus-visible:outline-hidden relative flex w-full min-w-0 flex-col agent-turn\">\n<div class=\"flex max-w-full flex-col grow\">\n<div class=\"min-h-8 text-message relative flex w-full flex-col items-end gap-2 text-start break-words whitespace-normal [.text-message+&amp;]:mt-1\" dir=\"auto\" data-message-author-role=\"assistant\" data-message-id=\"58daea92-e552-4089-83c0-de1446314a87\" data-message-model-slug=\"gpt-5-2-thinking\">\n<div class=\"flex w-full flex-col gap-1 empty:hidden first:pt-[1px]\">\n<div class=\"markdown prose dark:prose-invert w-full wrap-break-word light markdown-new-styling\">\n<p data-start=\"159\" data-end=\"230\">Kakovostna stoje\u010da umivalni\u0161ka armatura z belim prilagodljivim izlivom.<\/p>\n<p data-start=\"232\" data-end=\"641\">Ohi\u0161je in ro\u010dica sta iz nerjave\u010dega jekla, kerami\u010dna kartu\u0161a pa zagotavlja zanesljivo in natan\u010dno regulacijo pretoka ter temperature. Monta\u017ea je predvidena na eno odprtino. Prilagodljiv izliv omogo\u010da prosto oblikovanje in la\u017eje prilagajanje pri vsakodnevni uporabi, z nastavljivim dosegom in vi\u0161ino. Za prijeten in var\u010den pretok skrbi regulator pretoka M22\u00d71, prilo\u017eene pa so tudi fleksibilne priklju\u010dne cevi.<\/p>\n<p data-start=\"643\" data-end=\"666\"><strong data-start=\"643\" data-end=\"666\">Tehni\u010dne lastnosti:<\/strong><\/p>\n<ul data-start=\"667\" data-end=\"955\">\n<li data-start=\"667\" data-end=\"704\">\n<p data-start=\"669\" data-end=\"704\">Ohi\u0161je in ro\u010dica: nerjave\u010de jeklo<\/p>\n<\/li>\n<li data-start=\"705\" data-end=\"726\">\n<p data-start=\"707\" data-end=\"726\">Kerami\u010dna kartu\u0161a<\/p>\n<\/li>\n<li data-start=\"727\" data-end=\"754\">\n<p data-start=\"729\" data-end=\"754\">Monta\u017ea na eno odprtino<\/p>\n<\/li>\n<li data-start=\"755\" data-end=\"807\">\n<p data-start=\"757\" data-end=\"807\">Prilagodljiv izliv, mo\u017enost prostega oblikovanja<\/p>\n<\/li>\n<li data-start=\"808\" data-end=\"836\">\n<p data-start=\"810\" data-end=\"836\">Doseg izliva: 200\u2013439 mm<\/p>\n<\/li>\n<li data-start=\"837\" data-end=\"866\">\n<p data-start=\"839\" data-end=\"866\">Vi\u0161ina izliva: 274\u2013418 mm<\/p>\n<\/li>\n<li data-start=\"867\" data-end=\"895\">\n<p data-start=\"869\" data-end=\"895\">Regulator pretoka: M22\u00d71<\/p>\n<\/li>\n<li data-start=\"896\" data-end=\"934\">\n<p data-start=\"898\" data-end=\"934\">Fleksibilne povezave: G3\/8 \u2013 M10x1<\/p>\n<\/li>\n<li data-start=\"935\" data-end=\"955\">\n<p data-start=\"937\" data-end=\"955\">Barva izliva: bela<\/p>\n<\/li>\n<\/ul>\n<\/div>\n<\/div>\n<\/div>\n<\/div>\n<\/div>\n<\/div>\n<\/article>\n<\/div>\n<\/div>\n","protected":false},"excerpt":{"rendered":"<p>Kakovostna stoje\u010da umivalni\u0161ka armatura z belim prilagodljivim izlivom. Ohi\u0161je in ro\u010dica sta iz nerjave\u010dega jekla, kerami\u010dna kartu\u0161a pa zagotavlja zanesljivo in natan\u010dno regulacijo pretoka ter temperature. Monta\u017ea je predvidena na eno odprtino. Prilagodljiv izliv omogo\u010da prosto oblikovanje in la\u017eje prilagajanje pri vsakodnevni uporabi, z nastavljivim dosegom in vi\u0161ino. Za prijeten in var\u010den pretok skrbi regulator [&hellip;]<\/p>\n","protected":false},"featured_media":6982,"comment_status":"open","ping_status":"closed","template":"","meta":{"inline_featured_image":false},"product_brand":[],"product_cat":[55,47,57],"product_tag":[],"class_list":{"0":"post-4818","1":"product","2":"type-product","3":"status-publish","4":"has-post-thumbnail","6":"product_cat-armature","7":"product_cat-kopalnica","8":"product_cat-kuhinjske","10":"first","11":"instock","12":"shipping-taxable","13":"purchasable","14":"product-type-simple"},"_links":{"self":[{"href":"https:\/\/simak-keramika.si\/it\/wp-json\/wp\/v2\/product\/4818","targetHints":{"allow":["GET"]}}],"collection":[{"href":"https:\/\/simak-keramika.si\/it\/wp-json\/wp\/v2\/product"}],"about":[{"href":"https:\/\/simak-keramika.si\/it\/wp-json\/wp\/v2\/types\/product"}],"replies":[{"embeddable":true,"href":"https:\/\/simak-keramika.si\/it\/wp-json\/wp\/v2\/comments?post=4818"}],"wp:featuredmedia":[{"embeddable":true,"href":"https:\/\/simak-keramika.si\/it\/wp-json\/wp\/v2\/media\/6982"}],"wp:attachment":[{"href":"https:\/\/simak-keramika.si\/it\/wp-json\/wp\/v2\/media?parent=4818"}],"wp:term":[{"taxonomy":"product_brand","embeddable":true,"href":"https:\/\/simak-keramika.si\/it\/wp-json\/wp\/v2\/product_brand?post=4818"},{"taxonomy":"product_cat","embeddable":true,"href":"https:\/\/simak-keramika.si\/it\/wp-json\/wp\/v2\/product_cat?post=4818"},{"taxonomy":"product_tag","embeddable":true,"href":"https:\/\/simak-keramika.si\/it\/wp-json\/wp\/v2\/product_tag?post=4818"}],"curies":[{"name":"wp","href":"https:\/\/api.w.org\/{rel}","templated":true}]}}