{"id":5482,"date":"2026-01-19T22:08:46","date_gmt":"2026-01-19T22:08:46","guid":{"rendered":"https:\/\/simak-keramika.si\/product\/linear-basic-duo-70-kanaleta-revestech\/"},"modified":"2026-04-26T11:30:19","modified_gmt":"2026-04-26T11:30:19","slug":"linear-basic-duo-70-canaletta-revestech","status":"publish","type":"product","link":"https:\/\/simak-keramika.si\/it\/prodotto\/linear-basic-duo-70-canaletta-revestech\/","title":{"rendered":"Revestech LINEAR BASIC DUO 70 \u2013 canaletta per doccia e terrazze con griglia 2-in-1"},"content":{"rendered":"<p>Revestech LINEAR BASIC DUO 70 \u2013 kanaleta za tu\u0161 in terase z 2-v-1 re\u0161etko (keramika\/INOX) in predname\u0161\u010deno hidroizolacijo DRY 40 25 \u00d7 25 cm<\/p>\n<div class=\"relative basis-auto flex-col -mb-(--composer-overlap-px) [--composer-overlap-px:28px] grow flex\">\n<div class=\"flex flex-col text-sm pb-25\">\n<article class=\"text-token-text-primary w-full focus:outline-none [--shadow-height:45px] has-data-writing-block:pointer-events-none has-data-writing-block:-mt-(--shadow-height) has-data-writing-block:pt-(--shadow-height) [&amp;:has([data-writing-block])&gt;*]:pointer-events-auto scroll-mt-[calc(var(--header-height)+min(200px,max(70px,20svh)))]\" dir=\"auto\" tabindex=\"-1\" data-turn-id=\"request-WEB:9d3c9ccf-5954-49f1-816c-fecd1225abf5-83\" data-testid=\"conversation-turn-70\" data-scroll-anchor=\"true\" data-turn=\"assistant\">\n<div class=\"text-base my-auto mx-auto pb-10 [--thread-content-margin:--spacing(4)] @w-sm\/main:[--thread-content-margin:--spacing(6)] @w-lg\/main:[--thread-content-margin:--spacing(16)] px-(--thread-content-margin)\">\n<div class=\"[--thread-content-max-width:40rem] @w-lg\/main:[--thread-content-max-width:48rem] mx-auto max-w-(--thread-content-max-width) flex-1 group\/turn-messages focus-visible:outline-hidden relative flex w-full min-w-0 flex-col agent-turn\" tabindex=\"-1\">\n<div class=\"flex max-w-full flex-col grow\">\n<div class=\"min-h-8 text-message relative flex w-full flex-col items-end gap-2 text-start break-words whitespace-normal [.text-message+&amp;]:mt-1\" dir=\"auto\" data-message-author-role=\"assistant\" data-message-id=\"2a31b879-777d-4a59-ab02-9859c5ba9023\" data-message-model-slug=\"gpt-5-2-thinking\">\n<div class=\"flex w-full flex-col gap-1 empty:hidden first:pt-[1px]\">\n<div class=\"markdown prose dark:prose-invert w-full wrap-break-word light markdown-new-styling\">\n<p data-start=\"236\" data-end=\"525\">Revestech LINEAR BASIC DUO 70 je kanaleta za tu\u0161 in terase, ki zdru\u017euje varnost, estetsko prilagodljivost in enostavno vgradnjo.<br data-start=\"364\" data-end=\"367\" \/>V kompletu je dvostranska re\u0161etka: ena stran je namenjena oblogi s keramiko, druga pa je v izvedbi iz nerjave\u010dega jekla, zato si sami izberete kon\u010dni videz.<\/p>\n<p data-start=\"527\" data-end=\"869\">Integrirana hidroizolacijska membrana DRY 40 s sekundarno drena\u017eo je tovarni\u0161ko spojena s prirobnico, kar odpravi kriti\u010dne to\u010dke zamakanja, propadanje fug in pojav glivic. Sistem omogo\u010da vgradnjo od stene do stene brez rezanja trikotnikov v keramiki ter omogo\u010da izvedbo tu\u0161 poda z eno veliko-formatno plo\u0161\u010dico. Hitreje, lep\u0161e in u\u010dinkoviteje.<\/p>\n<h3 data-start=\"871\" data-end=\"897\">Lastnosti in prednosti<\/h3>\n<ul data-start=\"898\" data-end=\"1681\">\n<li data-start=\"898\" data-end=\"999\">\n<p data-start=\"900\" data-end=\"999\">Predname\u0161\u010dena hidroizolacija in sekundarna drena\u017ea \u2013 tovarni\u0161ko re\u0161en spoj za dolgotrajno varnost<\/p>\n<\/li>\n<li data-start=\"1000\" data-end=\"1080\">\n<p data-start=\"1002\" data-end=\"1080\">Vgradnja od stene do stene \u2013 \u010dista linija brez nepotrebnega rezanja keramike<\/p>\n<\/li>\n<li data-start=\"1081\" data-end=\"1161\">\n<p data-start=\"1083\" data-end=\"1161\">Premium dizajn \u2013 primeren za vsak interier, kot pri najdra\u017ejih proizvajalcih<\/p>\n<\/li>\n<li data-start=\"1162\" data-end=\"1242\">\n<p data-start=\"1164\" data-end=\"1242\">Dvostranska re\u0161etka \u2013 izbira med kerami\u010dno in INOX (nerjave\u010de jeklo) izvedbo<\/p>\n<\/li>\n<li data-start=\"1243\" data-end=\"1519\">\n<p data-start=\"1245\" data-end=\"1265\">Modularna monta\u017ea:<\/p>\n<ul data-start=\"1268\" data-end=\"1519\">\n<li data-start=\"1268\" data-end=\"1340\">\n<p data-start=\"1270\" data-end=\"1340\">Sifon \u2013 vgradi vodoin\u0161talater, enostaven in odporen proti zama\u0161itvam<\/p>\n<\/li>\n<li data-start=\"1343\" data-end=\"1415\">\n<p data-start=\"1345\" data-end=\"1415\">Prirobnica s hidroizolacijo in sekundarno drena\u017eo \u2013 vgradi kerami\u010dar<\/p>\n<\/li>\n<li data-start=\"1418\" data-end=\"1519\">\n<p data-start=\"1420\" data-end=\"1519\">Nosilec in re\u0161etka iz nerjave\u010dega jekla \u2013 nastavljivo, prilagodljivo keramiki, marmorju ali kamnu<\/p>\n<\/li>\n<\/ul>\n<\/li>\n<li data-start=\"1520\" data-end=\"1681\">\n<p data-start=\"1522\" data-end=\"1681\">Enostavno vzdr\u017eevanje \u2013 lahko dostopen sifon z velikim iztokom \u00d850 in filter za lase, ki se enostavno odstrani in o\u010disti; prilo\u017een klju\u010d za hitro vzdr\u017eevanje<\/p>\n<\/li>\n<\/ul>\n<h3 data-start=\"1683\" data-end=\"1704\">Vsebina pakiranja<\/h3>\n<ul data-start=\"1705\" data-end=\"1873\">\n<li data-start=\"1705\" data-end=\"1780\">\n<p data-start=\"1707\" data-end=\"1780\">LINEAR BASIC DUO 70 odtok z integrirano membrano DRY 40 (25 cm \u00d7 25 cm)<\/p>\n<\/li>\n<li data-start=\"1781\" data-end=\"1832\">\n<p data-start=\"1783\" data-end=\"1832\">Dvostranska re\u0161etka: keramika + nerjave\u010de jeklo<\/p>\n<\/li>\n<li data-start=\"1833\" data-end=\"1851\">\n<p data-start=\"1835\" data-end=\"1851\">Filter za lase<\/p>\n<\/li>\n<li data-start=\"1852\" data-end=\"1873\">\n<p data-start=\"1854\" data-end=\"1873\">Klju\u010d za \u010di\u0161\u010denje<\/p>\n<\/li>\n<\/ul>\n<h3 data-start=\"1875\" data-end=\"1886\">Uporaba<\/h3>\n<ul data-start=\"1887\" data-end=\"2169\" data-is-last-node=\"\" data-is-only-node=\"\">\n<li data-start=\"1887\" data-end=\"1958\">\n<p data-start=\"1889\" data-end=\"1958\">Kopalnice in tu\u0161 cone \u2013 moderen videz z ve\u010d dizajnerskimi mo\u017enostmi<\/p>\n<\/li>\n<li data-start=\"1959\" data-end=\"2022\">\n<p data-start=\"1961\" data-end=\"2022\">SPA in wellness centri \u2013 visoka prepustnost in zanesljivost<\/p>\n<\/li>\n<li data-start=\"2023\" data-end=\"2074\">\n<p data-start=\"2025\" data-end=\"2074\">Mokri prostori \u2013 bazeni, savne, \u0161portni objekti<\/p>\n<\/li>\n<li data-start=\"2075\" data-end=\"2169\" data-is-last-node=\"\">\n<p data-start=\"2077\" data-end=\"2169\" data-is-last-node=\"\">Terase in balkoni \u2013 u\u010dinkovito odvajanje in za\u0161\u010dita; mo\u017enost linijske monta\u017ee \u201c\u010delo na \u010delo\u201d<\/p>\n<\/li>\n<\/ul>\n<\/div>\n<\/div>\n<\/div>\n<\/div>\n<\/div>\n<\/div>\n<\/article>\n<\/div>\n<\/div>\n","protected":false},"excerpt":{"rendered":"<p>Revestech LINEAR BASIC DUO 70 \u2013 kanaleta za tu\u0161 in terase z 2-v-1 re\u0161etko (keramika\/INOX) in predname\u0161\u010deno hidroizolacijo DRY 40 25 \u00d7 25 cm Revestech LINEAR BASIC DUO 70 je kanaleta za tu\u0161 in terase, ki zdru\u017euje varnost, estetsko prilagodljivost in enostavno vgradnjo.V kompletu je dvostranska re\u0161etka: ena stran je namenjena oblogi s keramiko, druga [&hellip;]<\/p>\n","protected":false},"featured_media":7978,"comment_status":"open","ping_status":"closed","template":"","meta":{"inline_featured_image":false},"product_brand":[],"product_cat":[46],"product_tag":[],"class_list":{"0":"post-5482","1":"product","2":"type-product","3":"status-publish","4":"has-post-thumbnail","6":"product_cat-revestech","8":"first","9":"instock","10":"shipping-taxable","11":"purchasable","12":"product-type-simple"},"_links":{"self":[{"href":"https:\/\/simak-keramika.si\/it\/wp-json\/wp\/v2\/product\/5482","targetHints":{"allow":["GET"]}}],"collection":[{"href":"https:\/\/simak-keramika.si\/it\/wp-json\/wp\/v2\/product"}],"about":[{"href":"https:\/\/simak-keramika.si\/it\/wp-json\/wp\/v2\/types\/product"}],"replies":[{"embeddable":true,"href":"https:\/\/simak-keramika.si\/it\/wp-json\/wp\/v2\/comments?post=5482"}],"wp:featuredmedia":[{"embeddable":true,"href":"https:\/\/simak-keramika.si\/it\/wp-json\/wp\/v2\/media\/7978"}],"wp:attachment":[{"href":"https:\/\/simak-keramika.si\/it\/wp-json\/wp\/v2\/media?parent=5482"}],"wp:term":[{"taxonomy":"product_brand","embeddable":true,"href":"https:\/\/simak-keramika.si\/it\/wp-json\/wp\/v2\/product_brand?post=5482"},{"taxonomy":"product_cat","embeddable":true,"href":"https:\/\/simak-keramika.si\/it\/wp-json\/wp\/v2\/product_cat?post=5482"},{"taxonomy":"product_tag","embeddable":true,"href":"https:\/\/simak-keramika.si\/it\/wp-json\/wp\/v2\/product_tag?post=5482"}],"curies":[{"name":"wp","href":"https:\/\/api.w.org\/{rel}","templated":true}]}}