{"id":5493,"date":"2026-01-19T22:08:47","date_gmt":"2026-01-19T22:08:47","guid":{"rendered":"https:\/\/simak-keramika.si\/product\/linear-level-10x90-138-x-938-cm-revestech\/"},"modified":"2026-03-17T19:42:34","modified_gmt":"2026-03-17T19:42:34","slug":"linear-level-10x90-138-x-938-cm-revestech","status":"publish","type":"product","link":"https:\/\/simak-keramika.si\/it\/prodotto\/linear-level-10x90-138-x-938-cm-revestech\/","title":{"rendered":"Revestech LINEAR LEVEL 90 \u00d7 10 \u2013 nevidna tu\u0161 kanaleta"},"content":{"rendered":"<p>Revestech LINEAR LEVEL 90 \u00d7 10 \u2013 nevidna tu\u0161 kanaleta s 3 m\u00b2 hidroizolacijske membrane DRY 50<\/p>\n<div class=\"relative basis-auto flex-col -mb-(--composer-overlap-px) [--composer-overlap-px:28px] grow flex\">\n<div class=\"flex flex-col text-sm pb-25\">\n<article class=\"text-token-text-primary w-full focus:outline-none [--shadow-height:45px] has-data-writing-block:pointer-events-none has-data-writing-block:-mt-(--shadow-height) has-data-writing-block:pt-(--shadow-height) [&amp;:has([data-writing-block])&gt;*]:pointer-events-auto scroll-mt-[calc(var(--header-height)+min(200px,max(70px,20svh)))]\" dir=\"auto\" tabindex=\"-1\" data-turn-id=\"request-WEB:9d3c9ccf-5954-49f1-816c-fecd1225abf5-81\" data-testid=\"conversation-turn-66\" data-scroll-anchor=\"true\" data-turn=\"assistant\">\n<div class=\"text-base my-auto mx-auto pb-10 [--thread-content-margin:--spacing(4)] @w-sm\/main:[--thread-content-margin:--spacing(6)] @w-lg\/main:[--thread-content-margin:--spacing(16)] px-(--thread-content-margin)\">\n<div class=\"[--thread-content-max-width:40rem] @w-lg\/main:[--thread-content-max-width:48rem] mx-auto max-w-(--thread-content-max-width) flex-1 group\/turn-messages focus-visible:outline-hidden relative flex w-full min-w-0 flex-col agent-turn\" tabindex=\"-1\">\n<div class=\"flex max-w-full flex-col grow\">\n<div class=\"min-h-8 text-message relative flex w-full flex-col items-end gap-2 text-start break-words whitespace-normal [.text-message+&amp;]:mt-1\" dir=\"auto\" data-message-author-role=\"assistant\" data-message-id=\"6fa6eb97-c9a8-4fc4-9684-8ae63ad87854\" data-message-model-slug=\"gpt-5-2-thinking\">\n<div class=\"flex w-full flex-col gap-1 empty:hidden first:pt-[1px]\">\n<div class=\"markdown prose dark:prose-invert w-full wrap-break-word light markdown-new-styling\">\n<p data-start=\"198\" data-end=\"480\">Revestech LINEAR LEVEL je patentiran in edinstven sistem skritega odtoka, kjer re\u0161etko predstavlja ista keramika, marmor ali kamen kot preostanek tal. Rezultat je popolnoma raven in eleganten tu\u0161 prostor brez vidnih re\u0161etk, voda pa diskretno odteka skozi 2 tanki fuge \u0161irine 2 mm.<\/p>\n<p data-start=\"482\" data-end=\"718\">Sistem je popolnoma prilagodljiv debelini talne obloge, ne glede na to, ali gre za tanko keramiko, masiven marmor ali kamen. Namesti se lahko od stene do stene tu\u0161 kabine, kar ustvari \u010disto, luksuzno in moderno linijo brez prekinitev.<\/p>\n<p data-start=\"720\" data-end=\"876\">Tovarni\u0161ko integrirana hidroizolacijska membrana ECODRY 50 odpravlja kriti\u010dne to\u010dke zamakanja in omogo\u010da hitro vgradnjo brez dodatnih slojev hidroizolacije.<\/p>\n<h3 data-start=\"878\" data-end=\"898\">Glavne prednosti<\/h3>\n<ul data-start=\"899\" data-end=\"1383\">\n<li data-start=\"899\" data-end=\"964\">\n<p data-start=\"901\" data-end=\"964\">Nevidni odtok \u2013 re\u0161etko tvori va\u0161a keramika, marmor ali kamen<\/p>\n<\/li>\n<li data-start=\"965\" data-end=\"1042\">\n<p data-start=\"967\" data-end=\"1042\">Prilagodljiv vsaki debelini obloge \u2013 od tankih plo\u0161\u010dic do masivnega kamna<\/p>\n<\/li>\n<li data-start=\"1043\" data-end=\"1116\">\n<p data-start=\"1045\" data-end=\"1116\">Vgradnja od stene do stene tu\u0161 kabine \u2013 popolna minimalisti\u010dka linija<\/p>\n<\/li>\n<li data-start=\"1117\" data-end=\"1178\">\n<p data-start=\"1119\" data-end=\"1178\">Patentiran LEVEL sistem \u2013 razvit za ekskluzivne kopalnice<\/p>\n<\/li>\n<li data-start=\"1179\" data-end=\"1240\">\n<p data-start=\"1181\" data-end=\"1240\">100 % vodotesnost \u2013 zaradi integrirane membrane ECODRY 50<\/p>\n<\/li>\n<li data-start=\"1241\" data-end=\"1322\">\n<p data-start=\"1243\" data-end=\"1322\">Hitra in \u010dista monta\u017ea \u2013 pripravljeno za vgradnjo brez dodatne hidroizolacije<\/p>\n<\/li>\n<li data-start=\"1323\" data-end=\"1383\">\n<p data-start=\"1325\" data-end=\"1383\">Enostavno vzdr\u017eevanje \u2013 prilo\u017een klju\u010d za la\u017eje \u010di\u0161\u010denje<\/p>\n<\/li>\n<\/ul>\n<h3 data-start=\"1385\" data-end=\"1404\">Kaj je v paketu<\/h3>\n<ul data-start=\"1405\" data-end=\"1618\">\n<li data-start=\"1405\" data-end=\"1474\">\n<p data-start=\"1407\" data-end=\"1474\">LINEAR LEVEL odtok z integrirano membrano ECODRY 50 (1,5 m \u00d7 2 m)<\/p>\n<\/li>\n<li data-start=\"1475\" data-end=\"1540\">\n<p data-start=\"1477\" data-end=\"1540\">Visokozmogljiv odtok (0,5 l\/s) z enostavno \u010distljivim sifonom<\/p>\n<\/li>\n<li data-start=\"1541\" data-end=\"1562\">\n<p data-start=\"1543\" data-end=\"1562\">Klju\u010d za \u010di\u0161\u010denje<\/p>\n<\/li>\n<li data-start=\"1563\" data-end=\"1618\">\n<p data-start=\"1565\" data-end=\"1618\">Lepilo REVESTECHFLEX za varno spajanje in tesnjenje<\/p>\n<\/li>\n<\/ul>\n<h3 data-start=\"1620\" data-end=\"1640\">Kje se uporablja<\/h3>\n<ul data-start=\"1641\" data-end=\"1736\" data-is-last-node=\"\" data-is-only-node=\"\">\n<li data-start=\"1641\" data-end=\"1678\">\n<p data-start=\"1643\" data-end=\"1678\">Ekskluzivne kopalnice in tu\u0161 cone<\/p>\n<\/li>\n<li data-start=\"1679\" data-end=\"1705\">\n<p data-start=\"1681\" data-end=\"1705\">SPA in wellness centri<\/p>\n<\/li>\n<li data-start=\"1706\" data-end=\"1736\" data-is-last-node=\"\">\n<p data-start=\"1708\" data-end=\"1736\" data-is-last-node=\"\">Luksuzni apartmaji in hoteli<\/p>\n<\/li>\n<\/ul>\n<\/div>\n<\/div>\n<\/div>\n<\/div>\n<\/div>\n<\/div>\n<\/article>\n<\/div>\n<\/div>\n<p>&nbsp;<\/p>\n","protected":false},"excerpt":{"rendered":"<p>Revestech LINEAR LEVEL 90 \u00d7 10 \u2013 nevidna tu\u0161 kanaleta s 3 m\u00b2 hidroizolacijske membrane DRY 50 Revestech LINEAR LEVEL je patentiran in edinstven sistem skritega odtoka, kjer re\u0161etko predstavlja ista keramika, marmor ali kamen kot preostanek tal. Rezultat je popolnoma raven in eleganten tu\u0161 prostor brez vidnih re\u0161etk, voda pa diskretno odteka skozi 2 [&hellip;]<\/p>\n","protected":false},"featured_media":7974,"comment_status":"open","ping_status":"closed","template":"","meta":{"inline_featured_image":false},"product_brand":[],"product_cat":[46],"product_tag":[],"class_list":{"0":"post-5493","1":"product","2":"type-product","3":"status-publish","4":"has-post-thumbnail","6":"product_cat-revestech","8":"first","9":"instock","10":"shipping-taxable","11":"purchasable","12":"product-type-simple"},"_links":{"self":[{"href":"https:\/\/simak-keramika.si\/it\/wp-json\/wp\/v2\/product\/5493","targetHints":{"allow":["GET"]}}],"collection":[{"href":"https:\/\/simak-keramika.si\/it\/wp-json\/wp\/v2\/product"}],"about":[{"href":"https:\/\/simak-keramika.si\/it\/wp-json\/wp\/v2\/types\/product"}],"replies":[{"embeddable":true,"href":"https:\/\/simak-keramika.si\/it\/wp-json\/wp\/v2\/comments?post=5493"}],"wp:featuredmedia":[{"embeddable":true,"href":"https:\/\/simak-keramika.si\/it\/wp-json\/wp\/v2\/media\/7974"}],"wp:attachment":[{"href":"https:\/\/simak-keramika.si\/it\/wp-json\/wp\/v2\/media?parent=5493"}],"wp:term":[{"taxonomy":"product_brand","embeddable":true,"href":"https:\/\/simak-keramika.si\/it\/wp-json\/wp\/v2\/product_brand?post=5493"},{"taxonomy":"product_cat","embeddable":true,"href":"https:\/\/simak-keramika.si\/it\/wp-json\/wp\/v2\/product_cat?post=5493"},{"taxonomy":"product_tag","embeddable":true,"href":"https:\/\/simak-keramika.si\/it\/wp-json\/wp\/v2\/product_tag?post=5493"}],"curies":[{"name":"wp","href":"https:\/\/api.w.org\/{rel}","templated":true}]}}