{"id":5558,"date":"2026-01-19T22:08:55","date_gmt":"2026-01-19T22:08:55","guid":{"rendered":"https:\/\/simak-keramika.si\/product\/lomax-distancniki-1mm-100-kosov\/"},"modified":"2026-04-24T20:15:17","modified_gmt":"2026-04-24T20:15:17","slug":"distanziatori-lomax-1mm-100-pezzi","status":"publish","type":"product","link":"https:\/\/simak-keramika.si\/it\/prodotto\/distanziatori-lomax-1mm-100-pezzi\/","title":{"rendered":"LOMAX Distanziatori 1mm"},"content":{"rendered":"<p data-start=\"211\" data-end=\"515\">I distanziatori LOMAX 1 mm sono progettati per una posa rapida e precisa delle piastrelle in ceramica, dove si desidera una larghezza uniforme delle fughe di 1 mm e un migliore allineamento dei bordi durante la posa. Sono adatti per rivestimenti murali e pavimentali e aiutano a mantenere le piastrelle alla giusta distanza, migliorando l'aspetto finale e facilitando il lavoro.<\/p>\n<p data-start=\"517\" data-end=\"531\"><strong data-start=\"517\" data-end=\"531\">Vantaggi:<\/strong><\/p>\n<ul data-start=\"532\" data-end=\"725\">\n<li data-start=\"532\" data-end=\"571\">\n<p data-start=\"534\" data-end=\"571\">garantiscono <strong data-start=\"547\" data-end=\"571\">una fuga uniforme di 1 mm<\/strong><\/p>\n<\/li>\n<li data-start=\"572\" data-end=\"623\">\n<p data-start=\"574\" data-end=\"623\">aiutano nell' <strong data-start=\"587\" data-end=\"608\">allineamento delle piastrelle<\/strong> durante la posa<\/p>\n<\/li>\n<li data-start=\"624\" data-end=\"656\">\n<p data-start=\"626\" data-end=\"656\"><strong data-start=\"626\" data-end=\"656\">utilizzo rapido e semplice<\/strong><\/p>\n<\/li>\n<li data-start=\"657\" data-end=\"700\">\n<p data-start=\"659\" data-end=\"700\">adatti per <strong data-start=\"671\" data-end=\"700\">piastrelle murali e pavimentali<\/strong><\/p>\n<\/li>\n<li data-start=\"701\" data-end=\"725\">\n<p data-start=\"703\" data-end=\"725\"><strong data-start=\"703\" data-end=\"725\">confezione: 100 pezzi<\/strong><\/p>\n<\/li>\n<\/ul>","protected":false},"excerpt":{"rendered":"<p>LOMAX distan\u010dniki 1 mm so namenjeni hitremu in natan\u010dnemu polaganju kerami\u010dnih plo\u0161\u010dic, kjer \u017eeli\u0161 enakomerno \u0161irino fug 1 mm in bolj\u0161o poravnavo robov med polaganjem. Primerni so za stenske in talne obloge ter pomagajo, da plo\u0161\u010dice ostanejo v pravilnem razmiku, kar izbolj\u0161a kon\u010dni videz in olaj\u0161a delo. Prednosti: zagotavljajo enakomerno 1 mm fugo pomagajo pri [&hellip;]<\/p>\n","protected":false},"featured_media":7900,"comment_status":"open","ping_status":"closed","template":"","meta":{"inline_featured_image":false},"product_brand":[],"product_cat":[39,37],"product_tag":[],"class_list":{"0":"post-5558","1":"product","2":"type-product","3":"status-publish","4":"has-post-thumbnail","6":"product_cat-orodje","7":"product_cat-pripomocki-za-mojstre","9":"first","10":"instock","11":"shipping-taxable","12":"purchasable","13":"product-type-simple"},"_links":{"self":[{"href":"https:\/\/simak-keramika.si\/it\/wp-json\/wp\/v2\/product\/5558","targetHints":{"allow":["GET"]}}],"collection":[{"href":"https:\/\/simak-keramika.si\/it\/wp-json\/wp\/v2\/product"}],"about":[{"href":"https:\/\/simak-keramika.si\/it\/wp-json\/wp\/v2\/types\/product"}],"replies":[{"embeddable":true,"href":"https:\/\/simak-keramika.si\/it\/wp-json\/wp\/v2\/comments?post=5558"}],"wp:featuredmedia":[{"embeddable":true,"href":"https:\/\/simak-keramika.si\/it\/wp-json\/wp\/v2\/media\/7900"}],"wp:attachment":[{"href":"https:\/\/simak-keramika.si\/it\/wp-json\/wp\/v2\/media?parent=5558"}],"wp:term":[{"taxonomy":"product_brand","embeddable":true,"href":"https:\/\/simak-keramika.si\/it\/wp-json\/wp\/v2\/product_brand?post=5558"},{"taxonomy":"product_cat","embeddable":true,"href":"https:\/\/simak-keramika.si\/it\/wp-json\/wp\/v2\/product_cat?post=5558"},{"taxonomy":"product_tag","embeddable":true,"href":"https:\/\/simak-keramika.si\/it\/wp-json\/wp\/v2\/product_tag?post=5558"}],"curies":[{"name":"wp","href":"https:\/\/api.w.org\/{rel}","templated":true}]}}