{"id":5675,"date":"2026-01-19T22:09:08","date_gmt":"2026-01-19T22:09:08","guid":{"rendered":"https:\/\/simak-keramika.si\/product\/optimo-wc-skoljka-rimless-pocasno-zapiranjewc-pokrov\/"},"modified":"2026-04-24T18:45:24","modified_gmt":"2026-04-24T18:45:24","slug":"optimo-wc-skoljka-rimless-pocasno-zapiranjewc-pokrov","status":"publish","type":"product","link":"https:\/\/simak-keramika.si\/it\/prodotto\/optimo-wc-skoljka-rimless-pocasno-zapiranjewc-pokrov\/","title":{"rendered":"OPTIMO WC vaso senza bordo"},"content":{"rendered":"<p>Vise\u010da WC \u0161koljka OPTIMO rimless z duroplast WC desko Soft Close<\/p>\n<p>V kompletu je prilo\u017eena tudi duroplast WC deska z mehanizmom Soft Close, ki omogo\u010da tiho in mehko zapiranje brez udarcev in ropota. Duroplast je trpe\u017een material, odporen na praske in enostaven za \u010di\u0161\u010denje, zato je primeren za vsakodnevno uporabo.<\/p>\n<p data-start=\"402\" data-end=\"419\">Glavne prednosti:<\/p>\n<ul data-start=\"420\" data-end=\"728\">\n<li data-start=\"420\" data-end=\"473\">\n<p data-start=\"422\" data-end=\"473\">Rimless izvedba za bolj\u0161o higieno in la\u017eje \u010di\u0161\u010denje<\/p>\n<\/li>\n<li data-start=\"474\" data-end=\"549\">\n<p data-start=\"476\" data-end=\"549\">Vise\u010da (stensko montirana) \u0161koljka za moderen videz in la\u017eje \u010di\u0161\u010denje tal<\/p>\n<\/li>\n<li data-start=\"550\" data-end=\"598\">\n<p data-start=\"552\" data-end=\"598\">Soft Close deska za tiho zapiranje brez treska<\/p>\n<\/li>\n<li data-start=\"599\" data-end=\"659\">\n<p data-start=\"601\" data-end=\"659\">Material deske: duroplast (vzdr\u017eljiv, estetski, prakti\u010den)<\/p>\n<\/li>\n<li data-start=\"660\" data-end=\"728\">\n<p data-start=\"662\" data-end=\"728\">Elegantna bela barva, ki se lepo poda razli\u010dnim kopalni\u0161kim stilom<\/p>\n<\/li>\n<\/ul>\n<p data-start=\"730\" data-end=\"834\">Odli\u010dna izbira za vse, ki \u017eelijo sodoben izgled, prakti\u010dno uporabo in bolj napredne re\u0161itve v kopalnici.<\/p>\n<p>&nbsp;<\/p>\n<p>&nbsp;<\/p>\n<p>&nbsp;<\/p>","protected":false},"excerpt":{"rendered":"<p data-start=\"402\" data-end=\"419\">Glavne prednosti:<\/p>\n<ul data-start=\"420\" data-end=\"728\">\n<li data-start=\"420\" data-end=\"473\">\n<p data-start=\"422\" data-end=\"473\">Rimless izvedba za bolj\u0161o higieno in la\u017eje \u010di\u0161\u010denje<\/p>\n<\/li>\n<li data-start=\"474\" data-end=\"549\">\n<p data-start=\"476\" data-end=\"549\">Vise\u010da (stensko montirana) \u0161koljka za moderen videz in la\u017eje \u010di\u0161\u010denje tal<\/p>\n<\/li>\n<li data-start=\"550\" data-end=\"598\">\n<p data-start=\"552\" data-end=\"598\">Soft Close deska za tiho zapiranje brez treska<\/p>\n<\/li>\n<li data-start=\"599\" data-end=\"659\">\n<p data-start=\"601\" data-end=\"659\">Material deske: duroplast (vzdr\u017eljiv, estetski, prakti\u010den)<\/p>\n<\/li>\n<li data-start=\"660\" data-end=\"728\">\n<p data-start=\"662\" data-end=\"728\">Elegantna bela barva, ki se lepo poda razli\u010dnim kopalni\u0161kim stilom<\/p>\n<\/li>\n<\/ul>\n<p data-start=\"730\" data-end=\"834\">Odli\u010dna izbira za vse, ki \u017eelijo sodoben izgled, prakti\u010dno uporabo in bolj napredne re\u0161itve v kopalnici.<\/p>","protected":false},"featured_media":6564,"comment_status":"open","ping_status":"closed","template":"","meta":{"inline_featured_image":false},"product_brand":[],"product_cat":[47,52,53],"product_tag":[],"class_list":{"0":"post-5675","1":"product","2":"type-product","3":"status-publish","4":"has-post-thumbnail","6":"product_cat-kopalnica","7":"product_cat-sanitarna-keramika","8":"product_cat-wc-skoljke","10":"first","11":"instock","12":"shipping-taxable","13":"purchasable","14":"product-type-simple"},"_links":{"self":[{"href":"https:\/\/simak-keramika.si\/it\/wp-json\/wp\/v2\/product\/5675","targetHints":{"allow":["GET"]}}],"collection":[{"href":"https:\/\/simak-keramika.si\/it\/wp-json\/wp\/v2\/product"}],"about":[{"href":"https:\/\/simak-keramika.si\/it\/wp-json\/wp\/v2\/types\/product"}],"replies":[{"embeddable":true,"href":"https:\/\/simak-keramika.si\/it\/wp-json\/wp\/v2\/comments?post=5675"}],"wp:featuredmedia":[{"embeddable":true,"href":"https:\/\/simak-keramika.si\/it\/wp-json\/wp\/v2\/media\/6564"}],"wp:attachment":[{"href":"https:\/\/simak-keramika.si\/it\/wp-json\/wp\/v2\/media?parent=5675"}],"wp:term":[{"taxonomy":"product_brand","embeddable":true,"href":"https:\/\/simak-keramika.si\/it\/wp-json\/wp\/v2\/product_brand?post=5675"},{"taxonomy":"product_cat","embeddable":true,"href":"https:\/\/simak-keramika.si\/it\/wp-json\/wp\/v2\/product_cat?post=5675"},{"taxonomy":"product_tag","embeddable":true,"href":"https:\/\/simak-keramika.si\/it\/wp-json\/wp\/v2\/product_tag?post=5675"}],"curies":[{"name":"wp","href":"https:\/\/api.w.org\/{rel}","templated":true}]}}